{"id":2205,"date":"2025-07-29T14:54:58","date_gmt":"2025-07-29T12:54:58","guid":{"rendered":"https:\/\/tallershidrasol.com\/?page_id=2205"},"modified":"2025-07-30T18:57:11","modified_gmt":"2025-07-30T16:57:11","slug":"metodes-de-pagament","status":"publish","type":"page","link":"https:\/\/tallershidrasol.com\/ca\/metodes-de-pagament\/","title":{"rendered":"Metodes de pagament"},"content":{"rendered":"<div>\n<h2 style=\"text-align: center;\">M\u00c8TODE SEGUR DE PAGAMENT.<\/h2>\n<\/div>\n<div style=\"text-align: left;\">\n<p>Els pagaments de les comandes es poden fer amb targeta de cr\u00e8dit o d\u00e8bit a trav\u00e9s de <b><u>METODES PAGAMENT<\/u><\/b>.<\/p>\n<h3>Privadesa i seguretat<\/h3>\n<p>El sistema de pagament <b><u>METODES PAGAMENT<\/u><\/b>, s\u00f3n una manera fiable, segura i r\u00e0pida de fer pagaments per internet. En efecte, a l&#8217;\u00e9sser <b><u>METODES PAGAMENT<\/u><\/b> qui efectuen els cobraments directament als nostres clients, <b>TALLERS HIDRASOL S.L.<\/b> no tindr\u00e0 acc\u00e9s a les dades banc\u00e0ries d&#8217;aquests \u00faltims.<br \/>\nHem contractat el certificat SSL, el qual protegeix la privacitat de l&#8217;usuari mentre navega o compra a la web.<br \/>\nPer a m\u00e9s informaci\u00f3, consulteu la nostra <a href=\"\/&lt;u&gt;LINK-politica-de-privadesa\/&lt;\/u&gt;\">Pol\u00edtica de Privadesa.<\/a> i la nostra <a href=\"&lt;u&gt;LINK-\/politica-de-cookies&lt;\/u&gt;\/\">Pol\u00edtica de Cookies<\/a>.<\/p>\n<\/div>\n","protected":false},"excerpt":{"rendered":"<p>M\u00c8TODE SEGUR DE PAGAMENT. Els pagaments de les comandes es  [&#8230;]<\/p>\n","protected":false},"author":1,"featured_media":0,"parent":0,"menu_order":0,"comment_status":"closed","ping_status":"closed","template":"100-width.php","meta":{"footnotes":""},"class_list":["post-2205","page","type-page","status-publish","hentry"],"yoast_head":"<!-- This site is optimized with the Yoast SEO plugin v25.6 - https:\/\/yoast.com\/wordpress\/plugins\/seo\/ -->\n<title>Metodes de pagament - Tallers Hidrasol<\/title>\n<meta name=\"robots\" content=\"index, follow, max-snippet:-1, max-image-preview:large, max-video-preview:-1\" \/>\n<link rel=\"canonical\" href=\"https:\/\/tallershidrasol.com\/ca\/metodes-de-pagament\/\" \/>\n<meta property=\"og:locale\" content=\"ca_ES\" \/>\n<meta property=\"og:type\" content=\"article\" \/>\n<meta property=\"og:title\" content=\"Metodes de pagament - Tallers Hidrasol\" \/>\n<meta property=\"og:description\" content=\"M\u00c8TODE SEGUR DE PAGAMENT. Els pagaments de les comandes es [...]\" \/>\n<meta property=\"og:url\" content=\"https:\/\/tallershidrasol.com\/ca\/metodes-de-pagament\/\" \/>\n<meta property=\"og:site_name\" content=\"Tallers Hidrasol\" \/>\n<meta property=\"article:modified_time\" content=\"2025-07-30T16:57:11+00:00\" \/>\n<meta name=\"twitter:card\" content=\"summary_large_image\" \/>\n<script type=\"application\/ld+json\" class=\"yoast-schema-graph\">{\"@context\":\"https:\/\/schema.org\",\"@graph\":[{\"@type\":\"WebPage\",\"@id\":\"https:\/\/tallershidrasol.com\/ca\/metodes-de-pagament\/\",\"url\":\"https:\/\/tallershidrasol.com\/ca\/metodes-de-pagament\/\",\"name\":\"Metodes de pagament - Tallers Hidrasol\",\"isPartOf\":{\"@id\":\"https:\/\/tallershidrasol.com\/ca\/#website\"},\"datePublished\":\"2025-07-29T12:54:58+00:00\",\"dateModified\":\"2025-07-30T16:57:11+00:00\",\"breadcrumb\":{\"@id\":\"https:\/\/tallershidrasol.com\/ca\/metodes-de-pagament\/#breadcrumb\"},\"inLanguage\":\"ca\",\"potentialAction\":[{\"@type\":\"ReadAction\",\"target\":[\"https:\/\/tallershidrasol.com\/ca\/metodes-de-pagament\/\"]}]},{\"@type\":\"BreadcrumbList\",\"@id\":\"https:\/\/tallershidrasol.com\/ca\/metodes-de-pagament\/#breadcrumb\",\"itemListElement\":[{\"@type\":\"ListItem\",\"position\":1,\"name\":\"Portada\",\"item\":\"https:\/\/tallershidrasol.com\/ca\/tallers-hidrasol-manteniments-industrials-hidraulica-soldadura\/\"},{\"@type\":\"ListItem\",\"position\":2,\"name\":\"Metodes de pagament\"}]},{\"@type\":\"WebSite\",\"@id\":\"https:\/\/tallershidrasol.com\/ca\/#website\",\"url\":\"https:\/\/tallershidrasol.com\/ca\/\",\"name\":\"Tallers Hidrasol\",\"description\":\"Manteniments Industrials - Hidr\u00e0ulica - Soldadura\",\"potentialAction\":[{\"@type\":\"SearchAction\",\"target\":{\"@type\":\"EntryPoint\",\"urlTemplate\":\"https:\/\/tallershidrasol.com\/ca\/?s={search_term_string}\"},\"query-input\":{\"@type\":\"PropertyValueSpecification\",\"valueRequired\":true,\"valueName\":\"search_term_string\"}}],\"inLanguage\":\"ca\"}]}<\/script>\n<!-- \/ Yoast SEO plugin. -->","yoast_head_json":{"title":"Metodes de pagament - Tallers Hidrasol","robots":{"index":"index","follow":"follow","max-snippet":"max-snippet:-1","max-image-preview":"max-image-preview:large","max-video-preview":"max-video-preview:-1"},"canonical":"https:\/\/tallershidrasol.com\/ca\/metodes-de-pagament\/","og_locale":"ca_ES","og_type":"article","og_title":"Metodes de pagament - Tallers Hidrasol","og_description":"M\u00c8TODE SEGUR DE PAGAMENT. Els pagaments de les comandes es [...]","og_url":"https:\/\/tallershidrasol.com\/ca\/metodes-de-pagament\/","og_site_name":"Tallers Hidrasol","article_modified_time":"2025-07-30T16:57:11+00:00","twitter_card":"summary_large_image","schema":{"@context":"https:\/\/schema.org","@graph":[{"@type":"WebPage","@id":"https:\/\/tallershidrasol.com\/ca\/metodes-de-pagament\/","url":"https:\/\/tallershidrasol.com\/ca\/metodes-de-pagament\/","name":"Metodes de pagament - Tallers Hidrasol","isPartOf":{"@id":"https:\/\/tallershidrasol.com\/ca\/#website"},"datePublished":"2025-07-29T12:54:58+00:00","dateModified":"2025-07-30T16:57:11+00:00","breadcrumb":{"@id":"https:\/\/tallershidrasol.com\/ca\/metodes-de-pagament\/#breadcrumb"},"inLanguage":"ca","potentialAction":[{"@type":"ReadAction","target":["https:\/\/tallershidrasol.com\/ca\/metodes-de-pagament\/"]}]},{"@type":"BreadcrumbList","@id":"https:\/\/tallershidrasol.com\/ca\/metodes-de-pagament\/#breadcrumb","itemListElement":[{"@type":"ListItem","position":1,"name":"Portada","item":"https:\/\/tallershidrasol.com\/ca\/tallers-hidrasol-manteniments-industrials-hidraulica-soldadura\/"},{"@type":"ListItem","position":2,"name":"Metodes de pagament"}]},{"@type":"WebSite","@id":"https:\/\/tallershidrasol.com\/ca\/#website","url":"https:\/\/tallershidrasol.com\/ca\/","name":"Tallers Hidrasol","description":"Manteniments Industrials - Hidr\u00e0ulica - Soldadura","potentialAction":[{"@type":"SearchAction","target":{"@type":"EntryPoint","urlTemplate":"https:\/\/tallershidrasol.com\/ca\/?s={search_term_string}"},"query-input":{"@type":"PropertyValueSpecification","valueRequired":true,"valueName":"search_term_string"}}],"inLanguage":"ca"}]}},"_links":{"self":[{"href":"https:\/\/tallershidrasol.com\/ca\/wp-json\/wp\/v2\/pages\/2205","targetHints":{"allow":["GET"]}}],"collection":[{"href":"https:\/\/tallershidrasol.com\/ca\/wp-json\/wp\/v2\/pages"}],"about":[{"href":"https:\/\/tallershidrasol.com\/ca\/wp-json\/wp\/v2\/types\/page"}],"author":[{"embeddable":true,"href":"https:\/\/tallershidrasol.com\/ca\/wp-json\/wp\/v2\/users\/1"}],"replies":[{"embeddable":true,"href":"https:\/\/tallershidrasol.com\/ca\/wp-json\/wp\/v2\/comments?post=2205"}],"version-history":[{"count":1,"href":"https:\/\/tallershidrasol.com\/ca\/wp-json\/wp\/v2\/pages\/2205\/revisions"}],"predecessor-version":[{"id":2206,"href":"https:\/\/tallershidrasol.com\/ca\/wp-json\/wp\/v2\/pages\/2205\/revisions\/2206"}],"wp:attachment":[{"href":"https:\/\/tallershidrasol.com\/ca\/wp-json\/wp\/v2\/media?parent=2205"}],"curies":[{"name":"wp","href":"https:\/\/api.w.org\/{rel}","templated":true}]}}