{"id":2244,"date":"2025-07-30T14:42:05","date_gmt":"2025-07-30T12:42:05","guid":{"rendered":"https:\/\/tallershidrasol.com\/producte\/desbrossadora-de-martells-super-loire-brac-lateral-hidraulic-1-3\/"},"modified":"2025-08-26T12:04:06","modified_gmt":"2025-08-26T10:04:06","slug":"desbrossadora-de-martells-super-loire-brac-lateral-hidraulic-1-3","status":"publish","type":"product","link":"https:\/\/tallershidrasol.com\/ca\/producte\/desbrossadora-de-martells-super-loire-brac-lateral-hidraulic-1-3\/","title":{"rendered":"Desbrossadora de Martells Super Loire &#8211; Bra\u00e7 Lateral Hidr\u00e0ulic 1.3"},"content":{"rendered":"<h2>Control total i tall professional des del tractor<\/h2>\n<p data-start=\"295\" data-end=\"694\">La <strong data-start=\"316\" data-end=\"357\">desbrossadora de martells SUPER LOIRE<\/strong> est\u00e0 equipada amb un <strong data-start=\"379\" data-end=\"437\">bra\u00e7 lateral hidr\u00e0ulic amb control electrohidr\u00e0ulic,<\/strong> cosa que permet operar tots els seus moviments directament des de la cabina mitjan\u00e7ant <strong data-start=\"521\" data-end=\"533\">joystick<\/strong>, amb precisi\u00f3 i comoditat. Est\u00e0 dissenyada per esbrossar <strong data-start=\"591\" data-end=\"620\">herba, arbustos i males herbes<\/strong> en cunetes, talussos, vores de camins i altres zones de dif\u00edcil acc\u00e9s. <\/p>\n<p data-start=\"696\" data-end=\"1077\">Gr\u00e0cies al seu <strong data-start=\"709\" data-end=\"755\">cap\u00e7al amb corr\u00f3 de tall bidireccional<\/strong>, aquesta m\u00e0quina ofereix una major efici\u00e8ncia de treball, tant cap endavant com en retroc\u00e9s. El <strong data-start=\"853\" data-end=\"887\">grup hidr\u00e0ulic independent<\/strong> assegura un rendiment constant, fins i tot durant jornades perllongades.  <\/p>\n<h4 data-start=\"1084\" data-end=\"1109\"><strong data-start=\"1084\" data-end=\"1109\">AVANTATGES:<\/strong><\/h4>\n<ul data-start=\"1111\" data-end=\"1519\">\n<li data-start=\"1111\" data-end=\"1213\">\n<p data-start=\"1113\" data-end=\"1213\"><strong data-start=\"1113\" data-end=\"1155\">Joystick de control electrohidr\u00e0ulic:<\/strong> maneig prec\u00eds del bra\u00e7 i el cap\u00e7al des del tractor.<\/p>\n<\/li>\n<li data-start=\"1214\" data-end=\"1295\">\n<p data-start=\"1216\" data-end=\"1295\"><strong data-start=\"1216\" data-end=\"1255\">Bra\u00e7 amb control lateral complet:<\/strong> versatilitat en terrenys irregulars.<\/p>\n<\/li>\n<li data-start=\"1296\" data-end=\"1391\">\n<p data-start=\"1298\" data-end=\"1391\"><strong data-start=\"1298\" data-end=\"1345\">Cap\u00e7al amb corr\u00f3 de tall bidireccional:<\/strong> efici\u00e8ncia en les dues direccions de treball.<\/p>\n<\/li>\n<li data-start=\"1392\" data-end=\"1466\">\n<p data-start=\"1394\" data-end=\"1466\"><strong data-start=\"1394\" data-end=\"1422\">Grup hidr\u00e0ulic propi:<\/strong> autonomia i alt rendiment garantit.<\/p>\n<\/li>\n<li data-start=\"1467\" data-end=\"1519\">\n<p data-start=\"1469\" data-end=\"1519\"><strong data-start=\"1469\" data-end=\"1489\">Cardan incl\u00f2s:<\/strong> llista per connectar i utilitzar.<\/p>\n<\/li>\n<\/ul>\n<p><strong>Dissenyada per als qui necessiten m\u00e0xima maniobrabilitat i control des de la cabina.<\/strong><\/p>\n<h4>INFORMACI\u00d3 ADICIONAL:<\/h4>\n<ul>\n<li><strong>AT:<\/strong> 1250<\/li>\n<li><strong>KG:<\/strong> 1000<\/li>\n<li><strong>MARTELLS:<\/strong> 26<\/li>\n<li><strong>HP:<\/strong> 200<\/li>\n<li><strong>PTO:<\/strong> 540<\/li>\n<li><strong>A: <\/strong>5350 mm<\/li>\n<li><strong>B:<\/strong> 3900 mm<\/li>\n<li><strong>C:<\/strong> 1220 mm<\/li>\n<li><strong>D:<\/strong> 2800 mm<\/li>\n<li><strong>E:<\/strong> 5480 mm<\/li>\n<li><strong>F:<\/strong> 990 mm<\/li>\n<li><strong>G:<\/strong> 1800 mm<\/li>\n<li><strong>H:<\/strong> 4800 mm<\/li>\n<\/ul>\n","protected":false},"excerpt":{"rendered":"<p data-start=\"1526\" data-end=\"1655\">Desbrossadora vers\u00e0til amb bra\u00e7 hidr\u00e0ulic i joystick, ideal per arbustos i males herbes en terrenys complexos.<\/p>\n","protected":false},"featured_media":1765,"comment_status":"open","ping_status":"closed","template":"","meta":[],"product_brand":[784,768],"product_cat":[422,420],"product_tag":[],"class_list":{"0":"post-2244","1":"product","2":"type-product","3":"status-publish","4":"has-post-thumbnail","6":"product_brand-loire-ca","7":"product_brand-zeppelin-ca","8":"product_cat-desbrossadora","9":"product_cat-maquinaria-agricola-ca","11":"first","12":"instock","13":"featured","14":"taxable","15":"shipping-taxable","16":"purchasable","17":"product-type-simple"},"yoast_head":"<!-- This site is optimized with the Yoast SEO plugin v25.6 - https:\/\/yoast.com\/wordpress\/plugins\/seo\/ -->\n<title>Desbrossadora de Martells Super Loire - Bra\u00e7 Lateral Hidr\u00e0ulic 1.3 - Tallers Hidrasol<\/title>\n<meta name=\"robots\" content=\"index, follow, max-snippet:-1, max-image-preview:large, max-video-preview:-1\" \/>\n<link rel=\"canonical\" href=\"https:\/\/tallershidrasol.com\/ca\/producte\/desbrossadora-de-martells-super-loire-brac-lateral-hidraulic-1-3\/\" \/>\n<meta property=\"og:locale\" content=\"ca_ES\" \/>\n<meta property=\"og:type\" content=\"article\" \/>\n<meta property=\"og:title\" content=\"Desbrossadora de Martells Super Loire - Bra\u00e7 Lateral Hidr\u00e0ulic 1.3 - Tallers Hidrasol\" \/>\n<meta property=\"og:description\" content=\"Desbrossadora vers\u00e0til amb bra\u00e7 hidr\u00e0ulic i joystick, ideal per arbustos i males herbes en terrenys complexos.\" \/>\n<meta property=\"og:url\" content=\"https:\/\/tallershidrasol.com\/ca\/producte\/desbrossadora-de-martells-super-loire-brac-lateral-hidraulic-1-3\/\" \/>\n<meta property=\"og:site_name\" content=\"Tallers Hidrasol\" \/>\n<meta property=\"article:modified_time\" content=\"2025-08-26T10:04:06+00:00\" \/>\n<meta property=\"og:image\" content=\"https:\/\/tallershidrasol.com\/wp-content\/uploads\/2025\/07\/ESDESB1300HREF2-1024x768-1.jpg\" \/>\n\t<meta property=\"og:image:width\" content=\"1024\" \/>\n\t<meta property=\"og:image:height\" content=\"768\" \/>\n\t<meta property=\"og:image:type\" content=\"image\/jpeg\" \/>\n<meta name=\"twitter:card\" content=\"summary_large_image\" \/>\n<meta name=\"twitter:label1\" content=\"Temps estimat de lectura\" \/>\n\t<meta name=\"twitter:data1\" content=\"1 minut\" \/>\n<script type=\"application\/ld+json\" class=\"yoast-schema-graph\">{\"@context\":\"https:\/\/schema.org\",\"@graph\":[{\"@type\":\"WebPage\",\"@id\":\"https:\/\/tallershidrasol.com\/ca\/producte\/desbrossadora-de-martells-super-loire-brac-lateral-hidraulic-1-3\/\",\"url\":\"https:\/\/tallershidrasol.com\/ca\/producte\/desbrossadora-de-martells-super-loire-brac-lateral-hidraulic-1-3\/\",\"name\":\"Desbrossadora de Martells Super Loire - Bra\u00e7 Lateral Hidr\u00e0ulic 1.3 - Tallers Hidrasol\",\"isPartOf\":{\"@id\":\"https:\/\/tallershidrasol.com\/ca\/#website\"},\"primaryImageOfPage\":{\"@id\":\"https:\/\/tallershidrasol.com\/ca\/producte\/desbrossadora-de-martells-super-loire-brac-lateral-hidraulic-1-3\/#primaryimage\"},\"image\":{\"@id\":\"https:\/\/tallershidrasol.com\/ca\/producte\/desbrossadora-de-martells-super-loire-brac-lateral-hidraulic-1-3\/#primaryimage\"},\"thumbnailUrl\":\"https:\/\/tallershidrasol.com\/wp-content\/uploads\/2025\/07\/ESDESB1300HREF2-1024x768-1.jpg\",\"datePublished\":\"2025-07-30T12:42:05+00:00\",\"dateModified\":\"2025-08-26T10:04:06+00:00\",\"breadcrumb\":{\"@id\":\"https:\/\/tallershidrasol.com\/ca\/producte\/desbrossadora-de-martells-super-loire-brac-lateral-hidraulic-1-3\/#breadcrumb\"},\"inLanguage\":\"ca\",\"potentialAction\":[{\"@type\":\"ReadAction\",\"target\":[\"https:\/\/tallershidrasol.com\/ca\/producte\/desbrossadora-de-martells-super-loire-brac-lateral-hidraulic-1-3\/\"]}]},{\"@type\":\"ImageObject\",\"inLanguage\":\"ca\",\"@id\":\"https:\/\/tallershidrasol.com\/ca\/producte\/desbrossadora-de-martells-super-loire-brac-lateral-hidraulic-1-3\/#primaryimage\",\"url\":\"https:\/\/tallershidrasol.com\/wp-content\/uploads\/2025\/07\/ESDESB1300HREF2-1024x768-1.jpg\",\"contentUrl\":\"https:\/\/tallershidrasol.com\/wp-content\/uploads\/2025\/07\/ESDESB1300HREF2-1024x768-1.jpg\",\"width\":1024,\"height\":768},{\"@type\":\"BreadcrumbList\",\"@id\":\"https:\/\/tallershidrasol.com\/ca\/producte\/desbrossadora-de-martells-super-loire-brac-lateral-hidraulic-1-3\/#breadcrumb\",\"itemListElement\":[{\"@type\":\"ListItem\",\"position\":1,\"name\":\"Portada\",\"item\":\"https:\/\/tallershidrasol.com\/ca\/tallers-hidrasol-manteniments-industrials-hidraulica-soldadura\/\"},{\"@type\":\"ListItem\",\"position\":2,\"name\":\"Botiga online\",\"item\":\"https:\/\/tallershidrasol.com\/ca\/botiga-online\/\"},{\"@type\":\"ListItem\",\"position\":3,\"name\":\"Desbrossadora de Martells Super Loire &#8211; Bra\u00e7 Lateral Hidr\u00e0ulic 1.3\"}]},{\"@type\":\"WebSite\",\"@id\":\"https:\/\/tallershidrasol.com\/ca\/#website\",\"url\":\"https:\/\/tallershidrasol.com\/ca\/\",\"name\":\"Tallers Hidrasol\",\"description\":\"Manteniments Industrials - Hidr\u00e0ulica - Soldadura\",\"potentialAction\":[{\"@type\":\"SearchAction\",\"target\":{\"@type\":\"EntryPoint\",\"urlTemplate\":\"https:\/\/tallershidrasol.com\/ca\/?s={search_term_string}\"},\"query-input\":{\"@type\":\"PropertyValueSpecification\",\"valueRequired\":true,\"valueName\":\"search_term_string\"}}],\"inLanguage\":\"ca\"}]}<\/script>\n<!-- \/ Yoast SEO plugin. -->","yoast_head_json":{"title":"Desbrossadora de Martells Super Loire - Bra\u00e7 Lateral Hidr\u00e0ulic 1.3 - Tallers Hidrasol","robots":{"index":"index","follow":"follow","max-snippet":"max-snippet:-1","max-image-preview":"max-image-preview:large","max-video-preview":"max-video-preview:-1"},"canonical":"https:\/\/tallershidrasol.com\/ca\/producte\/desbrossadora-de-martells-super-loire-brac-lateral-hidraulic-1-3\/","og_locale":"ca_ES","og_type":"article","og_title":"Desbrossadora de Martells Super Loire - Bra\u00e7 Lateral Hidr\u00e0ulic 1.3 - Tallers Hidrasol","og_description":"Desbrossadora vers\u00e0til amb bra\u00e7 hidr\u00e0ulic i joystick, ideal per arbustos i males herbes en terrenys complexos.","og_url":"https:\/\/tallershidrasol.com\/ca\/producte\/desbrossadora-de-martells-super-loire-brac-lateral-hidraulic-1-3\/","og_site_name":"Tallers Hidrasol","article_modified_time":"2025-08-26T10:04:06+00:00","og_image":[{"width":1024,"height":768,"url":"https:\/\/tallershidrasol.com\/wp-content\/uploads\/2025\/07\/ESDESB1300HREF2-1024x768-1.jpg","type":"image\/jpeg"}],"twitter_card":"summary_large_image","twitter_misc":{"Temps estimat de lectura":"1 minut"},"schema":{"@context":"https:\/\/schema.org","@graph":[{"@type":"WebPage","@id":"https:\/\/tallershidrasol.com\/ca\/producte\/desbrossadora-de-martells-super-loire-brac-lateral-hidraulic-1-3\/","url":"https:\/\/tallershidrasol.com\/ca\/producte\/desbrossadora-de-martells-super-loire-brac-lateral-hidraulic-1-3\/","name":"Desbrossadora de Martells Super Loire - Bra\u00e7 Lateral Hidr\u00e0ulic 1.3 - Tallers Hidrasol","isPartOf":{"@id":"https:\/\/tallershidrasol.com\/ca\/#website"},"primaryImageOfPage":{"@id":"https:\/\/tallershidrasol.com\/ca\/producte\/desbrossadora-de-martells-super-loire-brac-lateral-hidraulic-1-3\/#primaryimage"},"image":{"@id":"https:\/\/tallershidrasol.com\/ca\/producte\/desbrossadora-de-martells-super-loire-brac-lateral-hidraulic-1-3\/#primaryimage"},"thumbnailUrl":"https:\/\/tallershidrasol.com\/wp-content\/uploads\/2025\/07\/ESDESB1300HREF2-1024x768-1.jpg","datePublished":"2025-07-30T12:42:05+00:00","dateModified":"2025-08-26T10:04:06+00:00","breadcrumb":{"@id":"https:\/\/tallershidrasol.com\/ca\/producte\/desbrossadora-de-martells-super-loire-brac-lateral-hidraulic-1-3\/#breadcrumb"},"inLanguage":"ca","potentialAction":[{"@type":"ReadAction","target":["https:\/\/tallershidrasol.com\/ca\/producte\/desbrossadora-de-martells-super-loire-brac-lateral-hidraulic-1-3\/"]}]},{"@type":"ImageObject","inLanguage":"ca","@id":"https:\/\/tallershidrasol.com\/ca\/producte\/desbrossadora-de-martells-super-loire-brac-lateral-hidraulic-1-3\/#primaryimage","url":"https:\/\/tallershidrasol.com\/wp-content\/uploads\/2025\/07\/ESDESB1300HREF2-1024x768-1.jpg","contentUrl":"https:\/\/tallershidrasol.com\/wp-content\/uploads\/2025\/07\/ESDESB1300HREF2-1024x768-1.jpg","width":1024,"height":768},{"@type":"BreadcrumbList","@id":"https:\/\/tallershidrasol.com\/ca\/producte\/desbrossadora-de-martells-super-loire-brac-lateral-hidraulic-1-3\/#breadcrumb","itemListElement":[{"@type":"ListItem","position":1,"name":"Portada","item":"https:\/\/tallershidrasol.com\/ca\/tallers-hidrasol-manteniments-industrials-hidraulica-soldadura\/"},{"@type":"ListItem","position":2,"name":"Botiga online","item":"https:\/\/tallershidrasol.com\/ca\/botiga-online\/"},{"@type":"ListItem","position":3,"name":"Desbrossadora de Martells Super Loire &#8211; Bra\u00e7 Lateral Hidr\u00e0ulic 1.3"}]},{"@type":"WebSite","@id":"https:\/\/tallershidrasol.com\/ca\/#website","url":"https:\/\/tallershidrasol.com\/ca\/","name":"Tallers Hidrasol","description":"Manteniments Industrials - Hidr\u00e0ulica - Soldadura","potentialAction":[{"@type":"SearchAction","target":{"@type":"EntryPoint","urlTemplate":"https:\/\/tallershidrasol.com\/ca\/?s={search_term_string}"},"query-input":{"@type":"PropertyValueSpecification","valueRequired":true,"valueName":"search_term_string"}}],"inLanguage":"ca"}]}},"_links":{"self":[{"href":"https:\/\/tallershidrasol.com\/ca\/wp-json\/wp\/v2\/product\/2244","targetHints":{"allow":["GET"]}}],"collection":[{"href":"https:\/\/tallershidrasol.com\/ca\/wp-json\/wp\/v2\/product"}],"about":[{"href":"https:\/\/tallershidrasol.com\/ca\/wp-json\/wp\/v2\/types\/product"}],"replies":[{"embeddable":true,"href":"https:\/\/tallershidrasol.com\/ca\/wp-json\/wp\/v2\/comments?post=2244"}],"wp:featuredmedia":[{"embeddable":true,"href":"https:\/\/tallershidrasol.com\/ca\/wp-json\/wp\/v2\/media\/1765"}],"wp:attachment":[{"href":"https:\/\/tallershidrasol.com\/ca\/wp-json\/wp\/v2\/media?parent=2244"}],"wp:term":[{"taxonomy":"product_brand","embeddable":true,"href":"https:\/\/tallershidrasol.com\/ca\/wp-json\/wp\/v2\/product_brand?post=2244"},{"taxonomy":"product_cat","embeddable":true,"href":"https:\/\/tallershidrasol.com\/ca\/wp-json\/wp\/v2\/product_cat?post=2244"},{"taxonomy":"product_tag","embeddable":true,"href":"https:\/\/tallershidrasol.com\/ca\/wp-json\/wp\/v2\/product_tag?post=2244"}],"curies":[{"name":"wp","href":"https:\/\/api.w.org\/{rel}","templated":true}]}}