{"id":2279,"date":"2025-07-29T11:51:42","date_gmt":"2025-07-29T09:51:42","guid":{"rendered":"https:\/\/tallershidrasol.com\/producte\/trituradora-150z-martells-amb-tolva-top-pick-up\/"},"modified":"2025-08-26T13:45:24","modified_gmt":"2025-08-26T11:45:24","slug":"trituradora-150z-martells-amb-tolva-top-pick-up","status":"publish","type":"product","link":"https:\/\/tallershidrasol.com\/ca\/producte\/trituradora-150z-martells-amb-tolva-top-pick-up\/","title":{"rendered":"Trituradora 150Z Martells amb Tolva &#8211; Top Pick Up"},"content":{"rendered":"<h2 data-start=\"290\" data-end=\"369\">Trituradora amb tremuja i sortida en alt per a poda a vinya i oliverar<\/h2>\n<p data-start=\"376\" data-end=\"833\">La <strong data-start=\"398\" data-end=\"427\">ZEPPELIN 150Z TOP PICK UP<\/strong> \u00e9s una trituradora especialitzada en la gesti\u00f3 de <strong data-start=\"478\" data-end=\"513\">restes de poda a vinya i olivera<\/strong>, amb capacitat de triturat de<strong data-start=\"545\" data-end=\"572\"> fins a 10 cm de di\u00e0metre<\/strong>. Equipada amb <strong data-start=\"587\" data-end=\"625\">tremuja de recollida i sortida en alt,<\/strong> permet descarregar directament el material triturat en un remolc, gr\u00e0cies al seu <strong data-start=\"709\" data-end=\"739\">enganxall del darrere integrat<\/strong>. Aix\u00f2 fa que el proc\u00e9s de recol\u00b7lecci\u00f3 sigui m\u00e9s net, eficient i c\u00f2mode per a loperador.  <\/p>\n<p data-start=\"835\" data-end=\"1138\">Compte amb un sistema de <strong data-start=\"860\" data-end=\"916\">pues de recollida i rodet alimentador independent<\/strong>, ambd\u00f3s <strong data-start=\"924\" data-end=\"958\">regulats per motor hidr\u00e0ulic<\/strong>, que assegura una alimentaci\u00f3 constant del material. \u00c9s una opci\u00f3 ideal per als que busquen una soluci\u00f3 professional de trituraci\u00f3 combinada amb recollida immediata del residu. <\/p>\n<h4 data-start=\"1145\" data-end=\"1158\"><strong data-start=\"1145\" data-end=\"1158\">AVANTATGES:<\/strong><\/h4>\n<ul data-start=\"1160\" data-end=\"1600\">\n<li data-start=\"1160\" data-end=\"1238\">\n<p data-start=\"1162\" data-end=\"1238\"><strong data-start=\"1162\" data-end=\"1193\">Motor hidr\u00e0ulic regulable:<\/strong> control eficient del rodet alimentador.<\/p>\n<\/li>\n<li data-start=\"1239\" data-end=\"1329\">\n<p data-start=\"1241\" data-end=\"1329\"><strong data-start=\"1241\" data-end=\"1287\">Pues i corr\u00f3 alimentador independents:<\/strong> pretriturat fluid sense interrupcions.<\/p>\n<\/li>\n<li data-start=\"1330\" data-end=\"1399\">\n<p data-start=\"1332\" data-end=\"1399\"><strong data-start=\"1332\" data-end=\"1367\">Eix de martells (18 unitats):<\/strong> trituraci\u00f3 robusta i efica\u00e7.<\/p>\n<\/li>\n<li data-start=\"1400\" data-end=\"1475\">\n<p data-start=\"1402\" data-end=\"1475\"><strong data-start=\"1402\" data-end=\"1437\">Eixos refor\u00e7ats i proteccions:<\/strong> durabilitat i seguretat refor\u00e7ades.<\/p>\n<\/li>\n<li data-start=\"1476\" data-end=\"1545\">\n<p data-start=\"1478\" data-end=\"1545\"><strong data-start=\"1478\" data-end=\"1510\">Ajustament de corretges accessible: <\/strong>manteniment r\u00e0pid i senzill.<\/p>\n<\/li>\n<li data-start=\"1546\" data-end=\"1600\">\n<p data-start=\"1548\" data-end=\"1600\"><strong data-start=\"1548\" data-end=\"1568\">Cardan incl\u00f2s: <\/strong>llest per connectar i treballar.<\/p>\n<\/li>\n<\/ul>\n<p data-start=\"1607\" data-end=\"1733\"><strong>Tritura i recull en un sol pas.<\/strong><\/p>\n<h4 data-start=\"1607\" data-end=\"1733\">INFORMACI\u00d3 ADICIONAL:<\/h4>\n<ul>\n<li data-start=\"1607\" data-end=\"1733\"><strong>AMPLE TREBALL:<\/strong> 1500 mm<\/li>\n<li data-start=\"1607\" data-end=\"1733\"><strong>KG:<\/strong> 862<\/li>\n<li data-start=\"1607\" data-end=\"1733\"><strong>CORRETGES:<\/strong> 4<\/li>\n<li data-start=\"1607\" data-end=\"1733\"><strong>MARTELLS:<\/strong> 18<\/li>\n<li data-start=\"1607\" data-end=\"1733\"><strong>PTO:<\/strong> 540<\/li>\n<li data-start=\"1607\" data-end=\"1733\"><strong>HP:<\/strong> 110<\/li>\n<li data-start=\"1607\" data-end=\"1733\"><strong>AMPLE:<\/strong> 1035 mm<\/li>\n<li data-start=\"1607\" data-end=\"1733\"><strong>LLARG:<\/strong> 1800 mm<\/li>\n<li data-start=\"1607\" data-end=\"1733\"><strong>ALT:<\/strong> 1520 mm<\/li>\n<\/ul>\n","protected":false},"excerpt":{"rendered":"<p>Trituradora amb tremuja de desc\u00e0rrega enlaire per a poda de vinyes i oliverars, amb alimentaci\u00f3 hidr\u00e0ulica.<\/p>\n","protected":false},"featured_media":1541,"comment_status":"open","ping_status":"closed","template":"","meta":[],"product_brand":[785,780,768],"product_cat":[420,425],"product_tag":[],"class_list":{"0":"post-2279","1":"product","2":"type-product","3":"status-publish","4":"has-post-thumbnail","6":"product_brand-series-top-ca","7":"product_brand-top-pick-up-ca","8":"product_brand-zeppelin-ca","9":"product_cat-maquinaria-agricola-ca","10":"product_cat-trituradora-ca","12":"first","13":"instock","14":"featured","15":"taxable","16":"shipping-taxable","17":"purchasable","18":"product-type-simple"},"yoast_head":"<!-- This site is optimized with the Yoast SEO plugin v25.6 - https:\/\/yoast.com\/wordpress\/plugins\/seo\/ -->\n<title>Trituradora 150Z Martells amb Tolva - Top Pick Up - Tallers Hidrasol<\/title>\n<meta name=\"robots\" content=\"index, follow, max-snippet:-1, max-image-preview:large, max-video-preview:-1\" \/>\n<link rel=\"canonical\" href=\"https:\/\/tallershidrasol.com\/ca\/producte\/trituradora-150z-martells-amb-tolva-top-pick-up\/\" \/>\n<meta property=\"og:locale\" content=\"ca_ES\" \/>\n<meta property=\"og:type\" content=\"article\" \/>\n<meta property=\"og:title\" content=\"Trituradora 150Z Martells amb Tolva - Top Pick Up - Tallers Hidrasol\" \/>\n<meta property=\"og:description\" content=\"Trituradora amb tremuja de desc\u00e0rrega enlaire per a poda de vinyes i oliverars, amb alimentaci\u00f3 hidr\u00e0ulica.\" \/>\n<meta property=\"og:url\" content=\"https:\/\/tallershidrasol.com\/ca\/producte\/trituradora-150z-martells-amb-tolva-top-pick-up\/\" \/>\n<meta property=\"og:site_name\" content=\"Tallers Hidrasol\" \/>\n<meta property=\"article:modified_time\" content=\"2025-08-26T11:45:24+00:00\" \/>\n<meta property=\"og:image\" content=\"https:\/\/tallershidrasol.com\/wp-content\/uploads\/2025\/07\/trituradora_tolva_2025-07-29_114148-removebg-preview.png\" \/>\n\t<meta property=\"og:image:width\" content=\"722\" \/>\n\t<meta property=\"og:image:height\" content=\"346\" \/>\n\t<meta property=\"og:image:type\" content=\"image\/png\" \/>\n<meta name=\"twitter:card\" content=\"summary_large_image\" \/>\n<meta name=\"twitter:label1\" content=\"Temps estimat de lectura\" \/>\n\t<meta name=\"twitter:data1\" content=\"1 minut\" \/>\n<script type=\"application\/ld+json\" class=\"yoast-schema-graph\">{\"@context\":\"https:\/\/schema.org\",\"@graph\":[{\"@type\":\"WebPage\",\"@id\":\"https:\/\/tallershidrasol.com\/ca\/producte\/trituradora-150z-martells-amb-tolva-top-pick-up\/\",\"url\":\"https:\/\/tallershidrasol.com\/ca\/producte\/trituradora-150z-martells-amb-tolva-top-pick-up\/\",\"name\":\"Trituradora 150Z Martells amb Tolva - Top Pick Up - Tallers Hidrasol\",\"isPartOf\":{\"@id\":\"https:\/\/tallershidrasol.com\/ca\/#website\"},\"primaryImageOfPage\":{\"@id\":\"https:\/\/tallershidrasol.com\/ca\/producte\/trituradora-150z-martells-amb-tolva-top-pick-up\/#primaryimage\"},\"image\":{\"@id\":\"https:\/\/tallershidrasol.com\/ca\/producte\/trituradora-150z-martells-amb-tolva-top-pick-up\/#primaryimage\"},\"thumbnailUrl\":\"https:\/\/tallershidrasol.com\/wp-content\/uploads\/2025\/07\/trituradora_tolva_2025-07-29_114148-removebg-preview.png\",\"datePublished\":\"2025-07-29T09:51:42+00:00\",\"dateModified\":\"2025-08-26T11:45:24+00:00\",\"breadcrumb\":{\"@id\":\"https:\/\/tallershidrasol.com\/ca\/producte\/trituradora-150z-martells-amb-tolva-top-pick-up\/#breadcrumb\"},\"inLanguage\":\"ca\",\"potentialAction\":[{\"@type\":\"ReadAction\",\"target\":[\"https:\/\/tallershidrasol.com\/ca\/producte\/trituradora-150z-martells-amb-tolva-top-pick-up\/\"]}]},{\"@type\":\"ImageObject\",\"inLanguage\":\"ca\",\"@id\":\"https:\/\/tallershidrasol.com\/ca\/producte\/trituradora-150z-martells-amb-tolva-top-pick-up\/#primaryimage\",\"url\":\"https:\/\/tallershidrasol.com\/wp-content\/uploads\/2025\/07\/trituradora_tolva_2025-07-29_114148-removebg-preview.png\",\"contentUrl\":\"https:\/\/tallershidrasol.com\/wp-content\/uploads\/2025\/07\/trituradora_tolva_2025-07-29_114148-removebg-preview.png\",\"width\":722,\"height\":346},{\"@type\":\"BreadcrumbList\",\"@id\":\"https:\/\/tallershidrasol.com\/ca\/producte\/trituradora-150z-martells-amb-tolva-top-pick-up\/#breadcrumb\",\"itemListElement\":[{\"@type\":\"ListItem\",\"position\":1,\"name\":\"Portada\",\"item\":\"https:\/\/tallershidrasol.com\/ca\/tallers-hidrasol-manteniments-industrials-hidraulica-soldadura\/\"},{\"@type\":\"ListItem\",\"position\":2,\"name\":\"Botiga online\",\"item\":\"https:\/\/tallershidrasol.com\/ca\/botiga-online\/\"},{\"@type\":\"ListItem\",\"position\":3,\"name\":\"Trituradora 150Z Martells amb Tolva &#8211; Top Pick Up\"}]},{\"@type\":\"WebSite\",\"@id\":\"https:\/\/tallershidrasol.com\/ca\/#website\",\"url\":\"https:\/\/tallershidrasol.com\/ca\/\",\"name\":\"Tallers Hidrasol\",\"description\":\"Manteniments Industrials - Hidr\u00e0ulica - Soldadura\",\"potentialAction\":[{\"@type\":\"SearchAction\",\"target\":{\"@type\":\"EntryPoint\",\"urlTemplate\":\"https:\/\/tallershidrasol.com\/ca\/?s={search_term_string}\"},\"query-input\":{\"@type\":\"PropertyValueSpecification\",\"valueRequired\":true,\"valueName\":\"search_term_string\"}}],\"inLanguage\":\"ca\"}]}<\/script>\n<!-- \/ Yoast SEO plugin. -->","yoast_head_json":{"title":"Trituradora 150Z Martells amb Tolva - Top Pick Up - Tallers Hidrasol","robots":{"index":"index","follow":"follow","max-snippet":"max-snippet:-1","max-image-preview":"max-image-preview:large","max-video-preview":"max-video-preview:-1"},"canonical":"https:\/\/tallershidrasol.com\/ca\/producte\/trituradora-150z-martells-amb-tolva-top-pick-up\/","og_locale":"ca_ES","og_type":"article","og_title":"Trituradora 150Z Martells amb Tolva - Top Pick Up - Tallers Hidrasol","og_description":"Trituradora amb tremuja de desc\u00e0rrega enlaire per a poda de vinyes i oliverars, amb alimentaci\u00f3 hidr\u00e0ulica.","og_url":"https:\/\/tallershidrasol.com\/ca\/producte\/trituradora-150z-martells-amb-tolva-top-pick-up\/","og_site_name":"Tallers Hidrasol","article_modified_time":"2025-08-26T11:45:24+00:00","og_image":[{"width":722,"height":346,"url":"https:\/\/tallershidrasol.com\/wp-content\/uploads\/2025\/07\/trituradora_tolva_2025-07-29_114148-removebg-preview.png","type":"image\/png"}],"twitter_card":"summary_large_image","twitter_misc":{"Temps estimat de lectura":"1 minut"},"schema":{"@context":"https:\/\/schema.org","@graph":[{"@type":"WebPage","@id":"https:\/\/tallershidrasol.com\/ca\/producte\/trituradora-150z-martells-amb-tolva-top-pick-up\/","url":"https:\/\/tallershidrasol.com\/ca\/producte\/trituradora-150z-martells-amb-tolva-top-pick-up\/","name":"Trituradora 150Z Martells amb Tolva - Top Pick Up - Tallers Hidrasol","isPartOf":{"@id":"https:\/\/tallershidrasol.com\/ca\/#website"},"primaryImageOfPage":{"@id":"https:\/\/tallershidrasol.com\/ca\/producte\/trituradora-150z-martells-amb-tolva-top-pick-up\/#primaryimage"},"image":{"@id":"https:\/\/tallershidrasol.com\/ca\/producte\/trituradora-150z-martells-amb-tolva-top-pick-up\/#primaryimage"},"thumbnailUrl":"https:\/\/tallershidrasol.com\/wp-content\/uploads\/2025\/07\/trituradora_tolva_2025-07-29_114148-removebg-preview.png","datePublished":"2025-07-29T09:51:42+00:00","dateModified":"2025-08-26T11:45:24+00:00","breadcrumb":{"@id":"https:\/\/tallershidrasol.com\/ca\/producte\/trituradora-150z-martells-amb-tolva-top-pick-up\/#breadcrumb"},"inLanguage":"ca","potentialAction":[{"@type":"ReadAction","target":["https:\/\/tallershidrasol.com\/ca\/producte\/trituradora-150z-martells-amb-tolva-top-pick-up\/"]}]},{"@type":"ImageObject","inLanguage":"ca","@id":"https:\/\/tallershidrasol.com\/ca\/producte\/trituradora-150z-martells-amb-tolva-top-pick-up\/#primaryimage","url":"https:\/\/tallershidrasol.com\/wp-content\/uploads\/2025\/07\/trituradora_tolva_2025-07-29_114148-removebg-preview.png","contentUrl":"https:\/\/tallershidrasol.com\/wp-content\/uploads\/2025\/07\/trituradora_tolva_2025-07-29_114148-removebg-preview.png","width":722,"height":346},{"@type":"BreadcrumbList","@id":"https:\/\/tallershidrasol.com\/ca\/producte\/trituradora-150z-martells-amb-tolva-top-pick-up\/#breadcrumb","itemListElement":[{"@type":"ListItem","position":1,"name":"Portada","item":"https:\/\/tallershidrasol.com\/ca\/tallers-hidrasol-manteniments-industrials-hidraulica-soldadura\/"},{"@type":"ListItem","position":2,"name":"Botiga online","item":"https:\/\/tallershidrasol.com\/ca\/botiga-online\/"},{"@type":"ListItem","position":3,"name":"Trituradora 150Z Martells amb Tolva &#8211; Top Pick Up"}]},{"@type":"WebSite","@id":"https:\/\/tallershidrasol.com\/ca\/#website","url":"https:\/\/tallershidrasol.com\/ca\/","name":"Tallers Hidrasol","description":"Manteniments Industrials - Hidr\u00e0ulica - Soldadura","potentialAction":[{"@type":"SearchAction","target":{"@type":"EntryPoint","urlTemplate":"https:\/\/tallershidrasol.com\/ca\/?s={search_term_string}"},"query-input":{"@type":"PropertyValueSpecification","valueRequired":true,"valueName":"search_term_string"}}],"inLanguage":"ca"}]}},"_links":{"self":[{"href":"https:\/\/tallershidrasol.com\/ca\/wp-json\/wp\/v2\/product\/2279","targetHints":{"allow":["GET"]}}],"collection":[{"href":"https:\/\/tallershidrasol.com\/ca\/wp-json\/wp\/v2\/product"}],"about":[{"href":"https:\/\/tallershidrasol.com\/ca\/wp-json\/wp\/v2\/types\/product"}],"replies":[{"embeddable":true,"href":"https:\/\/tallershidrasol.com\/ca\/wp-json\/wp\/v2\/comments?post=2279"}],"wp:featuredmedia":[{"embeddable":true,"href":"https:\/\/tallershidrasol.com\/ca\/wp-json\/wp\/v2\/media\/1541"}],"wp:attachment":[{"href":"https:\/\/tallershidrasol.com\/ca\/wp-json\/wp\/v2\/media?parent=2279"}],"wp:term":[{"taxonomy":"product_brand","embeddable":true,"href":"https:\/\/tallershidrasol.com\/ca\/wp-json\/wp\/v2\/product_brand?post=2279"},{"taxonomy":"product_cat","embeddable":true,"href":"https:\/\/tallershidrasol.com\/ca\/wp-json\/wp\/v2\/product_cat?post=2279"},{"taxonomy":"product_tag","embeddable":true,"href":"https:\/\/tallershidrasol.com\/ca\/wp-json\/wp\/v2\/product_tag?post=2279"}],"curies":[{"name":"wp","href":"https:\/\/api.w.org\/{rel}","templated":true}]}}