{"id":2289,"date":"2025-07-29T11:30:09","date_gmt":"2025-07-29T09:30:09","guid":{"rendered":"https:\/\/tallershidrasol.com\/producte\/trituradora-de-martells-reforcada-serie-r-trituradora-multifuncional\/"},"modified":"2025-08-26T13:50:46","modified_gmt":"2025-08-26T11:50:46","slug":"trituradora-de-martells-reforcada-serie-r-trituradora-multifuncional","status":"publish","type":"product","link":"https:\/\/tallershidrasol.com\/ca\/producte\/trituradora-de-martells-reforcada-serie-r-trituradora-multifuncional\/","title":{"rendered":"Trituradora de Martells Refor\u00e7ada S\u00e8rie R- Trituradora Multifuncional"},"content":{"rendered":"<h2 data-start=\"219\" data-end=\"294\">Pot\u00e8ncia refor\u00e7ada per a desbrossament intensiu en zones complexes<\/h2>\n<p data-start=\"301\" data-end=\"662\">La<strong data-start=\"323\" data-end=\"343\"> MONEGROS Serie R<\/strong> \u00e9s una trituradora multifuncional refor\u00e7ada, dissenyada per a esbrossada exigent en vores, cunetes, vorals i l\u00edmits. Amb <strong data-start=\"463\" data-end=\"485\">estructura robusta<\/strong>, <strong data-start=\"487\" data-end=\"507\">bra\u00e7 hidr\u00e0ulic<\/strong> i <strong data-start=\"510\" data-end=\"543\">obertura regulable de la porta<\/strong>, aquesta versi\u00f3 ofereix m\u00e9s resist\u00e8ncia, efici\u00e8ncia i adaptabilitat. Ideal per a poda i restes vegetals de fins a 14cm.  <\/p>\n<h4 data-start=\"669\" data-end=\"684\"><strong data-start=\"669\" data-end=\"682\">AVANTATGES:<\/strong><\/h4>\n<ul data-start=\"685\" data-end=\"1094\">\n<li data-start=\"685\" data-end=\"785\">\n<p data-start=\"687\" data-end=\"785\"><strong data-start=\"687\" data-end=\"740\">Refor\u00e7 al suport i al lateral del rotor: <\/strong>m\u00e0xima durabilitat en treballs intensius<\/p>\n<\/li>\n<li data-start=\"786\" data-end=\"857\">\n<p data-start=\"788\" data-end=\"857\"><strong data-start=\"788\" data-end=\"836\">Gruix de xapa de la porta del darrere de 3mm: <\/strong>estructura s\u00f2lida.<\/p>\n<\/li>\n<li data-start=\"858\" data-end=\"961\">\n<p data-start=\"860\" data-end=\"961\"><strong data-start=\"860\" data-end=\"919\">Regulador d&#8217;al\u00e7ada de rul\u00b7lo, ajust de corr\u00f3 i pat\u00ed:<\/strong> precisi\u00f3 de tall adaptada al terreny.<\/p>\n<\/li>\n<li data-start=\"962\" data-end=\"1018\">\n<p data-start=\"964\" data-end=\"1018\"><strong data-start=\"964\" data-end=\"999\">Grup refor\u00e7at amb protecci\u00f3:<\/strong> m\u00e9s vida \u00fatil.<\/p>\n<\/li>\n<li data-start=\"1019\" data-end=\"1094\">\n<p data-start=\"1021\" data-end=\"1094\"><strong data-start=\"1021\" data-end=\"1052\">Martells model refor\u00e7at: <\/strong>millor rendiment davant de branques gruixudes.<\/p>\n<\/li>\n<\/ul>\n<p><strong>Ideal per a tasques de desbrossament exigents en zones dif\u00edcils i amb restes dures.<\/strong><\/p>\n<p>INFORMACI\u00d3 ADICIONAL:<\/p>\n<ul>\n<li><strong>ANGLE ESQ:<\/strong> 90\u00ba<\/li>\n<li><strong>ANGLE D:<\/strong> 53\u00ba<\/li>\n<li><strong>CORRETGES:<\/strong> 4<\/li>\n<li><strong>PTO:<\/strong> 540<\/li>\n<li><strong>B:<\/strong> 1750 mm<\/li>\n<li><strong>D: <\/strong>475 mm<\/li>\n<li><strong>E:<\/strong> 1623 mm<\/li>\n<\/ul>\n","protected":false},"excerpt":{"rendered":"<p>Trituradora multifuncional refor\u00e7ada amb bra\u00e7 hidr\u00e0ulic i gran capacitat de tall.<\/p>\n","protected":false},"featured_media":1431,"comment_status":"open","ping_status":"closed","template":"","meta":[],"product_brand":[776,768],"product_cat":[420,425],"product_tag":[],"class_list":{"0":"post-2289","1":"product","2":"type-product","3":"status-publish","4":"has-post-thumbnail","6":"product_brand-monegros-ca","7":"product_brand-zeppelin-ca","8":"product_cat-maquinaria-agricola-ca","9":"product_cat-trituradora-ca","11":"first","12":"instock","13":"featured","14":"taxable","15":"shipping-taxable","16":"purchasable","17":"product-type-variable"},"yoast_head":"<!-- This site is optimized with the Yoast SEO plugin v25.6 - https:\/\/yoast.com\/wordpress\/plugins\/seo\/ -->\n<title>Trituradora de Martells Refor\u00e7ada S\u00e8rie R- Trituradora Multifuncional - Tallers Hidrasol<\/title>\n<meta name=\"robots\" content=\"index, follow, max-snippet:-1, max-image-preview:large, max-video-preview:-1\" \/>\n<link rel=\"canonical\" href=\"https:\/\/tallershidrasol.com\/ca\/producte\/trituradora-de-martells-reforcada-serie-r-trituradora-multifuncional\/\" \/>\n<meta property=\"og:locale\" content=\"ca_ES\" \/>\n<meta property=\"og:type\" content=\"article\" \/>\n<meta property=\"og:title\" content=\"Trituradora de Martells Refor\u00e7ada S\u00e8rie R- Trituradora Multifuncional - Tallers Hidrasol\" \/>\n<meta property=\"og:description\" content=\"Trituradora multifuncional refor\u00e7ada amb bra\u00e7 hidr\u00e0ulic i gran capacitat de tall.\" \/>\n<meta property=\"og:url\" content=\"https:\/\/tallershidrasol.com\/ca\/producte\/trituradora-de-martells-reforcada-serie-r-trituradora-multifuncional\/\" \/>\n<meta property=\"og:site_name\" content=\"Tallers Hidrasol\" \/>\n<meta property=\"article:modified_time\" content=\"2025-08-26T11:50:46+00:00\" \/>\n<meta property=\"og:image\" content=\"https:\/\/tallershidrasol.com\/wp-content\/uploads\/2025\/07\/monegros-1780-mm-ref-apertura2.jpg\" \/>\n\t<meta property=\"og:image:width\" content=\"1000\" \/>\n\t<meta property=\"og:image:height\" content=\"825\" \/>\n\t<meta property=\"og:image:type\" content=\"image\/jpeg\" \/>\n<meta name=\"twitter:card\" content=\"summary_large_image\" \/>\n<meta name=\"twitter:label1\" content=\"Temps estimat de lectura\" \/>\n\t<meta name=\"twitter:data1\" content=\"1 minut\" \/>\n<script type=\"application\/ld+json\" class=\"yoast-schema-graph\">{\"@context\":\"https:\/\/schema.org\",\"@graph\":[{\"@type\":\"WebPage\",\"@id\":\"https:\/\/tallershidrasol.com\/ca\/producte\/trituradora-de-martells-reforcada-serie-r-trituradora-multifuncional\/\",\"url\":\"https:\/\/tallershidrasol.com\/ca\/producte\/trituradora-de-martells-reforcada-serie-r-trituradora-multifuncional\/\",\"name\":\"Trituradora de Martells Refor\u00e7ada S\u00e8rie R- Trituradora Multifuncional - Tallers Hidrasol\",\"isPartOf\":{\"@id\":\"https:\/\/tallershidrasol.com\/ca\/#website\"},\"primaryImageOfPage\":{\"@id\":\"https:\/\/tallershidrasol.com\/ca\/producte\/trituradora-de-martells-reforcada-serie-r-trituradora-multifuncional\/#primaryimage\"},\"image\":{\"@id\":\"https:\/\/tallershidrasol.com\/ca\/producte\/trituradora-de-martells-reforcada-serie-r-trituradora-multifuncional\/#primaryimage\"},\"thumbnailUrl\":\"https:\/\/tallershidrasol.com\/wp-content\/uploads\/2025\/07\/monegros-1780-mm-ref-apertura2.jpg\",\"datePublished\":\"2025-07-29T09:30:09+00:00\",\"dateModified\":\"2025-08-26T11:50:46+00:00\",\"breadcrumb\":{\"@id\":\"https:\/\/tallershidrasol.com\/ca\/producte\/trituradora-de-martells-reforcada-serie-r-trituradora-multifuncional\/#breadcrumb\"},\"inLanguage\":\"ca\",\"potentialAction\":[{\"@type\":\"ReadAction\",\"target\":[\"https:\/\/tallershidrasol.com\/ca\/producte\/trituradora-de-martells-reforcada-serie-r-trituradora-multifuncional\/\"]}]},{\"@type\":\"ImageObject\",\"inLanguage\":\"ca\",\"@id\":\"https:\/\/tallershidrasol.com\/ca\/producte\/trituradora-de-martells-reforcada-serie-r-trituradora-multifuncional\/#primaryimage\",\"url\":\"https:\/\/tallershidrasol.com\/wp-content\/uploads\/2025\/07\/monegros-1780-mm-ref-apertura2.jpg\",\"contentUrl\":\"https:\/\/tallershidrasol.com\/wp-content\/uploads\/2025\/07\/monegros-1780-mm-ref-apertura2.jpg\",\"width\":1000,\"height\":825},{\"@type\":\"BreadcrumbList\",\"@id\":\"https:\/\/tallershidrasol.com\/ca\/producte\/trituradora-de-martells-reforcada-serie-r-trituradora-multifuncional\/#breadcrumb\",\"itemListElement\":[{\"@type\":\"ListItem\",\"position\":1,\"name\":\"Portada\",\"item\":\"https:\/\/tallershidrasol.com\/ca\/tallers-hidrasol-manteniments-industrials-hidraulica-soldadura\/\"},{\"@type\":\"ListItem\",\"position\":2,\"name\":\"Botiga online\",\"item\":\"https:\/\/tallershidrasol.com\/ca\/botiga-online\/\"},{\"@type\":\"ListItem\",\"position\":3,\"name\":\"Trituradora de Martells Refor\u00e7ada S\u00e8rie R- Trituradora Multifuncional\"}]},{\"@type\":\"WebSite\",\"@id\":\"https:\/\/tallershidrasol.com\/ca\/#website\",\"url\":\"https:\/\/tallershidrasol.com\/ca\/\",\"name\":\"Tallers Hidrasol\",\"description\":\"Manteniments Industrials - Hidr\u00e0ulica - Soldadura\",\"potentialAction\":[{\"@type\":\"SearchAction\",\"target\":{\"@type\":\"EntryPoint\",\"urlTemplate\":\"https:\/\/tallershidrasol.com\/ca\/?s={search_term_string}\"},\"query-input\":{\"@type\":\"PropertyValueSpecification\",\"valueRequired\":true,\"valueName\":\"search_term_string\"}}],\"inLanguage\":\"ca\"}]}<\/script>\n<!-- \/ Yoast SEO plugin. -->","yoast_head_json":{"title":"Trituradora de Martells Refor\u00e7ada S\u00e8rie R- Trituradora Multifuncional - Tallers Hidrasol","robots":{"index":"index","follow":"follow","max-snippet":"max-snippet:-1","max-image-preview":"max-image-preview:large","max-video-preview":"max-video-preview:-1"},"canonical":"https:\/\/tallershidrasol.com\/ca\/producte\/trituradora-de-martells-reforcada-serie-r-trituradora-multifuncional\/","og_locale":"ca_ES","og_type":"article","og_title":"Trituradora de Martells Refor\u00e7ada S\u00e8rie R- Trituradora Multifuncional - Tallers Hidrasol","og_description":"Trituradora multifuncional refor\u00e7ada amb bra\u00e7 hidr\u00e0ulic i gran capacitat de tall.","og_url":"https:\/\/tallershidrasol.com\/ca\/producte\/trituradora-de-martells-reforcada-serie-r-trituradora-multifuncional\/","og_site_name":"Tallers Hidrasol","article_modified_time":"2025-08-26T11:50:46+00:00","og_image":[{"width":1000,"height":825,"url":"https:\/\/tallershidrasol.com\/wp-content\/uploads\/2025\/07\/monegros-1780-mm-ref-apertura2.jpg","type":"image\/jpeg"}],"twitter_card":"summary_large_image","twitter_misc":{"Temps estimat de lectura":"1 minut"},"schema":{"@context":"https:\/\/schema.org","@graph":[{"@type":"WebPage","@id":"https:\/\/tallershidrasol.com\/ca\/producte\/trituradora-de-martells-reforcada-serie-r-trituradora-multifuncional\/","url":"https:\/\/tallershidrasol.com\/ca\/producte\/trituradora-de-martells-reforcada-serie-r-trituradora-multifuncional\/","name":"Trituradora de Martells Refor\u00e7ada S\u00e8rie R- Trituradora Multifuncional - Tallers Hidrasol","isPartOf":{"@id":"https:\/\/tallershidrasol.com\/ca\/#website"},"primaryImageOfPage":{"@id":"https:\/\/tallershidrasol.com\/ca\/producte\/trituradora-de-martells-reforcada-serie-r-trituradora-multifuncional\/#primaryimage"},"image":{"@id":"https:\/\/tallershidrasol.com\/ca\/producte\/trituradora-de-martells-reforcada-serie-r-trituradora-multifuncional\/#primaryimage"},"thumbnailUrl":"https:\/\/tallershidrasol.com\/wp-content\/uploads\/2025\/07\/monegros-1780-mm-ref-apertura2.jpg","datePublished":"2025-07-29T09:30:09+00:00","dateModified":"2025-08-26T11:50:46+00:00","breadcrumb":{"@id":"https:\/\/tallershidrasol.com\/ca\/producte\/trituradora-de-martells-reforcada-serie-r-trituradora-multifuncional\/#breadcrumb"},"inLanguage":"ca","potentialAction":[{"@type":"ReadAction","target":["https:\/\/tallershidrasol.com\/ca\/producte\/trituradora-de-martells-reforcada-serie-r-trituradora-multifuncional\/"]}]},{"@type":"ImageObject","inLanguage":"ca","@id":"https:\/\/tallershidrasol.com\/ca\/producte\/trituradora-de-martells-reforcada-serie-r-trituradora-multifuncional\/#primaryimage","url":"https:\/\/tallershidrasol.com\/wp-content\/uploads\/2025\/07\/monegros-1780-mm-ref-apertura2.jpg","contentUrl":"https:\/\/tallershidrasol.com\/wp-content\/uploads\/2025\/07\/monegros-1780-mm-ref-apertura2.jpg","width":1000,"height":825},{"@type":"BreadcrumbList","@id":"https:\/\/tallershidrasol.com\/ca\/producte\/trituradora-de-martells-reforcada-serie-r-trituradora-multifuncional\/#breadcrumb","itemListElement":[{"@type":"ListItem","position":1,"name":"Portada","item":"https:\/\/tallershidrasol.com\/ca\/tallers-hidrasol-manteniments-industrials-hidraulica-soldadura\/"},{"@type":"ListItem","position":2,"name":"Botiga online","item":"https:\/\/tallershidrasol.com\/ca\/botiga-online\/"},{"@type":"ListItem","position":3,"name":"Trituradora de Martells Refor\u00e7ada S\u00e8rie R- Trituradora Multifuncional"}]},{"@type":"WebSite","@id":"https:\/\/tallershidrasol.com\/ca\/#website","url":"https:\/\/tallershidrasol.com\/ca\/","name":"Tallers Hidrasol","description":"Manteniments Industrials - Hidr\u00e0ulica - Soldadura","potentialAction":[{"@type":"SearchAction","target":{"@type":"EntryPoint","urlTemplate":"https:\/\/tallershidrasol.com\/ca\/?s={search_term_string}"},"query-input":{"@type":"PropertyValueSpecification","valueRequired":true,"valueName":"search_term_string"}}],"inLanguage":"ca"}]}},"_links":{"self":[{"href":"https:\/\/tallershidrasol.com\/ca\/wp-json\/wp\/v2\/product\/2289","targetHints":{"allow":["GET"]}}],"collection":[{"href":"https:\/\/tallershidrasol.com\/ca\/wp-json\/wp\/v2\/product"}],"about":[{"href":"https:\/\/tallershidrasol.com\/ca\/wp-json\/wp\/v2\/types\/product"}],"replies":[{"embeddable":true,"href":"https:\/\/tallershidrasol.com\/ca\/wp-json\/wp\/v2\/comments?post=2289"}],"wp:featuredmedia":[{"embeddable":true,"href":"https:\/\/tallershidrasol.com\/ca\/wp-json\/wp\/v2\/media\/1431"}],"wp:attachment":[{"href":"https:\/\/tallershidrasol.com\/ca\/wp-json\/wp\/v2\/media?parent=2289"}],"wp:term":[{"taxonomy":"product_brand","embeddable":true,"href":"https:\/\/tallershidrasol.com\/ca\/wp-json\/wp\/v2\/product_brand?post=2289"},{"taxonomy":"product_cat","embeddable":true,"href":"https:\/\/tallershidrasol.com\/ca\/wp-json\/wp\/v2\/product_cat?post=2289"},{"taxonomy":"product_tag","embeddable":true,"href":"https:\/\/tallershidrasol.com\/ca\/wp-json\/wp\/v2\/product_tag?post=2289"}],"curies":[{"name":"wp","href":"https:\/\/api.w.org\/{rel}","templated":true}]}}