{"id":2310,"date":"2025-07-28T16:13:49","date_gmt":"2025-07-28T14:13:49","guid":{"rendered":"https:\/\/tallershidrasol.com\/producte\/trituradora-amb-grup-desplacat-i-disc-trituradores-gran-volum-desp\/"},"modified":"2025-08-26T14:00:21","modified_gmt":"2025-08-26T12:00:21","slug":"trituradora-amb-grup-desplacat-i-disc-trituradores-gran-volum-desp","status":"publish","type":"product","link":"https:\/\/tallershidrasol.com\/ca\/producte\/trituradora-amb-grup-desplacat-i-disc-trituradores-gran-volum-desp\/","title":{"rendered":"Trituradora Amb Grup Despla\u00e7at i Disc &#8211; Trituradores Gran Volum DESP"},"content":{"rendered":"<h2>Trituraci\u00f3 d&#8217;alt rendiment amb disc lateral per a acabats perfectes<\/h2>\n<p data-start=\"366\" data-end=\"721\">La trituradora <strong data-start=\"400\" data-end=\"425\">Grand Canyon de 2,2m<\/strong> combina una <strong data-start=\"438\" data-end=\"488\">estructura robusta i despla\u00e7ament hidr\u00e0ulic<\/strong> amb un efica\u00e7 <strong data-start=\"503\" data-end=\"530\">disc lateral de 560mm <\/strong>que permet treballar amb precisi\u00f3 en vores de fruiters, oliveres i l\u00edmits. Gr\u00e0cies al seu <strong data-start=\"619\" data-end=\"639\">grup despla\u00e7at<\/strong> i bra\u00e7 autoadaptable, assegura un acabat professional fins i tot en zones dif\u00edcils. <\/p>\n<p data-start=\"723\" data-end=\"901\">\u00c9s ideal per triturar restes de poda de fins a 15cm de di\u00e0metre amb total efici\u00e8ncia i seguretat, optimitzant el temps de treball a mitjanes i grans explotacions agr\u00edcoles.<\/p>\n<h4 data-start=\"908\" data-end=\"923\"><strong data-start=\"908\" data-end=\"921\">AVANTATGES:<\/strong><\/h4>\n<ul data-start=\"924\" data-end=\"1380\">\n<li data-start=\"924\" data-end=\"1001\">\n<p data-start=\"926\" data-end=\"1001\"><strong data-start=\"926\" data-end=\"947\">Grup despla\u00e7at: <\/strong>major maniobrabilitat i versatilitat a la feina.<\/p>\n<\/li>\n<li data-start=\"1002\" data-end=\"1076\">\n<p data-start=\"1004\" data-end=\"1076\"><strong data-start=\"1004\" data-end=\"1034\">Despla\u00e7ament hidr\u00e0ulic:<\/strong> control prec\u00eds en qualsevol situaci\u00f3.<\/p>\n<\/li>\n<li data-start=\"1077\" data-end=\"1157\">\n<p data-start=\"1079\" data-end=\"1157\"><strong data-start=\"1079\" data-end=\"1114\">Port\u00f3 regulable i rostollers:<\/strong> adaptabilitat al tipus de poda i terreny.<\/p>\n<\/li>\n<li data-start=\"1158\" data-end=\"1242\">\n<p data-start=\"1160\" data-end=\"1242\"><strong data-start=\"1160\" data-end=\"1203\">Disc desbrossador (amb palpador o sense): <\/strong>acabats nets en zones delicades.<\/p>\n<\/li>\n<li data-start=\"1243\" data-end=\"1314\">\n<p data-start=\"1245\" data-end=\"1314\"><strong data-start=\"1245\" data-end=\"1279\">Martells sobre eix de 168mm: <\/strong>m\u00e0xima capacitat de trituraci\u00f3.<\/p>\n<\/li>\n<li data-start=\"1315\" data-end=\"1380\">\n<p data-start=\"1317\" data-end=\"1380\"><strong data-start=\"1317\" data-end=\"1337\">Cardan incl\u00f2s: <\/strong>llesta per connectar al tractor i treballar.<\/p>\n<\/li>\n<\/ul>\n<p><strong>Si busques pot\u00e8ncia, despla\u00e7ament i acabats nets, la Grand Canyon ho t\u00e9 tot.<\/strong><\/p>\n<h4>INFORMACI\u00d3 ADICIONAL:<\/h4>\n<ul>\n<li><strong>AMPLE TREBALL:<\/strong> 2190<\/li>\n<li><strong>DESPL\u00c7:<\/strong> 560<\/li>\n<li><strong>KG:<\/strong> 815 + 60<\/li>\n<li><strong>ROSTOLLERS:<\/strong> 14<\/li>\n<li><strong>CORRETGES:<\/strong> 5<\/li>\n<li><strong>MARTELLS:<\/strong> 20<\/li>\n<li><strong>\u00d8 ROTOR: <\/strong>168<\/li>\n<li><strong>PTO:<\/strong> 540<\/li>\n<li><strong>HP:<\/strong> +90<\/li>\n<li><strong>AMPLE:<\/strong> 1050 mm<\/li>\n<li><strong>LLARG:<\/strong> 2350 mm<\/li>\n<li><strong>ALT:<\/strong> 110 mm<\/li>\n<\/ul>\n","protected":false},"excerpt":{"rendered":"<p>Trituradora de gran volum amb disc lateral, perfecta per a vores de cultiu i poda gruixuda.<\/p>\n","protected":false},"featured_media":1404,"comment_status":"open","ping_status":"closed","template":"","meta":[],"product_brand":[775,768],"product_cat":[420,425],"product_tag":[],"class_list":{"0":"post-2310","1":"product","2":"type-product","3":"status-publish","4":"has-post-thumbnail","6":"product_brand-grand-canyon-ca","7":"product_brand-zeppelin-ca","8":"product_cat-maquinaria-agricola-ca","9":"product_cat-trituradora-ca","11":"first","12":"instock","13":"featured","14":"taxable","15":"shipping-taxable","16":"purchasable","17":"product-type-variable"},"yoast_head":"<!-- This site is optimized with the Yoast SEO plugin v25.6 - https:\/\/yoast.com\/wordpress\/plugins\/seo\/ -->\n<title>Trituradora Amb Grup Despla\u00e7at i Disc - Trituradores Gran Volum DESP - Tallers Hidrasol<\/title>\n<meta name=\"robots\" content=\"index, follow, max-snippet:-1, max-image-preview:large, max-video-preview:-1\" \/>\n<link rel=\"canonical\" href=\"https:\/\/tallershidrasol.com\/ca\/producte\/trituradora-amb-grup-desplacat-i-disc-trituradores-gran-volum-desp\/\" \/>\n<meta property=\"og:locale\" content=\"ca_ES\" \/>\n<meta property=\"og:type\" content=\"article\" \/>\n<meta property=\"og:title\" content=\"Trituradora Amb Grup Despla\u00e7at i Disc - Trituradores Gran Volum DESP - Tallers Hidrasol\" \/>\n<meta property=\"og:description\" content=\"Trituradora de gran volum amb disc lateral, perfecta per a vores de cultiu i poda gruixuda.\" \/>\n<meta property=\"og:url\" content=\"https:\/\/tallershidrasol.com\/ca\/producte\/trituradora-amb-grup-desplacat-i-disc-trituradores-gran-volum-desp\/\" \/>\n<meta property=\"og:site_name\" content=\"Tallers Hidrasol\" \/>\n<meta property=\"article:modified_time\" content=\"2025-08-26T12:00:21+00:00\" \/>\n<meta property=\"og:image\" content=\"https:\/\/tallershidrasol.com\/wp-content\/uploads\/2025\/07\/ESDESPGVDD220AP-tractor-1024x670-1.jpg\" \/>\n\t<meta property=\"og:image:width\" content=\"1024\" \/>\n\t<meta property=\"og:image:height\" content=\"670\" \/>\n\t<meta property=\"og:image:type\" content=\"image\/jpeg\" \/>\n<meta name=\"twitter:card\" content=\"summary_large_image\" \/>\n<meta name=\"twitter:label1\" content=\"Temps estimat de lectura\" \/>\n\t<meta name=\"twitter:data1\" content=\"1 minut\" \/>\n<script type=\"application\/ld+json\" class=\"yoast-schema-graph\">{\"@context\":\"https:\/\/schema.org\",\"@graph\":[{\"@type\":\"WebPage\",\"@id\":\"https:\/\/tallershidrasol.com\/ca\/producte\/trituradora-amb-grup-desplacat-i-disc-trituradores-gran-volum-desp\/\",\"url\":\"https:\/\/tallershidrasol.com\/ca\/producte\/trituradora-amb-grup-desplacat-i-disc-trituradores-gran-volum-desp\/\",\"name\":\"Trituradora Amb Grup Despla\u00e7at i Disc - Trituradores Gran Volum DESP - Tallers Hidrasol\",\"isPartOf\":{\"@id\":\"https:\/\/tallershidrasol.com\/ca\/#website\"},\"primaryImageOfPage\":{\"@id\":\"https:\/\/tallershidrasol.com\/ca\/producte\/trituradora-amb-grup-desplacat-i-disc-trituradores-gran-volum-desp\/#primaryimage\"},\"image\":{\"@id\":\"https:\/\/tallershidrasol.com\/ca\/producte\/trituradora-amb-grup-desplacat-i-disc-trituradores-gran-volum-desp\/#primaryimage\"},\"thumbnailUrl\":\"https:\/\/tallershidrasol.com\/wp-content\/uploads\/2025\/07\/ESDESPGVDD220AP-tractor-1024x670-1.jpg\",\"datePublished\":\"2025-07-28T14:13:49+00:00\",\"dateModified\":\"2025-08-26T12:00:21+00:00\",\"breadcrumb\":{\"@id\":\"https:\/\/tallershidrasol.com\/ca\/producte\/trituradora-amb-grup-desplacat-i-disc-trituradores-gran-volum-desp\/#breadcrumb\"},\"inLanguage\":\"ca\",\"potentialAction\":[{\"@type\":\"ReadAction\",\"target\":[\"https:\/\/tallershidrasol.com\/ca\/producte\/trituradora-amb-grup-desplacat-i-disc-trituradores-gran-volum-desp\/\"]}]},{\"@type\":\"ImageObject\",\"inLanguage\":\"ca\",\"@id\":\"https:\/\/tallershidrasol.com\/ca\/producte\/trituradora-amb-grup-desplacat-i-disc-trituradores-gran-volum-desp\/#primaryimage\",\"url\":\"https:\/\/tallershidrasol.com\/wp-content\/uploads\/2025\/07\/ESDESPGVDD220AP-tractor-1024x670-1.jpg\",\"contentUrl\":\"https:\/\/tallershidrasol.com\/wp-content\/uploads\/2025\/07\/ESDESPGVDD220AP-tractor-1024x670-1.jpg\",\"width\":1024,\"height\":670},{\"@type\":\"BreadcrumbList\",\"@id\":\"https:\/\/tallershidrasol.com\/ca\/producte\/trituradora-amb-grup-desplacat-i-disc-trituradores-gran-volum-desp\/#breadcrumb\",\"itemListElement\":[{\"@type\":\"ListItem\",\"position\":1,\"name\":\"Portada\",\"item\":\"https:\/\/tallershidrasol.com\/ca\/tallers-hidrasol-manteniments-industrials-hidraulica-soldadura\/\"},{\"@type\":\"ListItem\",\"position\":2,\"name\":\"Botiga online\",\"item\":\"https:\/\/tallershidrasol.com\/ca\/botiga-online\/\"},{\"@type\":\"ListItem\",\"position\":3,\"name\":\"Trituradora Amb Grup Despla\u00e7at i Disc &#8211; Trituradores Gran Volum DESP\"}]},{\"@type\":\"WebSite\",\"@id\":\"https:\/\/tallershidrasol.com\/ca\/#website\",\"url\":\"https:\/\/tallershidrasol.com\/ca\/\",\"name\":\"Tallers Hidrasol\",\"description\":\"Manteniments Industrials - Hidr\u00e0ulica - Soldadura\",\"potentialAction\":[{\"@type\":\"SearchAction\",\"target\":{\"@type\":\"EntryPoint\",\"urlTemplate\":\"https:\/\/tallershidrasol.com\/ca\/?s={search_term_string}\"},\"query-input\":{\"@type\":\"PropertyValueSpecification\",\"valueRequired\":true,\"valueName\":\"search_term_string\"}}],\"inLanguage\":\"ca\"}]}<\/script>\n<!-- \/ Yoast SEO plugin. -->","yoast_head_json":{"title":"Trituradora Amb Grup Despla\u00e7at i Disc - Trituradores Gran Volum DESP - Tallers Hidrasol","robots":{"index":"index","follow":"follow","max-snippet":"max-snippet:-1","max-image-preview":"max-image-preview:large","max-video-preview":"max-video-preview:-1"},"canonical":"https:\/\/tallershidrasol.com\/ca\/producte\/trituradora-amb-grup-desplacat-i-disc-trituradores-gran-volum-desp\/","og_locale":"ca_ES","og_type":"article","og_title":"Trituradora Amb Grup Despla\u00e7at i Disc - Trituradores Gran Volum DESP - Tallers Hidrasol","og_description":"Trituradora de gran volum amb disc lateral, perfecta per a vores de cultiu i poda gruixuda.","og_url":"https:\/\/tallershidrasol.com\/ca\/producte\/trituradora-amb-grup-desplacat-i-disc-trituradores-gran-volum-desp\/","og_site_name":"Tallers Hidrasol","article_modified_time":"2025-08-26T12:00:21+00:00","og_image":[{"width":1024,"height":670,"url":"https:\/\/tallershidrasol.com\/wp-content\/uploads\/2025\/07\/ESDESPGVDD220AP-tractor-1024x670-1.jpg","type":"image\/jpeg"}],"twitter_card":"summary_large_image","twitter_misc":{"Temps estimat de lectura":"1 minut"},"schema":{"@context":"https:\/\/schema.org","@graph":[{"@type":"WebPage","@id":"https:\/\/tallershidrasol.com\/ca\/producte\/trituradora-amb-grup-desplacat-i-disc-trituradores-gran-volum-desp\/","url":"https:\/\/tallershidrasol.com\/ca\/producte\/trituradora-amb-grup-desplacat-i-disc-trituradores-gran-volum-desp\/","name":"Trituradora Amb Grup Despla\u00e7at i Disc - Trituradores Gran Volum DESP - Tallers Hidrasol","isPartOf":{"@id":"https:\/\/tallershidrasol.com\/ca\/#website"},"primaryImageOfPage":{"@id":"https:\/\/tallershidrasol.com\/ca\/producte\/trituradora-amb-grup-desplacat-i-disc-trituradores-gran-volum-desp\/#primaryimage"},"image":{"@id":"https:\/\/tallershidrasol.com\/ca\/producte\/trituradora-amb-grup-desplacat-i-disc-trituradores-gran-volum-desp\/#primaryimage"},"thumbnailUrl":"https:\/\/tallershidrasol.com\/wp-content\/uploads\/2025\/07\/ESDESPGVDD220AP-tractor-1024x670-1.jpg","datePublished":"2025-07-28T14:13:49+00:00","dateModified":"2025-08-26T12:00:21+00:00","breadcrumb":{"@id":"https:\/\/tallershidrasol.com\/ca\/producte\/trituradora-amb-grup-desplacat-i-disc-trituradores-gran-volum-desp\/#breadcrumb"},"inLanguage":"ca","potentialAction":[{"@type":"ReadAction","target":["https:\/\/tallershidrasol.com\/ca\/producte\/trituradora-amb-grup-desplacat-i-disc-trituradores-gran-volum-desp\/"]}]},{"@type":"ImageObject","inLanguage":"ca","@id":"https:\/\/tallershidrasol.com\/ca\/producte\/trituradora-amb-grup-desplacat-i-disc-trituradores-gran-volum-desp\/#primaryimage","url":"https:\/\/tallershidrasol.com\/wp-content\/uploads\/2025\/07\/ESDESPGVDD220AP-tractor-1024x670-1.jpg","contentUrl":"https:\/\/tallershidrasol.com\/wp-content\/uploads\/2025\/07\/ESDESPGVDD220AP-tractor-1024x670-1.jpg","width":1024,"height":670},{"@type":"BreadcrumbList","@id":"https:\/\/tallershidrasol.com\/ca\/producte\/trituradora-amb-grup-desplacat-i-disc-trituradores-gran-volum-desp\/#breadcrumb","itemListElement":[{"@type":"ListItem","position":1,"name":"Portada","item":"https:\/\/tallershidrasol.com\/ca\/tallers-hidrasol-manteniments-industrials-hidraulica-soldadura\/"},{"@type":"ListItem","position":2,"name":"Botiga online","item":"https:\/\/tallershidrasol.com\/ca\/botiga-online\/"},{"@type":"ListItem","position":3,"name":"Trituradora Amb Grup Despla\u00e7at i Disc &#8211; Trituradores Gran Volum DESP"}]},{"@type":"WebSite","@id":"https:\/\/tallershidrasol.com\/ca\/#website","url":"https:\/\/tallershidrasol.com\/ca\/","name":"Tallers Hidrasol","description":"Manteniments Industrials - Hidr\u00e0ulica - Soldadura","potentialAction":[{"@type":"SearchAction","target":{"@type":"EntryPoint","urlTemplate":"https:\/\/tallershidrasol.com\/ca\/?s={search_term_string}"},"query-input":{"@type":"PropertyValueSpecification","valueRequired":true,"valueName":"search_term_string"}}],"inLanguage":"ca"}]}},"_links":{"self":[{"href":"https:\/\/tallershidrasol.com\/ca\/wp-json\/wp\/v2\/product\/2310","targetHints":{"allow":["GET"]}}],"collection":[{"href":"https:\/\/tallershidrasol.com\/ca\/wp-json\/wp\/v2\/product"}],"about":[{"href":"https:\/\/tallershidrasol.com\/ca\/wp-json\/wp\/v2\/types\/product"}],"replies":[{"embeddable":true,"href":"https:\/\/tallershidrasol.com\/ca\/wp-json\/wp\/v2\/comments?post=2310"}],"wp:featuredmedia":[{"embeddable":true,"href":"https:\/\/tallershidrasol.com\/ca\/wp-json\/wp\/v2\/media\/1404"}],"wp:attachment":[{"href":"https:\/\/tallershidrasol.com\/ca\/wp-json\/wp\/v2\/media?parent=2310"}],"wp:term":[{"taxonomy":"product_brand","embeddable":true,"href":"https:\/\/tallershidrasol.com\/ca\/wp-json\/wp\/v2\/product_brand?post=2310"},{"taxonomy":"product_cat","embeddable":true,"href":"https:\/\/tallershidrasol.com\/ca\/wp-json\/wp\/v2\/product_cat?post=2310"},{"taxonomy":"product_tag","embeddable":true,"href":"https:\/\/tallershidrasol.com\/ca\/wp-json\/wp\/v2\/product_tag?post=2310"}],"curies":[{"name":"wp","href":"https:\/\/api.w.org\/{rel}","templated":true}]}}