{"id":2313,"date":"2025-07-28T15:24:30","date_gmt":"2025-07-28T13:24:30","guid":{"rendered":"https:\/\/tallershidrasol.com\/producte\/trituradora-de-martells-amb-porton-i-rastrojers-trituradores-grup-desplacat\/"},"modified":"2025-08-26T14:02:08","modified_gmt":"2025-08-26T12:02:08","slug":"trituradora-de-martells-amb-porton-i-rastrojers-trituradores-grup-desplacat","status":"publish","type":"product","link":"https:\/\/tallershidrasol.com\/ca\/producte\/trituradora-de-martells-amb-porton-i-rastrojers-trituradores-grup-desplacat\/","title":{"rendered":"Trituradora de Martells amb Porton i Rastrojers &#8211; Trituradores Grup Despla\u00e7at"},"content":{"rendered":"<h2>Trituradora vers\u00e0til amb grup despla\u00e7able per a treballs intensius<\/h2>\n<p data-start=\"366\" data-end=\"735\">La trituradora <strong data-start=\"400\" data-end=\"437\">Grand Canyon amb grup despla\u00e7at <\/strong>\u00e9s l\u00b4aliada perfecta per triturar restes de poda de gran volum amb m\u00e0xima efic\u00e0cia. Gr\u00e0cies a la seva <strong data-start=\"539\" data-end=\"561\">estructura robusta<\/strong>, el <strong data-start=\"566\" data-end=\"602\">grup despla\u00e7at amb roda lliure<\/strong> i la<strong data-start=\"608\" data-end=\"628\"> porta regulable<\/strong>, s&#8217;adapta amb precisi\u00f3 a terrenys variats, optimitzant-ne el rendiment i facilitant-ne la maniobrabilitat. <\/p>\n<p data-start=\"737\" data-end=\"921\">Amb una <strong data-start=\"744\" data-end=\"784\">amplada de treball de fins a 2,2 metres<\/strong> i <strong data-start=\"787\" data-end=\"813\">rostollers ajustables<\/strong>, est\u00e0 dissenyada per a professionals que necessiten resultats eficients en explotacions agr\u00edcoles exigents.<\/p>\n<p data-start=\"928\" data-end=\"943\"><strong data-start=\"928\" data-end=\"941\">AVANTATGES:<\/strong><\/p>\n<ul data-start=\"944\" data-end=\"1385\">\n<li data-start=\"944\" data-end=\"1014\">\n<p data-start=\"946\" data-end=\"1014\"><strong data-start=\"946\" data-end=\"980\">Martells sobre eix de 168mm:<\/strong> trituraci\u00f3 potent i continua.<\/p>\n<\/li>\n<li data-start=\"1015\" data-end=\"1095\">\n<p data-start=\"1017\" data-end=\"1095\"><strong data-start=\"1017\" data-end=\"1053\">Port\u00f3 i rostollers regulables: <\/strong>control total sobre el resultat final.<\/p>\n<\/li>\n<li data-start=\"1096\" data-end=\"1164\">\n<p data-start=\"1098\" data-end=\"1164\"><strong data-start=\"1098\" data-end=\"1131\">5 corretges de primera qualitat: <\/strong>transmissi\u00f3 fiable i duradora.<\/p>\n<\/li>\n<li data-start=\"1165\" data-end=\"1234\">\n<p data-start=\"1167\" data-end=\"1234\"><strong data-start=\"1167\" data-end=\"1200\">Patins i corr\u00f3 ajustables: <\/strong>adaptabilitat total al terreny.<\/p>\n<\/li>\n<li data-start=\"1235\" data-end=\"1321\">\n<p data-start=\"1237\" data-end=\"1321\"><strong data-start=\"1237\" data-end=\"1274\">Grup despla\u00e7at amb roda lliure: <\/strong>maniobrabilitat sense renunciar a la pot\u00e8ncia.<\/p>\n<\/li>\n<li data-start=\"1322\" data-end=\"1385\">\n<p data-start=\"1324\" data-end=\"1385\"><strong data-start=\"1324\" data-end=\"1344\">Cardan incl\u00f2s:<\/strong> instal\u00b7laci\u00f3 r\u00e0pida i directa al tractor.<\/p>\n<\/li>\n<\/ul>\n<p><strong>Rendiment i flexibilitat per a poda intensa a camps fruiters i agr\u00edcoles.<br \/>\n<\/strong><\/p>\n<h4>INFORMACI\u00d3 ADICIONAL:<\/h4>\n<ul>\n<li><strong>AMPLE TREBALL:<\/strong> 2190<\/li>\n<li><strong>KG:<\/strong> 815<\/li>\n<li><strong>ROSTOLLERS<\/strong>: 14<\/li>\n<li><strong>CORRETGES:<\/strong> 5<\/li>\n<li><strong>MARTELLS:<\/strong> 20<\/li>\n<li><strong>\u00d8 ROTOR: <\/strong>168<\/li>\n<li><strong>PTO:<\/strong> 540<\/li>\n<li><strong>HP:<\/strong> +90<\/li>\n<li><strong>AMPLE:<\/strong> 1200 mm<\/li>\n<li><strong>LLARG + DISC:<\/strong> 2350 mm<\/li>\n<li><strong>ALT: <\/strong>1100 mm<\/li>\n<\/ul>\n","protected":false},"excerpt":{"rendered":"<p data-start=\"1392\" data-end=\"1508\">Trituradora professional despla\u00e7able per a restes de poda de gran volum i treballs exigents.<\/p>\n","protected":false},"featured_media":1391,"comment_status":"open","ping_status":"closed","template":"","meta":[],"product_brand":[775,768],"product_cat":[420,425],"product_tag":[],"class_list":{"0":"post-2313","1":"product","2":"type-product","3":"status-publish","4":"has-post-thumbnail","6":"product_brand-grand-canyon-ca","7":"product_brand-zeppelin-ca","8":"product_cat-maquinaria-agricola-ca","9":"product_cat-trituradora-ca","11":"first","12":"instock","13":"featured","14":"taxable","15":"shipping-taxable","16":"purchasable","17":"product-type-simple"},"yoast_head":"<!-- This site is optimized with the Yoast SEO plugin v25.6 - https:\/\/yoast.com\/wordpress\/plugins\/seo\/ -->\n<title>Trituradora de Martells amb Porton i Rastrojers - Trituradores Grup Despla\u00e7at - Tallers Hidrasol<\/title>\n<meta name=\"robots\" content=\"index, follow, max-snippet:-1, max-image-preview:large, max-video-preview:-1\" \/>\n<link rel=\"canonical\" href=\"https:\/\/tallershidrasol.com\/ca\/producte\/trituradora-de-martells-amb-porton-i-rastrojers-trituradores-grup-desplacat\/\" \/>\n<meta property=\"og:locale\" content=\"ca_ES\" \/>\n<meta property=\"og:type\" content=\"article\" \/>\n<meta property=\"og:title\" content=\"Trituradora de Martells amb Porton i Rastrojers - Trituradores Grup Despla\u00e7at - Tallers Hidrasol\" \/>\n<meta property=\"og:description\" content=\"Trituradora professional despla\u00e7able per a restes de poda de gran volum i treballs exigents.\" \/>\n<meta property=\"og:url\" content=\"https:\/\/tallershidrasol.com\/ca\/producte\/trituradora-de-martells-amb-porton-i-rastrojers-trituradores-grup-desplacat\/\" \/>\n<meta property=\"og:site_name\" content=\"Tallers Hidrasol\" \/>\n<meta property=\"article:modified_time\" content=\"2025-08-26T12:02:08+00:00\" \/>\n<meta property=\"og:image\" content=\"https:\/\/tallershidrasol.com\/wp-content\/uploads\/2025\/07\/great-canyon-desplazable-gran-volumen-2190-mm-con-porton-grupo-desplazado2-1.jpg\" \/>\n\t<meta property=\"og:image:width\" content=\"1000\" \/>\n\t<meta property=\"og:image:height\" content=\"825\" \/>\n\t<meta property=\"og:image:type\" content=\"image\/jpeg\" \/>\n<meta name=\"twitter:card\" content=\"summary_large_image\" \/>\n<meta name=\"twitter:label1\" content=\"Temps estimat de lectura\" \/>\n\t<meta name=\"twitter:data1\" content=\"1 minut\" \/>\n<script type=\"application\/ld+json\" class=\"yoast-schema-graph\">{\"@context\":\"https:\/\/schema.org\",\"@graph\":[{\"@type\":\"WebPage\",\"@id\":\"https:\/\/tallershidrasol.com\/ca\/producte\/trituradora-de-martells-amb-porton-i-rastrojers-trituradores-grup-desplacat\/\",\"url\":\"https:\/\/tallershidrasol.com\/ca\/producte\/trituradora-de-martells-amb-porton-i-rastrojers-trituradores-grup-desplacat\/\",\"name\":\"Trituradora de Martells amb Porton i Rastrojers - Trituradores Grup Despla\u00e7at - Tallers Hidrasol\",\"isPartOf\":{\"@id\":\"https:\/\/tallershidrasol.com\/ca\/#website\"},\"primaryImageOfPage\":{\"@id\":\"https:\/\/tallershidrasol.com\/ca\/producte\/trituradora-de-martells-amb-porton-i-rastrojers-trituradores-grup-desplacat\/#primaryimage\"},\"image\":{\"@id\":\"https:\/\/tallershidrasol.com\/ca\/producte\/trituradora-de-martells-amb-porton-i-rastrojers-trituradores-grup-desplacat\/#primaryimage\"},\"thumbnailUrl\":\"https:\/\/tallershidrasol.com\/wp-content\/uploads\/2025\/07\/great-canyon-desplazable-gran-volumen-2190-mm-con-porton-grupo-desplazado2-1.jpg\",\"datePublished\":\"2025-07-28T13:24:30+00:00\",\"dateModified\":\"2025-08-26T12:02:08+00:00\",\"breadcrumb\":{\"@id\":\"https:\/\/tallershidrasol.com\/ca\/producte\/trituradora-de-martells-amb-porton-i-rastrojers-trituradores-grup-desplacat\/#breadcrumb\"},\"inLanguage\":\"ca\",\"potentialAction\":[{\"@type\":\"ReadAction\",\"target\":[\"https:\/\/tallershidrasol.com\/ca\/producte\/trituradora-de-martells-amb-porton-i-rastrojers-trituradores-grup-desplacat\/\"]}]},{\"@type\":\"ImageObject\",\"inLanguage\":\"ca\",\"@id\":\"https:\/\/tallershidrasol.com\/ca\/producte\/trituradora-de-martells-amb-porton-i-rastrojers-trituradores-grup-desplacat\/#primaryimage\",\"url\":\"https:\/\/tallershidrasol.com\/wp-content\/uploads\/2025\/07\/great-canyon-desplazable-gran-volumen-2190-mm-con-porton-grupo-desplazado2-1.jpg\",\"contentUrl\":\"https:\/\/tallershidrasol.com\/wp-content\/uploads\/2025\/07\/great-canyon-desplazable-gran-volumen-2190-mm-con-porton-grupo-desplazado2-1.jpg\",\"width\":1000,\"height\":825},{\"@type\":\"BreadcrumbList\",\"@id\":\"https:\/\/tallershidrasol.com\/ca\/producte\/trituradora-de-martells-amb-porton-i-rastrojers-trituradores-grup-desplacat\/#breadcrumb\",\"itemListElement\":[{\"@type\":\"ListItem\",\"position\":1,\"name\":\"Portada\",\"item\":\"https:\/\/tallershidrasol.com\/ca\/tallers-hidrasol-manteniments-industrials-hidraulica-soldadura\/\"},{\"@type\":\"ListItem\",\"position\":2,\"name\":\"Botiga online\",\"item\":\"https:\/\/tallershidrasol.com\/ca\/botiga-online\/\"},{\"@type\":\"ListItem\",\"position\":3,\"name\":\"Trituradora de Martells amb Porton i Rastrojers &#8211; Trituradores Grup Despla\u00e7at\"}]},{\"@type\":\"WebSite\",\"@id\":\"https:\/\/tallershidrasol.com\/ca\/#website\",\"url\":\"https:\/\/tallershidrasol.com\/ca\/\",\"name\":\"Tallers Hidrasol\",\"description\":\"Manteniments Industrials - Hidr\u00e0ulica - Soldadura\",\"potentialAction\":[{\"@type\":\"SearchAction\",\"target\":{\"@type\":\"EntryPoint\",\"urlTemplate\":\"https:\/\/tallershidrasol.com\/ca\/?s={search_term_string}\"},\"query-input\":{\"@type\":\"PropertyValueSpecification\",\"valueRequired\":true,\"valueName\":\"search_term_string\"}}],\"inLanguage\":\"ca\"}]}<\/script>\n<!-- \/ Yoast SEO plugin. -->","yoast_head_json":{"title":"Trituradora de Martells amb Porton i Rastrojers - Trituradores Grup Despla\u00e7at - Tallers Hidrasol","robots":{"index":"index","follow":"follow","max-snippet":"max-snippet:-1","max-image-preview":"max-image-preview:large","max-video-preview":"max-video-preview:-1"},"canonical":"https:\/\/tallershidrasol.com\/ca\/producte\/trituradora-de-martells-amb-porton-i-rastrojers-trituradores-grup-desplacat\/","og_locale":"ca_ES","og_type":"article","og_title":"Trituradora de Martells amb Porton i Rastrojers - Trituradores Grup Despla\u00e7at - Tallers Hidrasol","og_description":"Trituradora professional despla\u00e7able per a restes de poda de gran volum i treballs exigents.","og_url":"https:\/\/tallershidrasol.com\/ca\/producte\/trituradora-de-martells-amb-porton-i-rastrojers-trituradores-grup-desplacat\/","og_site_name":"Tallers Hidrasol","article_modified_time":"2025-08-26T12:02:08+00:00","og_image":[{"width":1000,"height":825,"url":"https:\/\/tallershidrasol.com\/wp-content\/uploads\/2025\/07\/great-canyon-desplazable-gran-volumen-2190-mm-con-porton-grupo-desplazado2-1.jpg","type":"image\/jpeg"}],"twitter_card":"summary_large_image","twitter_misc":{"Temps estimat de lectura":"1 minut"},"schema":{"@context":"https:\/\/schema.org","@graph":[{"@type":"WebPage","@id":"https:\/\/tallershidrasol.com\/ca\/producte\/trituradora-de-martells-amb-porton-i-rastrojers-trituradores-grup-desplacat\/","url":"https:\/\/tallershidrasol.com\/ca\/producte\/trituradora-de-martells-amb-porton-i-rastrojers-trituradores-grup-desplacat\/","name":"Trituradora de Martells amb Porton i Rastrojers - Trituradores Grup Despla\u00e7at - Tallers Hidrasol","isPartOf":{"@id":"https:\/\/tallershidrasol.com\/ca\/#website"},"primaryImageOfPage":{"@id":"https:\/\/tallershidrasol.com\/ca\/producte\/trituradora-de-martells-amb-porton-i-rastrojers-trituradores-grup-desplacat\/#primaryimage"},"image":{"@id":"https:\/\/tallershidrasol.com\/ca\/producte\/trituradora-de-martells-amb-porton-i-rastrojers-trituradores-grup-desplacat\/#primaryimage"},"thumbnailUrl":"https:\/\/tallershidrasol.com\/wp-content\/uploads\/2025\/07\/great-canyon-desplazable-gran-volumen-2190-mm-con-porton-grupo-desplazado2-1.jpg","datePublished":"2025-07-28T13:24:30+00:00","dateModified":"2025-08-26T12:02:08+00:00","breadcrumb":{"@id":"https:\/\/tallershidrasol.com\/ca\/producte\/trituradora-de-martells-amb-porton-i-rastrojers-trituradores-grup-desplacat\/#breadcrumb"},"inLanguage":"ca","potentialAction":[{"@type":"ReadAction","target":["https:\/\/tallershidrasol.com\/ca\/producte\/trituradora-de-martells-amb-porton-i-rastrojers-trituradores-grup-desplacat\/"]}]},{"@type":"ImageObject","inLanguage":"ca","@id":"https:\/\/tallershidrasol.com\/ca\/producte\/trituradora-de-martells-amb-porton-i-rastrojers-trituradores-grup-desplacat\/#primaryimage","url":"https:\/\/tallershidrasol.com\/wp-content\/uploads\/2025\/07\/great-canyon-desplazable-gran-volumen-2190-mm-con-porton-grupo-desplazado2-1.jpg","contentUrl":"https:\/\/tallershidrasol.com\/wp-content\/uploads\/2025\/07\/great-canyon-desplazable-gran-volumen-2190-mm-con-porton-grupo-desplazado2-1.jpg","width":1000,"height":825},{"@type":"BreadcrumbList","@id":"https:\/\/tallershidrasol.com\/ca\/producte\/trituradora-de-martells-amb-porton-i-rastrojers-trituradores-grup-desplacat\/#breadcrumb","itemListElement":[{"@type":"ListItem","position":1,"name":"Portada","item":"https:\/\/tallershidrasol.com\/ca\/tallers-hidrasol-manteniments-industrials-hidraulica-soldadura\/"},{"@type":"ListItem","position":2,"name":"Botiga online","item":"https:\/\/tallershidrasol.com\/ca\/botiga-online\/"},{"@type":"ListItem","position":3,"name":"Trituradora de Martells amb Porton i Rastrojers &#8211; Trituradores Grup Despla\u00e7at"}]},{"@type":"WebSite","@id":"https:\/\/tallershidrasol.com\/ca\/#website","url":"https:\/\/tallershidrasol.com\/ca\/","name":"Tallers Hidrasol","description":"Manteniments Industrials - Hidr\u00e0ulica - Soldadura","potentialAction":[{"@type":"SearchAction","target":{"@type":"EntryPoint","urlTemplate":"https:\/\/tallershidrasol.com\/ca\/?s={search_term_string}"},"query-input":{"@type":"PropertyValueSpecification","valueRequired":true,"valueName":"search_term_string"}}],"inLanguage":"ca"}]}},"_links":{"self":[{"href":"https:\/\/tallershidrasol.com\/ca\/wp-json\/wp\/v2\/product\/2313","targetHints":{"allow":["GET"]}}],"collection":[{"href":"https:\/\/tallershidrasol.com\/ca\/wp-json\/wp\/v2\/product"}],"about":[{"href":"https:\/\/tallershidrasol.com\/ca\/wp-json\/wp\/v2\/types\/product"}],"replies":[{"embeddable":true,"href":"https:\/\/tallershidrasol.com\/ca\/wp-json\/wp\/v2\/comments?post=2313"}],"wp:featuredmedia":[{"embeddable":true,"href":"https:\/\/tallershidrasol.com\/ca\/wp-json\/wp\/v2\/media\/1391"}],"wp:attachment":[{"href":"https:\/\/tallershidrasol.com\/ca\/wp-json\/wp\/v2\/media?parent=2313"}],"wp:term":[{"taxonomy":"product_brand","embeddable":true,"href":"https:\/\/tallershidrasol.com\/ca\/wp-json\/wp\/v2\/product_brand?post=2313"},{"taxonomy":"product_cat","embeddable":true,"href":"https:\/\/tallershidrasol.com\/ca\/wp-json\/wp\/v2\/product_cat?post=2313"},{"taxonomy":"product_tag","embeddable":true,"href":"https:\/\/tallershidrasol.com\/ca\/wp-json\/wp\/v2\/product_tag?post=2313"}],"curies":[{"name":"wp","href":"https:\/\/api.w.org\/{rel}","templated":true}]}}