{"id":2314,"date":"2025-07-28T15:03:22","date_gmt":"2025-07-28T13:03:22","guid":{"rendered":"https:\/\/tallershidrasol.com\/producte\/trituradora-de-martells-amb-rastrojers-trituradores-desplacable-porto-regulable\/"},"modified":"2025-08-26T14:02:20","modified_gmt":"2025-08-26T12:02:20","slug":"trituradora-de-martells-amb-rastrojers-trituradores-desplacable-porto-regulable","status":"publish","type":"product","link":"https:\/\/tallershidrasol.com\/ca\/producte\/trituradora-de-martells-amb-rastrojers-trituradores-desplacable-porto-regulable\/","title":{"rendered":"Trituradora de Martells amb Rastrojers &#8211; Trituradores Despla\u00e7able Port\u00f3 Regulable"},"content":{"rendered":"<h2>M\u00e0xima efici\u00e8ncia per triturar poda gruixuda amb despla\u00e7ament hidr\u00e0ulic<\/h2>\n<p data-start=\"362\" data-end=\"781\">La trituradora<strong data-start=\"396\" data-end=\"445\"> GRAND CANYON Despla\u00e7able amb porta regulable<\/strong> est\u00e0 pensada per a treballs de gran volum en explotacions mitjanes i grans, permetent triturar branques i restes vegetals de fins a <strong data-start=\"581\" data-end=\"590\">15cm <\/strong>de forma efica\u00e7. Gr\u00e0cies al seu <strong data-start=\"621\" data-end=\"653\">grup refor\u00e7at de fosa<\/strong> i les <strong data-start=\"660\" data-end=\"692\">cinc corretges de transmissi\u00f3<\/strong>, proporciona una pot\u00e8ncia estable i segura, fins i tot en condicions de treball exigents. <\/p>\n<p data-start=\"783\" data-end=\"1001\">Equipada amb <strong data-start=\"796\" data-end=\"835\">despla\u00e7ament hidr\u00e0ulic de 500mm<\/strong>, <strong data-start=\"837\" data-end=\"857\">porta regulable<\/strong> i <strong data-start=\"860\" data-end=\"902\">martells muntats sobre eix de 168mm<\/strong>, aquesta trituradora ofereix versatilitat, rendiment i fiabilitat amb tractors de m\u00e9s de <strong data-start=\"991\" data-end=\"1000\">50HP<\/strong>.<\/p>\n<h4 data-start=\"1008\" data-end=\"1023\"><strong data-start=\"1008\" data-end=\"1021\">AVANTATGES:<\/strong><\/h4>\n<ul data-start=\"1024\" data-end=\"1417\">\n<li data-start=\"1024\" data-end=\"1104\">\n<p data-start=\"1026\" data-end=\"1104\"><strong data-start=\"1026\" data-end=\"1059\">5 corretges de primera qualitat:<\/strong> tracci\u00f3 constant i durabilitat superior.<\/p>\n<\/li>\n<li data-start=\"1105\" data-end=\"1186\">\n<p data-start=\"1107\" data-end=\"1186\"><strong data-start=\"1107\" data-end=\"1141\">Martells sobre eix de 168mm:<\/strong> major impacte i efici\u00e8ncia de trituraci\u00f3.<\/p>\n<\/li>\n<li data-start=\"1187\" data-end=\"1275\">\n<p data-start=\"1189\" data-end=\"1275\"><strong data-start=\"1189\" data-end=\"1222\">Patins i corr\u00f3 regulables:<\/strong> adaptabilitat al tipus de terreny i al\u00e7ada desitjada.<\/p>\n<\/li>\n<li data-start=\"1276\" data-end=\"1354\">\n<p data-start=\"1278\" data-end=\"1354\"><strong data-start=\"1278\" data-end=\"1317\">Grup de fosa amb roda lliure:<\/strong> robustesa i protecci\u00f3 del sistema.<\/p>\n<\/li>\n<li data-start=\"1355\" data-end=\"1417\">\n<p data-start=\"1357\" data-end=\"1417\"><strong data-start=\"1357\" data-end=\"1377\">Cardan incl\u00f2s: <\/strong>connexi\u00f3 directa i llesta per treballar.<\/p>\n<\/li>\n<\/ul>\n<p><strong>Perfecte per triturar grans volums amb precisi\u00f3 i pot\u00e8ncia.<\/strong><\/p>\n<h4>INFORMACI\u00d3 ADICIONAL:<\/h4>\n<ul>\n<li><strong>DESPL\u00c7: <\/strong>500<\/li>\n<li><strong>CORRETGES<\/strong>: 5<\/li>\n<li><strong>\u00d8 ROTOR: <\/strong>168<\/li>\n<li><strong>PTO: <\/strong>540<\/li>\n<li><strong>AMPLE:<\/strong> 1050 mm<\/li>\n<li><strong>ALT<\/strong>: 1100 mm<\/li>\n<\/ul>\n","protected":false},"excerpt":{"rendered":"<p>Trituradora potent i despla\u00e7able per a restes de poda gruixuda fins a 15cm de di\u00e0metre.<\/p>\n","protected":false},"featured_media":1383,"comment_status":"open","ping_status":"closed","template":"","meta":[],"product_brand":[775,768],"product_cat":[420,425],"product_tag":[],"class_list":{"0":"post-2314","1":"product","2":"type-product","3":"status-publish","4":"has-post-thumbnail","6":"product_brand-grand-canyon-ca","7":"product_brand-zeppelin-ca","8":"product_cat-maquinaria-agricola-ca","9":"product_cat-trituradora-ca","11":"first","12":"instock","13":"featured","14":"taxable","15":"shipping-taxable","16":"purchasable","17":"product-type-variable"},"yoast_head":"<!-- This site is optimized with the Yoast SEO plugin v25.6 - https:\/\/yoast.com\/wordpress\/plugins\/seo\/ -->\n<title>Trituradora de Martells amb Rastrojers - Trituradores Despla\u00e7able Port\u00f3 Regulable - Tallers Hidrasol<\/title>\n<meta name=\"robots\" content=\"index, follow, max-snippet:-1, max-image-preview:large, max-video-preview:-1\" \/>\n<link rel=\"canonical\" href=\"https:\/\/tallershidrasol.com\/ca\/producte\/trituradora-de-martells-amb-rastrojers-trituradores-desplacable-porto-regulable\/\" \/>\n<meta property=\"og:locale\" content=\"ca_ES\" \/>\n<meta property=\"og:type\" content=\"article\" \/>\n<meta property=\"og:title\" content=\"Trituradora de Martells amb Rastrojers - Trituradores Despla\u00e7able Port\u00f3 Regulable - Tallers Hidrasol\" \/>\n<meta property=\"og:description\" content=\"Trituradora potent i despla\u00e7able per a restes de poda gruixuda fins a 15cm de di\u00e0metre.\" \/>\n<meta property=\"og:url\" content=\"https:\/\/tallershidrasol.com\/ca\/producte\/trituradora-de-martells-amb-rastrojers-trituradores-desplacable-porto-regulable\/\" \/>\n<meta property=\"og:site_name\" content=\"Tallers Hidrasol\" \/>\n<meta property=\"article:modified_time\" content=\"2025-08-26T12:02:20+00:00\" \/>\n<meta property=\"og:image\" content=\"https:\/\/tallershidrasol.com\/wp-content\/uploads\/2025\/07\/great-canyon-reforzado-2200-mm-con-porton.jpg\" \/>\n\t<meta property=\"og:image:width\" content=\"1000\" \/>\n\t<meta property=\"og:image:height\" content=\"825\" \/>\n\t<meta property=\"og:image:type\" content=\"image\/jpeg\" \/>\n<meta name=\"twitter:card\" content=\"summary_large_image\" \/>\n<meta name=\"twitter:label1\" content=\"Temps estimat de lectura\" \/>\n\t<meta name=\"twitter:data1\" content=\"1 minut\" \/>\n<script type=\"application\/ld+json\" class=\"yoast-schema-graph\">{\"@context\":\"https:\/\/schema.org\",\"@graph\":[{\"@type\":\"WebPage\",\"@id\":\"https:\/\/tallershidrasol.com\/ca\/producte\/trituradora-de-martells-amb-rastrojers-trituradores-desplacable-porto-regulable\/\",\"url\":\"https:\/\/tallershidrasol.com\/ca\/producte\/trituradora-de-martells-amb-rastrojers-trituradores-desplacable-porto-regulable\/\",\"name\":\"Trituradora de Martells amb Rastrojers - Trituradores Despla\u00e7able Port\u00f3 Regulable - Tallers Hidrasol\",\"isPartOf\":{\"@id\":\"https:\/\/tallershidrasol.com\/ca\/#website\"},\"primaryImageOfPage\":{\"@id\":\"https:\/\/tallershidrasol.com\/ca\/producte\/trituradora-de-martells-amb-rastrojers-trituradores-desplacable-porto-regulable\/#primaryimage\"},\"image\":{\"@id\":\"https:\/\/tallershidrasol.com\/ca\/producte\/trituradora-de-martells-amb-rastrojers-trituradores-desplacable-porto-regulable\/#primaryimage\"},\"thumbnailUrl\":\"https:\/\/tallershidrasol.com\/wp-content\/uploads\/2025\/07\/great-canyon-reforzado-2200-mm-con-porton.jpg\",\"datePublished\":\"2025-07-28T13:03:22+00:00\",\"dateModified\":\"2025-08-26T12:02:20+00:00\",\"breadcrumb\":{\"@id\":\"https:\/\/tallershidrasol.com\/ca\/producte\/trituradora-de-martells-amb-rastrojers-trituradores-desplacable-porto-regulable\/#breadcrumb\"},\"inLanguage\":\"ca\",\"potentialAction\":[{\"@type\":\"ReadAction\",\"target\":[\"https:\/\/tallershidrasol.com\/ca\/producte\/trituradora-de-martells-amb-rastrojers-trituradores-desplacable-porto-regulable\/\"]}]},{\"@type\":\"ImageObject\",\"inLanguage\":\"ca\",\"@id\":\"https:\/\/tallershidrasol.com\/ca\/producte\/trituradora-de-martells-amb-rastrojers-trituradores-desplacable-porto-regulable\/#primaryimage\",\"url\":\"https:\/\/tallershidrasol.com\/wp-content\/uploads\/2025\/07\/great-canyon-reforzado-2200-mm-con-porton.jpg\",\"contentUrl\":\"https:\/\/tallershidrasol.com\/wp-content\/uploads\/2025\/07\/great-canyon-reforzado-2200-mm-con-porton.jpg\",\"width\":1000,\"height\":825},{\"@type\":\"BreadcrumbList\",\"@id\":\"https:\/\/tallershidrasol.com\/ca\/producte\/trituradora-de-martells-amb-rastrojers-trituradores-desplacable-porto-regulable\/#breadcrumb\",\"itemListElement\":[{\"@type\":\"ListItem\",\"position\":1,\"name\":\"Portada\",\"item\":\"https:\/\/tallershidrasol.com\/ca\/tallers-hidrasol-manteniments-industrials-hidraulica-soldadura\/\"},{\"@type\":\"ListItem\",\"position\":2,\"name\":\"Botiga online\",\"item\":\"https:\/\/tallershidrasol.com\/ca\/botiga-online\/\"},{\"@type\":\"ListItem\",\"position\":3,\"name\":\"Trituradora de Martells amb Rastrojers &#8211; Trituradores Despla\u00e7able Port\u00f3 Regulable\"}]},{\"@type\":\"WebSite\",\"@id\":\"https:\/\/tallershidrasol.com\/ca\/#website\",\"url\":\"https:\/\/tallershidrasol.com\/ca\/\",\"name\":\"Tallers Hidrasol\",\"description\":\"Manteniments Industrials - Hidr\u00e0ulica - Soldadura\",\"potentialAction\":[{\"@type\":\"SearchAction\",\"target\":{\"@type\":\"EntryPoint\",\"urlTemplate\":\"https:\/\/tallershidrasol.com\/ca\/?s={search_term_string}\"},\"query-input\":{\"@type\":\"PropertyValueSpecification\",\"valueRequired\":true,\"valueName\":\"search_term_string\"}}],\"inLanguage\":\"ca\"}]}<\/script>\n<!-- \/ Yoast SEO plugin. -->","yoast_head_json":{"title":"Trituradora de Martells amb Rastrojers - Trituradores Despla\u00e7able Port\u00f3 Regulable - Tallers Hidrasol","robots":{"index":"index","follow":"follow","max-snippet":"max-snippet:-1","max-image-preview":"max-image-preview:large","max-video-preview":"max-video-preview:-1"},"canonical":"https:\/\/tallershidrasol.com\/ca\/producte\/trituradora-de-martells-amb-rastrojers-trituradores-desplacable-porto-regulable\/","og_locale":"ca_ES","og_type":"article","og_title":"Trituradora de Martells amb Rastrojers - Trituradores Despla\u00e7able Port\u00f3 Regulable - Tallers Hidrasol","og_description":"Trituradora potent i despla\u00e7able per a restes de poda gruixuda fins a 15cm de di\u00e0metre.","og_url":"https:\/\/tallershidrasol.com\/ca\/producte\/trituradora-de-martells-amb-rastrojers-trituradores-desplacable-porto-regulable\/","og_site_name":"Tallers Hidrasol","article_modified_time":"2025-08-26T12:02:20+00:00","og_image":[{"width":1000,"height":825,"url":"https:\/\/tallershidrasol.com\/wp-content\/uploads\/2025\/07\/great-canyon-reforzado-2200-mm-con-porton.jpg","type":"image\/jpeg"}],"twitter_card":"summary_large_image","twitter_misc":{"Temps estimat de lectura":"1 minut"},"schema":{"@context":"https:\/\/schema.org","@graph":[{"@type":"WebPage","@id":"https:\/\/tallershidrasol.com\/ca\/producte\/trituradora-de-martells-amb-rastrojers-trituradores-desplacable-porto-regulable\/","url":"https:\/\/tallershidrasol.com\/ca\/producte\/trituradora-de-martells-amb-rastrojers-trituradores-desplacable-porto-regulable\/","name":"Trituradora de Martells amb Rastrojers - Trituradores Despla\u00e7able Port\u00f3 Regulable - Tallers Hidrasol","isPartOf":{"@id":"https:\/\/tallershidrasol.com\/ca\/#website"},"primaryImageOfPage":{"@id":"https:\/\/tallershidrasol.com\/ca\/producte\/trituradora-de-martells-amb-rastrojers-trituradores-desplacable-porto-regulable\/#primaryimage"},"image":{"@id":"https:\/\/tallershidrasol.com\/ca\/producte\/trituradora-de-martells-amb-rastrojers-trituradores-desplacable-porto-regulable\/#primaryimage"},"thumbnailUrl":"https:\/\/tallershidrasol.com\/wp-content\/uploads\/2025\/07\/great-canyon-reforzado-2200-mm-con-porton.jpg","datePublished":"2025-07-28T13:03:22+00:00","dateModified":"2025-08-26T12:02:20+00:00","breadcrumb":{"@id":"https:\/\/tallershidrasol.com\/ca\/producte\/trituradora-de-martells-amb-rastrojers-trituradores-desplacable-porto-regulable\/#breadcrumb"},"inLanguage":"ca","potentialAction":[{"@type":"ReadAction","target":["https:\/\/tallershidrasol.com\/ca\/producte\/trituradora-de-martells-amb-rastrojers-trituradores-desplacable-porto-regulable\/"]}]},{"@type":"ImageObject","inLanguage":"ca","@id":"https:\/\/tallershidrasol.com\/ca\/producte\/trituradora-de-martells-amb-rastrojers-trituradores-desplacable-porto-regulable\/#primaryimage","url":"https:\/\/tallershidrasol.com\/wp-content\/uploads\/2025\/07\/great-canyon-reforzado-2200-mm-con-porton.jpg","contentUrl":"https:\/\/tallershidrasol.com\/wp-content\/uploads\/2025\/07\/great-canyon-reforzado-2200-mm-con-porton.jpg","width":1000,"height":825},{"@type":"BreadcrumbList","@id":"https:\/\/tallershidrasol.com\/ca\/producte\/trituradora-de-martells-amb-rastrojers-trituradores-desplacable-porto-regulable\/#breadcrumb","itemListElement":[{"@type":"ListItem","position":1,"name":"Portada","item":"https:\/\/tallershidrasol.com\/ca\/tallers-hidrasol-manteniments-industrials-hidraulica-soldadura\/"},{"@type":"ListItem","position":2,"name":"Botiga online","item":"https:\/\/tallershidrasol.com\/ca\/botiga-online\/"},{"@type":"ListItem","position":3,"name":"Trituradora de Martells amb Rastrojers &#8211; Trituradores Despla\u00e7able Port\u00f3 Regulable"}]},{"@type":"WebSite","@id":"https:\/\/tallershidrasol.com\/ca\/#website","url":"https:\/\/tallershidrasol.com\/ca\/","name":"Tallers Hidrasol","description":"Manteniments Industrials - Hidr\u00e0ulica - Soldadura","potentialAction":[{"@type":"SearchAction","target":{"@type":"EntryPoint","urlTemplate":"https:\/\/tallershidrasol.com\/ca\/?s={search_term_string}"},"query-input":{"@type":"PropertyValueSpecification","valueRequired":true,"valueName":"search_term_string"}}],"inLanguage":"ca"}]}},"_links":{"self":[{"href":"https:\/\/tallershidrasol.com\/ca\/wp-json\/wp\/v2\/product\/2314","targetHints":{"allow":["GET"]}}],"collection":[{"href":"https:\/\/tallershidrasol.com\/ca\/wp-json\/wp\/v2\/product"}],"about":[{"href":"https:\/\/tallershidrasol.com\/ca\/wp-json\/wp\/v2\/types\/product"}],"replies":[{"embeddable":true,"href":"https:\/\/tallershidrasol.com\/ca\/wp-json\/wp\/v2\/comments?post=2314"}],"wp:featuredmedia":[{"embeddable":true,"href":"https:\/\/tallershidrasol.com\/ca\/wp-json\/wp\/v2\/media\/1383"}],"wp:attachment":[{"href":"https:\/\/tallershidrasol.com\/ca\/wp-json\/wp\/v2\/media?parent=2314"}],"wp:term":[{"taxonomy":"product_brand","embeddable":true,"href":"https:\/\/tallershidrasol.com\/ca\/wp-json\/wp\/v2\/product_brand?post=2314"},{"taxonomy":"product_cat","embeddable":true,"href":"https:\/\/tallershidrasol.com\/ca\/wp-json\/wp\/v2\/product_cat?post=2314"},{"taxonomy":"product_tag","embeddable":true,"href":"https:\/\/tallershidrasol.com\/ca\/wp-json\/wp\/v2\/product_tag?post=2314"}],"curies":[{"name":"wp","href":"https:\/\/api.w.org\/{rel}","templated":true}]}}