{"id":2332,"date":"2025-07-28T13:16:42","date_gmt":"2025-07-28T11:16:42","guid":{"rendered":"https:\/\/tallershidrasol.com\/producte\/trituradora-de-martells-trituradora-fixa-reversible\/"},"modified":"2025-08-26T14:12:29","modified_gmt":"2025-08-26T12:12:29","slug":"trituradora-de-martells-trituradora-fixa-reversible","status":"publish","type":"product","link":"https:\/\/tallershidrasol.com\/ca\/producte\/trituradora-de-martells-trituradora-fixa-reversible\/","title":{"rendered":"Trituradora de martells &#8211; Trituradora Fixa Reversible"},"content":{"rendered":"<h2>Trituraci\u00f3 fixa i reversible per a poda gruixuda sense concessions<\/h2>\n<p data-start=\"342\" data-end=\"710\">La trituradora <strong data-start=\"376\" data-end=\"403\">ARIZONA Fixa Reversible<\/strong> est\u00e0 dissenyada per al maneig de <strong data-start=\"436\" data-end=\"475\">poda i branques gruixudes de fins a 10cm<\/strong>, oferint un rendiment superior en feines exigents. Equipada amb un <strong data-start=\"551\" data-end=\"571\">grup reversible <\/strong>i <strong data-start=\"574\" data-end=\"603\">doble tripuntal refor\u00e7at<\/strong>, permet treballar tant a la part davantera com al darrere del tractor, segons les necessitats del terreny. <\/p>\n<p data-start=\"712\" data-end=\"1047\">Encara que \u00e9s de muntatge fix, incorpora<strong data-start=\"749\" data-end=\"782\"> corr\u00f3 del darrere d&#8217;anivellament<\/strong> per a un acabat net i prec\u00eds, i destaca per la seva <strong data-start=\"834\" data-end=\"877\">gran amplada de treball de fins a 3metres<\/strong>, ideal per a explotacions de grans dimensions. La seva construcci\u00f3 amb <strong data-start=\"940\" data-end=\"969\">xapes laterals de 10mm<\/strong> garanteix resist\u00e8ncia i llarga vida \u00fatil fins i tot en les condicions m\u00e9s dures. <\/p>\n<h4 data-start=\"1054\" data-end=\"1069\"><strong data-start=\"1054\" data-end=\"1067\">AVANTATGES:<\/strong><\/h4>\n<ul data-start=\"1070\" data-end=\"1356\">\n<li data-start=\"1070\" data-end=\"1136\">\n<p data-start=\"1072\" data-end=\"1136\"><strong data-start=\"1072\" data-end=\"1103\">Corretges de primera qualitat:<\/strong> m\u00e9s efici\u00e8ncia i fiabilitat.<\/p>\n<\/li>\n<li data-start=\"1137\" data-end=\"1208\">\n<p data-start=\"1139\" data-end=\"1208\"><strong data-start=\"1139\" data-end=\"1164\">Martells refor\u00e7ats: <\/strong>preparats per a poda gruixuda i resistent.<\/p>\n<\/li>\n<li data-start=\"1209\" data-end=\"1282\">\n<p data-start=\"1211\" data-end=\"1282\"><strong data-start=\"1211\" data-end=\"1250\">Ample de treball de fins a 3 metres:<\/strong> m\u00e9s productivitat per passada.<\/p>\n<\/li>\n<li data-start=\"1283\" data-end=\"1356\">\n<p data-start=\"1285\" data-end=\"1356\"><strong data-start=\"1285\" data-end=\"1326\">Xapes laterals de 10 mm de gruix: <\/strong>m\u00e0xima protecci\u00f3 i robustesa.<\/p>\n<\/li>\n<\/ul>\n<p><strong>Pensada per a professionals que necessiten pot\u00e8ncia, amplada i fiabilitat.<\/strong><\/p>\n<h4>INFORMACI\u00d3 ADICIONAL:<\/h4>\n<ul>\n<li><strong>AMPLE TREBALL:<\/strong> 3000<\/li>\n<li><strong>KG:<\/strong> 1230<\/li>\n<li><strong>CORRETGES:<\/strong> 5<\/li>\n<li><strong>MARTELLS:<\/strong> 30 (1.65 kg)<\/li>\n<li><strong>\u00d8 ROTOR:<\/strong> 194<\/li>\n<li><strong>PTO: <\/strong>540<\/li>\n<li><strong>HP:<\/strong> 100<\/li>\n<li><strong>AMPLE:<\/strong> 1100 mm<\/li>\n<li><strong>LLARG:<\/strong> 3080 mm<\/li>\n<li><strong>ALT:<\/strong> 800 mm<\/li>\n<\/ul>\n","protected":false},"excerpt":{"rendered":"<p data-start=\"1363\" data-end=\"1481\">Trituradora fixa i reversible de gran amplada, perfecta per a poda gruixuda i treballs intensius.<\/p>\n","protected":false},"featured_media":1333,"comment_status":"open","ping_status":"closed","template":"","meta":[],"product_brand":[774,768],"product_cat":[420,425],"product_tag":[],"class_list":{"0":"post-2332","1":"product","2":"type-product","3":"status-publish","4":"has-post-thumbnail","6":"product_brand-arizona-tech-ca","7":"product_brand-zeppelin-ca","8":"product_cat-maquinaria-agricola-ca","9":"product_cat-trituradora-ca","11":"first","12":"instock","13":"featured","14":"taxable","15":"shipping-taxable","16":"purchasable","17":"product-type-simple"},"yoast_head":"<!-- This site is optimized with the Yoast SEO plugin v25.6 - https:\/\/yoast.com\/wordpress\/plugins\/seo\/ -->\n<title>Trituradora de martells - Trituradora Fixa Reversible - Tallers Hidrasol<\/title>\n<meta name=\"robots\" content=\"index, follow, max-snippet:-1, max-image-preview:large, max-video-preview:-1\" \/>\n<link rel=\"canonical\" href=\"https:\/\/tallershidrasol.com\/ca\/producte\/trituradora-de-martells-trituradora-fixa-reversible\/\" \/>\n<meta property=\"og:locale\" content=\"ca_ES\" \/>\n<meta property=\"og:type\" content=\"article\" \/>\n<meta property=\"og:title\" content=\"Trituradora de martells - Trituradora Fixa Reversible - Tallers Hidrasol\" \/>\n<meta property=\"og:description\" content=\"Trituradora fixa i reversible de gran amplada, perfecta per a poda gruixuda i treballs intensius.\" \/>\n<meta property=\"og:url\" content=\"https:\/\/tallershidrasol.com\/ca\/producte\/trituradora-de-martells-trituradora-fixa-reversible\/\" \/>\n<meta property=\"og:site_name\" content=\"Tallers Hidrasol\" \/>\n<meta property=\"article:modified_time\" content=\"2025-08-26T12:12:29+00:00\" \/>\n<meta property=\"og:image\" content=\"https:\/\/tallershidrasol.com\/wp-content\/uploads\/2025\/07\/arizona-fija-reversible2-3000-mm-2.jpg\" \/>\n\t<meta property=\"og:image:width\" content=\"1000\" \/>\n\t<meta property=\"og:image:height\" content=\"825\" \/>\n\t<meta property=\"og:image:type\" content=\"image\/jpeg\" \/>\n<meta name=\"twitter:card\" content=\"summary_large_image\" \/>\n<meta name=\"twitter:label1\" content=\"Temps estimat de lectura\" \/>\n\t<meta name=\"twitter:data1\" content=\"1 minut\" \/>\n<script type=\"application\/ld+json\" class=\"yoast-schema-graph\">{\"@context\":\"https:\/\/schema.org\",\"@graph\":[{\"@type\":\"WebPage\",\"@id\":\"https:\/\/tallershidrasol.com\/ca\/producte\/trituradora-de-martells-trituradora-fixa-reversible\/\",\"url\":\"https:\/\/tallershidrasol.com\/ca\/producte\/trituradora-de-martells-trituradora-fixa-reversible\/\",\"name\":\"Trituradora de martells - Trituradora Fixa Reversible - Tallers Hidrasol\",\"isPartOf\":{\"@id\":\"https:\/\/tallershidrasol.com\/ca\/#website\"},\"primaryImageOfPage\":{\"@id\":\"https:\/\/tallershidrasol.com\/ca\/producte\/trituradora-de-martells-trituradora-fixa-reversible\/#primaryimage\"},\"image\":{\"@id\":\"https:\/\/tallershidrasol.com\/ca\/producte\/trituradora-de-martells-trituradora-fixa-reversible\/#primaryimage\"},\"thumbnailUrl\":\"https:\/\/tallershidrasol.com\/wp-content\/uploads\/2025\/07\/arizona-fija-reversible2-3000-mm-2.jpg\",\"datePublished\":\"2025-07-28T11:16:42+00:00\",\"dateModified\":\"2025-08-26T12:12:29+00:00\",\"breadcrumb\":{\"@id\":\"https:\/\/tallershidrasol.com\/ca\/producte\/trituradora-de-martells-trituradora-fixa-reversible\/#breadcrumb\"},\"inLanguage\":\"ca\",\"potentialAction\":[{\"@type\":\"ReadAction\",\"target\":[\"https:\/\/tallershidrasol.com\/ca\/producte\/trituradora-de-martells-trituradora-fixa-reversible\/\"]}]},{\"@type\":\"ImageObject\",\"inLanguage\":\"ca\",\"@id\":\"https:\/\/tallershidrasol.com\/ca\/producte\/trituradora-de-martells-trituradora-fixa-reversible\/#primaryimage\",\"url\":\"https:\/\/tallershidrasol.com\/wp-content\/uploads\/2025\/07\/arizona-fija-reversible2-3000-mm-2.jpg\",\"contentUrl\":\"https:\/\/tallershidrasol.com\/wp-content\/uploads\/2025\/07\/arizona-fija-reversible2-3000-mm-2.jpg\",\"width\":1000,\"height\":825},{\"@type\":\"BreadcrumbList\",\"@id\":\"https:\/\/tallershidrasol.com\/ca\/producte\/trituradora-de-martells-trituradora-fixa-reversible\/#breadcrumb\",\"itemListElement\":[{\"@type\":\"ListItem\",\"position\":1,\"name\":\"Portada\",\"item\":\"https:\/\/tallershidrasol.com\/ca\/tallers-hidrasol-manteniments-industrials-hidraulica-soldadura\/\"},{\"@type\":\"ListItem\",\"position\":2,\"name\":\"Botiga online\",\"item\":\"https:\/\/tallershidrasol.com\/ca\/botiga-online\/\"},{\"@type\":\"ListItem\",\"position\":3,\"name\":\"Trituradora de martells &#8211; Trituradora Fixa Reversible\"}]},{\"@type\":\"WebSite\",\"@id\":\"https:\/\/tallershidrasol.com\/ca\/#website\",\"url\":\"https:\/\/tallershidrasol.com\/ca\/\",\"name\":\"Tallers Hidrasol\",\"description\":\"Manteniments Industrials - Hidr\u00e0ulica - Soldadura\",\"potentialAction\":[{\"@type\":\"SearchAction\",\"target\":{\"@type\":\"EntryPoint\",\"urlTemplate\":\"https:\/\/tallershidrasol.com\/ca\/?s={search_term_string}\"},\"query-input\":{\"@type\":\"PropertyValueSpecification\",\"valueRequired\":true,\"valueName\":\"search_term_string\"}}],\"inLanguage\":\"ca\"}]}<\/script>\n<!-- \/ Yoast SEO plugin. -->","yoast_head_json":{"title":"Trituradora de martells - Trituradora Fixa Reversible - Tallers Hidrasol","robots":{"index":"index","follow":"follow","max-snippet":"max-snippet:-1","max-image-preview":"max-image-preview:large","max-video-preview":"max-video-preview:-1"},"canonical":"https:\/\/tallershidrasol.com\/ca\/producte\/trituradora-de-martells-trituradora-fixa-reversible\/","og_locale":"ca_ES","og_type":"article","og_title":"Trituradora de martells - Trituradora Fixa Reversible - Tallers Hidrasol","og_description":"Trituradora fixa i reversible de gran amplada, perfecta per a poda gruixuda i treballs intensius.","og_url":"https:\/\/tallershidrasol.com\/ca\/producte\/trituradora-de-martells-trituradora-fixa-reversible\/","og_site_name":"Tallers Hidrasol","article_modified_time":"2025-08-26T12:12:29+00:00","og_image":[{"width":1000,"height":825,"url":"https:\/\/tallershidrasol.com\/wp-content\/uploads\/2025\/07\/arizona-fija-reversible2-3000-mm-2.jpg","type":"image\/jpeg"}],"twitter_card":"summary_large_image","twitter_misc":{"Temps estimat de lectura":"1 minut"},"schema":{"@context":"https:\/\/schema.org","@graph":[{"@type":"WebPage","@id":"https:\/\/tallershidrasol.com\/ca\/producte\/trituradora-de-martells-trituradora-fixa-reversible\/","url":"https:\/\/tallershidrasol.com\/ca\/producte\/trituradora-de-martells-trituradora-fixa-reversible\/","name":"Trituradora de martells - Trituradora Fixa Reversible - Tallers Hidrasol","isPartOf":{"@id":"https:\/\/tallershidrasol.com\/ca\/#website"},"primaryImageOfPage":{"@id":"https:\/\/tallershidrasol.com\/ca\/producte\/trituradora-de-martells-trituradora-fixa-reversible\/#primaryimage"},"image":{"@id":"https:\/\/tallershidrasol.com\/ca\/producte\/trituradora-de-martells-trituradora-fixa-reversible\/#primaryimage"},"thumbnailUrl":"https:\/\/tallershidrasol.com\/wp-content\/uploads\/2025\/07\/arizona-fija-reversible2-3000-mm-2.jpg","datePublished":"2025-07-28T11:16:42+00:00","dateModified":"2025-08-26T12:12:29+00:00","breadcrumb":{"@id":"https:\/\/tallershidrasol.com\/ca\/producte\/trituradora-de-martells-trituradora-fixa-reversible\/#breadcrumb"},"inLanguage":"ca","potentialAction":[{"@type":"ReadAction","target":["https:\/\/tallershidrasol.com\/ca\/producte\/trituradora-de-martells-trituradora-fixa-reversible\/"]}]},{"@type":"ImageObject","inLanguage":"ca","@id":"https:\/\/tallershidrasol.com\/ca\/producte\/trituradora-de-martells-trituradora-fixa-reversible\/#primaryimage","url":"https:\/\/tallershidrasol.com\/wp-content\/uploads\/2025\/07\/arizona-fija-reversible2-3000-mm-2.jpg","contentUrl":"https:\/\/tallershidrasol.com\/wp-content\/uploads\/2025\/07\/arizona-fija-reversible2-3000-mm-2.jpg","width":1000,"height":825},{"@type":"BreadcrumbList","@id":"https:\/\/tallershidrasol.com\/ca\/producte\/trituradora-de-martells-trituradora-fixa-reversible\/#breadcrumb","itemListElement":[{"@type":"ListItem","position":1,"name":"Portada","item":"https:\/\/tallershidrasol.com\/ca\/tallers-hidrasol-manteniments-industrials-hidraulica-soldadura\/"},{"@type":"ListItem","position":2,"name":"Botiga online","item":"https:\/\/tallershidrasol.com\/ca\/botiga-online\/"},{"@type":"ListItem","position":3,"name":"Trituradora de martells &#8211; Trituradora Fixa Reversible"}]},{"@type":"WebSite","@id":"https:\/\/tallershidrasol.com\/ca\/#website","url":"https:\/\/tallershidrasol.com\/ca\/","name":"Tallers Hidrasol","description":"Manteniments Industrials - Hidr\u00e0ulica - Soldadura","potentialAction":[{"@type":"SearchAction","target":{"@type":"EntryPoint","urlTemplate":"https:\/\/tallershidrasol.com\/ca\/?s={search_term_string}"},"query-input":{"@type":"PropertyValueSpecification","valueRequired":true,"valueName":"search_term_string"}}],"inLanguage":"ca"}]}},"_links":{"self":[{"href":"https:\/\/tallershidrasol.com\/ca\/wp-json\/wp\/v2\/product\/2332","targetHints":{"allow":["GET"]}}],"collection":[{"href":"https:\/\/tallershidrasol.com\/ca\/wp-json\/wp\/v2\/product"}],"about":[{"href":"https:\/\/tallershidrasol.com\/ca\/wp-json\/wp\/v2\/types\/product"}],"replies":[{"embeddable":true,"href":"https:\/\/tallershidrasol.com\/ca\/wp-json\/wp\/v2\/comments?post=2332"}],"wp:featuredmedia":[{"embeddable":true,"href":"https:\/\/tallershidrasol.com\/ca\/wp-json\/wp\/v2\/media\/1333"}],"wp:attachment":[{"href":"https:\/\/tallershidrasol.com\/ca\/wp-json\/wp\/v2\/media?parent=2332"}],"wp:term":[{"taxonomy":"product_brand","embeddable":true,"href":"https:\/\/tallershidrasol.com\/ca\/wp-json\/wp\/v2\/product_brand?post=2332"},{"taxonomy":"product_cat","embeddable":true,"href":"https:\/\/tallershidrasol.com\/ca\/wp-json\/wp\/v2\/product_cat?post=2332"},{"taxonomy":"product_tag","embeddable":true,"href":"https:\/\/tallershidrasol.com\/ca\/wp-json\/wp\/v2\/product_tag?post=2332"}],"curies":[{"name":"wp","href":"https:\/\/api.w.org\/{rel}","templated":true}]}}