{"id":2341,"date":"2025-07-28T12:26:44","date_gmt":"2025-07-28T10:26:44","guid":{"rendered":"https:\/\/tallershidrasol.com\/producte\/trituradora-de-martells-super-reforcada-trituradores-super-reforcades-desplacables\/"},"modified":"2025-08-26T14:15:19","modified_gmt":"2025-08-26T12:15:19","slug":"trituradora-de-martells-super-reforcada-trituradores-super-reforcades-desplacables","status":"publish","type":"product","link":"https:\/\/tallershidrasol.com\/ca\/producte\/trituradora-de-martells-super-reforcada-trituradores-super-reforcades-desplacables\/","title":{"rendered":"Trituradora de martells super refor\u00e7ada &#8211; Trituradores Super Refor\u00e7ades Despla\u00e7ables"},"content":{"rendered":"<h2>M\u00e0xima resist\u00e8ncia per triturar poda gruixuda en cultius intensius<\/h2>\n<p data-start=\"369\" data-end=\"795\">La trituradora <strong data-start=\"403\" data-end=\"430\">ARIZONA Super Reforzada<\/strong> ha estat dissenyada per a treballs durs i continus en explotacions agr\u00edcoles que requereixen una m\u00e0quina potent i resistent. Gr\u00e0cies al seu <strong data-start=\"568\" data-end=\"603\">xass\u00eds de 10mm super refor\u00e7at<\/strong> i el seu <strong data-start=\"609\" data-end=\"634\">grup amb roda lliure,<\/strong> \u00e9s capa\u00e7 de triturar restes de poda de fins a <strong data-start=\"681\" data-end=\"700\">10cm de gruix<\/strong>, oferint resultats \u00f2ptims en <strong data-start=\"735\" data-end=\"794\">fruiters, vinyes, oliverars i altres cultius intensius.<\/strong> <\/p>\n<p data-start=\"797\" data-end=\"998\">Compte amb <strong data-start=\"808\" data-end=\"848\">despla\u00e7ament hidr\u00e0ulic horitzontal<\/strong> per a m\u00e9s maniobrabilitat i una <strong data-start=\"882\" data-end=\"914\">obertura de porta ajustable<\/strong> que facilita l&#8217;expulsi\u00f3 del material triturat segons les necessitats del terreny.<\/p>\n<h4 data-start=\"1005\" data-end=\"1020\"><strong data-start=\"1005\" data-end=\"1018\">AVANTATGES:<\/strong><\/h4>\n<ul data-start=\"1021\" data-end=\"1386\">\n<li data-start=\"1021\" data-end=\"1094\">\n<p data-start=\"1023\" data-end=\"1094\"><strong data-start=\"1023\" data-end=\"1056\">Martells de primera qualitat:<\/strong> excel\u00b7lent capacitat de trituraci\u00f3.<\/p>\n<\/li>\n<li data-start=\"1095\" data-end=\"1174\">\n<p data-start=\"1097\" data-end=\"1174\"><strong data-start=\"1097\" data-end=\"1139\">Tensor i 5 corretges de primera qualitat:<\/strong> m\u00e9s transmissi\u00f3 i durabilitat.<\/p>\n<\/li>\n<li data-start=\"1175\" data-end=\"1251\">\n<p data-start=\"1177\" data-end=\"1251\"><strong data-start=\"1177\" data-end=\"1223\">Despla\u00e7ament horitzontal fins a 500mm: <\/strong>m\u00e9s cobertura de treball.<\/p>\n<\/li>\n<li data-start=\"1252\" data-end=\"1325\">\n<p data-start=\"1254\" data-end=\"1325\"><strong data-start=\"1254\" data-end=\"1287\">Patins i corr\u00f3 ajustables:<\/strong> s&#8217;adapta perfectament al terreny.<\/p>\n<\/li>\n<li data-start=\"1326\" data-end=\"1386\">\n<p data-start=\"1328\" data-end=\"1386\"><strong data-start=\"1328\" data-end=\"1359\">Carden i bulons inclosos:<\/strong> muntatge r\u00e0pid i senzill.<\/p>\n<\/li>\n<\/ul>\n<p><strong>Ideal per a agricultors que necessiten triturar poda gruixuda amb total seguretat i robustesa.<\/strong><\/p>\n<h4><strong>INFORMACI\u00d3 ADICIONAL:<\/strong><\/h4>\n<ul>\n<li><strong>DESPL:<\/strong> 500<\/li>\n<li><strong>Corretges:<\/strong> 5<\/li>\n<li><strong>PTO:<\/strong> 540<\/li>\n<li><strong>AMPLE:<\/strong> 900 mm<\/li>\n<li><strong>ALT:<\/strong> 1000 mm<\/li>\n<\/ul>\n","protected":false},"excerpt":{"rendered":"<p data-start=\"1393\" data-end=\"1498\">Trituradora super refor\u00e7ada per a poda gruixuda de fins a 10cm en cultius exigents.<\/p>\n","protected":false},"featured_media":1312,"comment_status":"open","ping_status":"closed","template":"","meta":[],"product_brand":[774,768],"product_cat":[420,425],"product_tag":[],"class_list":{"0":"post-2341","1":"product","2":"type-product","3":"status-publish","4":"has-post-thumbnail","6":"product_brand-arizona-tech-ca","7":"product_brand-zeppelin-ca","8":"product_cat-maquinaria-agricola-ca","9":"product_cat-trituradora-ca","11":"first","12":"instock","13":"featured","14":"taxable","15":"shipping-taxable","16":"purchasable","17":"product-type-variable"},"yoast_head":"<!-- This site is optimized with the Yoast SEO plugin v25.6 - https:\/\/yoast.com\/wordpress\/plugins\/seo\/ -->\n<title>Trituradora de martells super refor\u00e7ada - Trituradores Super Refor\u00e7ades Despla\u00e7ables - Tallers Hidrasol<\/title>\n<meta name=\"robots\" content=\"index, follow, max-snippet:-1, max-image-preview:large, max-video-preview:-1\" \/>\n<link rel=\"canonical\" href=\"https:\/\/tallershidrasol.com\/ca\/producte\/trituradora-de-martells-super-reforcada-trituradores-super-reforcades-desplacables\/\" \/>\n<meta property=\"og:locale\" content=\"ca_ES\" \/>\n<meta property=\"og:type\" content=\"article\" \/>\n<meta property=\"og:title\" content=\"Trituradora de martells super refor\u00e7ada - Trituradores Super Refor\u00e7ades Despla\u00e7ables - Tallers Hidrasol\" \/>\n<meta property=\"og:description\" content=\"Trituradora super refor\u00e7ada per a poda gruixuda de fins a 10cm en cultius exigents.\" \/>\n<meta property=\"og:url\" content=\"https:\/\/tallershidrasol.com\/ca\/producte\/trituradora-de-martells-super-reforcada-trituradores-super-reforcades-desplacables\/\" \/>\n<meta property=\"og:site_name\" content=\"Tallers Hidrasol\" \/>\n<meta property=\"article:modified_time\" content=\"2025-08-26T12:15:19+00:00\" \/>\n<meta property=\"og:image\" content=\"https:\/\/tallershidrasol.com\/wp-content\/uploads\/2025\/07\/arizona-trituradora-desplazable-super-reforzada-2200mm-1.jpg\" \/>\n\t<meta property=\"og:image:width\" content=\"1000\" \/>\n\t<meta property=\"og:image:height\" content=\"825\" \/>\n\t<meta property=\"og:image:type\" content=\"image\/jpeg\" \/>\n<meta name=\"twitter:card\" content=\"summary_large_image\" \/>\n<meta name=\"twitter:label1\" content=\"Temps estimat de lectura\" \/>\n\t<meta name=\"twitter:data1\" content=\"1 minut\" \/>\n<script type=\"application\/ld+json\" class=\"yoast-schema-graph\">{\"@context\":\"https:\/\/schema.org\",\"@graph\":[{\"@type\":\"WebPage\",\"@id\":\"https:\/\/tallershidrasol.com\/ca\/producte\/trituradora-de-martells-super-reforcada-trituradores-super-reforcades-desplacables\/\",\"url\":\"https:\/\/tallershidrasol.com\/ca\/producte\/trituradora-de-martells-super-reforcada-trituradores-super-reforcades-desplacables\/\",\"name\":\"Trituradora de martells super refor\u00e7ada - Trituradores Super Refor\u00e7ades Despla\u00e7ables - Tallers Hidrasol\",\"isPartOf\":{\"@id\":\"https:\/\/tallershidrasol.com\/ca\/#website\"},\"primaryImageOfPage\":{\"@id\":\"https:\/\/tallershidrasol.com\/ca\/producte\/trituradora-de-martells-super-reforcada-trituradores-super-reforcades-desplacables\/#primaryimage\"},\"image\":{\"@id\":\"https:\/\/tallershidrasol.com\/ca\/producte\/trituradora-de-martells-super-reforcada-trituradores-super-reforcades-desplacables\/#primaryimage\"},\"thumbnailUrl\":\"https:\/\/tallershidrasol.com\/wp-content\/uploads\/2025\/07\/arizona-trituradora-desplazable-super-reforzada-2200mm-1.jpg\",\"datePublished\":\"2025-07-28T10:26:44+00:00\",\"dateModified\":\"2025-08-26T12:15:19+00:00\",\"breadcrumb\":{\"@id\":\"https:\/\/tallershidrasol.com\/ca\/producte\/trituradora-de-martells-super-reforcada-trituradores-super-reforcades-desplacables\/#breadcrumb\"},\"inLanguage\":\"ca\",\"potentialAction\":[{\"@type\":\"ReadAction\",\"target\":[\"https:\/\/tallershidrasol.com\/ca\/producte\/trituradora-de-martells-super-reforcada-trituradores-super-reforcades-desplacables\/\"]}]},{\"@type\":\"ImageObject\",\"inLanguage\":\"ca\",\"@id\":\"https:\/\/tallershidrasol.com\/ca\/producte\/trituradora-de-martells-super-reforcada-trituradores-super-reforcades-desplacables\/#primaryimage\",\"url\":\"https:\/\/tallershidrasol.com\/wp-content\/uploads\/2025\/07\/arizona-trituradora-desplazable-super-reforzada-2200mm-1.jpg\",\"contentUrl\":\"https:\/\/tallershidrasol.com\/wp-content\/uploads\/2025\/07\/arizona-trituradora-desplazable-super-reforzada-2200mm-1.jpg\",\"width\":1000,\"height\":825},{\"@type\":\"BreadcrumbList\",\"@id\":\"https:\/\/tallershidrasol.com\/ca\/producte\/trituradora-de-martells-super-reforcada-trituradores-super-reforcades-desplacables\/#breadcrumb\",\"itemListElement\":[{\"@type\":\"ListItem\",\"position\":1,\"name\":\"Portada\",\"item\":\"https:\/\/tallershidrasol.com\/ca\/tallers-hidrasol-manteniments-industrials-hidraulica-soldadura\/\"},{\"@type\":\"ListItem\",\"position\":2,\"name\":\"Botiga online\",\"item\":\"https:\/\/tallershidrasol.com\/ca\/botiga-online\/\"},{\"@type\":\"ListItem\",\"position\":3,\"name\":\"Trituradora de martells super refor\u00e7ada &#8211; Trituradores Super Refor\u00e7ades Despla\u00e7ables\"}]},{\"@type\":\"WebSite\",\"@id\":\"https:\/\/tallershidrasol.com\/ca\/#website\",\"url\":\"https:\/\/tallershidrasol.com\/ca\/\",\"name\":\"Tallers Hidrasol\",\"description\":\"Manteniments Industrials - Hidr\u00e0ulica - Soldadura\",\"potentialAction\":[{\"@type\":\"SearchAction\",\"target\":{\"@type\":\"EntryPoint\",\"urlTemplate\":\"https:\/\/tallershidrasol.com\/ca\/?s={search_term_string}\"},\"query-input\":{\"@type\":\"PropertyValueSpecification\",\"valueRequired\":true,\"valueName\":\"search_term_string\"}}],\"inLanguage\":\"ca\"}]}<\/script>\n<!-- \/ Yoast SEO plugin. -->","yoast_head_json":{"title":"Trituradora de martells super refor\u00e7ada - Trituradores Super Refor\u00e7ades Despla\u00e7ables - Tallers Hidrasol","robots":{"index":"index","follow":"follow","max-snippet":"max-snippet:-1","max-image-preview":"max-image-preview:large","max-video-preview":"max-video-preview:-1"},"canonical":"https:\/\/tallershidrasol.com\/ca\/producte\/trituradora-de-martells-super-reforcada-trituradores-super-reforcades-desplacables\/","og_locale":"ca_ES","og_type":"article","og_title":"Trituradora de martells super refor\u00e7ada - Trituradores Super Refor\u00e7ades Despla\u00e7ables - Tallers Hidrasol","og_description":"Trituradora super refor\u00e7ada per a poda gruixuda de fins a 10cm en cultius exigents.","og_url":"https:\/\/tallershidrasol.com\/ca\/producte\/trituradora-de-martells-super-reforcada-trituradores-super-reforcades-desplacables\/","og_site_name":"Tallers Hidrasol","article_modified_time":"2025-08-26T12:15:19+00:00","og_image":[{"width":1000,"height":825,"url":"https:\/\/tallershidrasol.com\/wp-content\/uploads\/2025\/07\/arizona-trituradora-desplazable-super-reforzada-2200mm-1.jpg","type":"image\/jpeg"}],"twitter_card":"summary_large_image","twitter_misc":{"Temps estimat de lectura":"1 minut"},"schema":{"@context":"https:\/\/schema.org","@graph":[{"@type":"WebPage","@id":"https:\/\/tallershidrasol.com\/ca\/producte\/trituradora-de-martells-super-reforcada-trituradores-super-reforcades-desplacables\/","url":"https:\/\/tallershidrasol.com\/ca\/producte\/trituradora-de-martells-super-reforcada-trituradores-super-reforcades-desplacables\/","name":"Trituradora de martells super refor\u00e7ada - Trituradores Super Refor\u00e7ades Despla\u00e7ables - Tallers Hidrasol","isPartOf":{"@id":"https:\/\/tallershidrasol.com\/ca\/#website"},"primaryImageOfPage":{"@id":"https:\/\/tallershidrasol.com\/ca\/producte\/trituradora-de-martells-super-reforcada-trituradores-super-reforcades-desplacables\/#primaryimage"},"image":{"@id":"https:\/\/tallershidrasol.com\/ca\/producte\/trituradora-de-martells-super-reforcada-trituradores-super-reforcades-desplacables\/#primaryimage"},"thumbnailUrl":"https:\/\/tallershidrasol.com\/wp-content\/uploads\/2025\/07\/arizona-trituradora-desplazable-super-reforzada-2200mm-1.jpg","datePublished":"2025-07-28T10:26:44+00:00","dateModified":"2025-08-26T12:15:19+00:00","breadcrumb":{"@id":"https:\/\/tallershidrasol.com\/ca\/producte\/trituradora-de-martells-super-reforcada-trituradores-super-reforcades-desplacables\/#breadcrumb"},"inLanguage":"ca","potentialAction":[{"@type":"ReadAction","target":["https:\/\/tallershidrasol.com\/ca\/producte\/trituradora-de-martells-super-reforcada-trituradores-super-reforcades-desplacables\/"]}]},{"@type":"ImageObject","inLanguage":"ca","@id":"https:\/\/tallershidrasol.com\/ca\/producte\/trituradora-de-martells-super-reforcada-trituradores-super-reforcades-desplacables\/#primaryimage","url":"https:\/\/tallershidrasol.com\/wp-content\/uploads\/2025\/07\/arizona-trituradora-desplazable-super-reforzada-2200mm-1.jpg","contentUrl":"https:\/\/tallershidrasol.com\/wp-content\/uploads\/2025\/07\/arizona-trituradora-desplazable-super-reforzada-2200mm-1.jpg","width":1000,"height":825},{"@type":"BreadcrumbList","@id":"https:\/\/tallershidrasol.com\/ca\/producte\/trituradora-de-martells-super-reforcada-trituradores-super-reforcades-desplacables\/#breadcrumb","itemListElement":[{"@type":"ListItem","position":1,"name":"Portada","item":"https:\/\/tallershidrasol.com\/ca\/tallers-hidrasol-manteniments-industrials-hidraulica-soldadura\/"},{"@type":"ListItem","position":2,"name":"Botiga online","item":"https:\/\/tallershidrasol.com\/ca\/botiga-online\/"},{"@type":"ListItem","position":3,"name":"Trituradora de martells super refor\u00e7ada &#8211; Trituradores Super Refor\u00e7ades Despla\u00e7ables"}]},{"@type":"WebSite","@id":"https:\/\/tallershidrasol.com\/ca\/#website","url":"https:\/\/tallershidrasol.com\/ca\/","name":"Tallers Hidrasol","description":"Manteniments Industrials - Hidr\u00e0ulica - Soldadura","potentialAction":[{"@type":"SearchAction","target":{"@type":"EntryPoint","urlTemplate":"https:\/\/tallershidrasol.com\/ca\/?s={search_term_string}"},"query-input":{"@type":"PropertyValueSpecification","valueRequired":true,"valueName":"search_term_string"}}],"inLanguage":"ca"}]}},"_links":{"self":[{"href":"https:\/\/tallershidrasol.com\/ca\/wp-json\/wp\/v2\/product\/2341","targetHints":{"allow":["GET"]}}],"collection":[{"href":"https:\/\/tallershidrasol.com\/ca\/wp-json\/wp\/v2\/product"}],"about":[{"href":"https:\/\/tallershidrasol.com\/ca\/wp-json\/wp\/v2\/types\/product"}],"replies":[{"embeddable":true,"href":"https:\/\/tallershidrasol.com\/ca\/wp-json\/wp\/v2\/comments?post=2341"}],"wp:featuredmedia":[{"embeddable":true,"href":"https:\/\/tallershidrasol.com\/ca\/wp-json\/wp\/v2\/media\/1312"}],"wp:attachment":[{"href":"https:\/\/tallershidrasol.com\/ca\/wp-json\/wp\/v2\/media?parent=2341"}],"wp:term":[{"taxonomy":"product_brand","embeddable":true,"href":"https:\/\/tallershidrasol.com\/ca\/wp-json\/wp\/v2\/product_brand?post=2341"},{"taxonomy":"product_cat","embeddable":true,"href":"https:\/\/tallershidrasol.com\/ca\/wp-json\/wp\/v2\/product_cat?post=2341"},{"taxonomy":"product_tag","embeddable":true,"href":"https:\/\/tallershidrasol.com\/ca\/wp-json\/wp\/v2\/product_tag?post=2341"}],"curies":[{"name":"wp","href":"https:\/\/api.w.org\/{rel}","templated":true}]}}