{"id":2350,"date":"2025-07-28T12:05:48","date_gmt":"2025-07-28T10:05:48","guid":{"rendered":"https:\/\/tallershidrasol.com\/producte\/miniexcavadora-autopropulsada-rhinoceros-20hp-retroexcavadora-autopropulsada\/"},"modified":"2025-08-26T14:18:09","modified_gmt":"2025-08-26T12:18:09","slug":"miniexcavadora-autopropulsada-rhinoceros-20hp-retroexcavadora-autopropulsada","status":"publish","type":"product","link":"https:\/\/tallershidrasol.com\/ca\/producte\/miniexcavadora-autopropulsada-rhinoceros-20hp-retroexcavadora-autopropulsada\/","title":{"rendered":"Miniexcavadora Autopropulsada Rhinoceros 20HP &#8211; Retroexcavadora Autopropulsada"},"content":{"rendered":"<h2 data-start=\"184\" data-end=\"250\">Pot\u00e8ncia professional per als treballs m\u00e9s exigents<\/h2>\n<p data-start=\"252\" data-end=\"602\">La Miniexcavadora Autopropulsada Rhinoceros 20HP \u00e9s una m\u00e0quina d&#8217;alt rendiment pensada per a professionals que necessiten for\u00e7a, precisi\u00f3 i fiabilitat en tota mena de terrenys. Equipada amb un motor potent de 20 HP, aquesta excavadora destaca per la seva capacitat per fer front a treballs intensius sense renunciar a la maniobrabilitat. <\/p>\n<p data-start=\"604\" data-end=\"1034\"><strong data-start=\"604\" data-end=\"633\">Equipament pro de s\u00e8rie: <\/strong>incorpora <strong data-start=\"645\" data-end=\"658\">gir 360\u00ba<\/strong>, cosa que permet una operativitat cont\u00ednua sense necessitat de reposicionar, i <strong data-start=\"734\" data-end=\"791\">carros de cadenes amb ample regulable hidr\u00e0ulicament<\/strong>, oferint una estabilitat superior i adaptabilitat en terrenys irregulars o de dif\u00edcil acc\u00e9s. El disseny compacte i robust la converteix en una eina ideal per a obres, manteniment agr\u00edcola i tasques d&#8217;excavaci\u00f3 en zones redu\u00efdes. <\/p>\n<p data-start=\"604\" data-end=\"1034\"><strong>Per als qui exigeixen for\u00e7a, precisi\u00f3 i maniobrabilitat en una sola m\u00e0quina: Rhinoceros 20HP.<\/strong><\/p>\n<h4 data-start=\"604\" data-end=\"1034\"><strong>AVENTATGES<\/strong><\/h4>\n<ul>\n<li data-start=\"604\" data-end=\"1034\"><strong>Pes:<\/strong> 1030 Kg<\/li>\n<li data-start=\"604\" data-end=\"1034\"><strong>Motor:<\/strong> KUBOTA D722, 3 CILINDROS. 20HP. REFRIGERACI\u00d3N POR AGUA  <\/li>\n<li data-start=\"604\" data-end=\"1034\"><strong>Ample total:<\/strong> 800\/950 mm<\/li>\n<li data-start=\"604\" data-end=\"1034\"><strong>Velocitat d&#8217;oscil\u00b7laci\u00f3:<\/strong> 12 rpm<\/li>\n<li data-start=\"604\" data-end=\"1034\"><strong>Max. Altura d&#8217;excavaci\u00f3: <\/strong> 2620 mm<\/li>\n<li data-start=\"604\" data-end=\"1034\"><strong>Max. profunditat d&#8217;excavaci\u00f3: <\/strong> 1580 mm<\/li>\n<li data-start=\"604\" data-end=\"1034\"><strong>Velocitat m\u00e0xima:<\/strong> 1.5 km\/h<\/li>\n<\/ul>\n<p data-start=\"604\" data-end=\"1034\">(*) Ungla hidr\u00e0ulica opcional, no inclosa en el preu. REF: ACEXCAV190HZ-013 <\/p>\n<h4>DIMENSIONS<\/h4>\n<ul>\n<li>A. R\u00e0dio m\u00e0x. d&#8217;excavaci\u00f3 al terra 3040 mm<\/li>\n<li>B. R\u00e0dio d&#8217;excavaci\u00f3 m\u00e0x. 3135 mm<\/li>\n<li>C. Profunditat m\u00e0x. d&#8217;excavaci\u00f3 1580 mm<\/li>\n<li>D. Al\u00e7ada m\u00e0x. d&#8217;excavaci\u00f3 2620 mm<\/li>\n<li>E. Al\u00e7ada m\u00e0x. de desc\u00e0rrega 2000 mm<\/li>\n<li>F. Profunditat m\u00e0x. d&#8217;excavaci\u00f3 vertical 1580 mm<\/li>\n<li>G. R\u00e0dio de gir min. 1510 mm<\/li>\n<li>H. Al\u00e7ada m\u00e0x. d&#8217;elevaci\u00f3 del suport 140 mm<\/li>\n<li>I. Profunditat m\u00e0x. del suport 200 mm<\/li>\n<\/ul>\n","protected":false},"excerpt":{"rendered":"<p data-start=\"1041\" data-end=\"1154\">Excavadora robusta i professional, amb gir 360\u00b0 i ample regulable per a m\u00e0xima estabilitat.<\/p>\n","protected":false},"featured_media":1213,"comment_status":"open","ping_status":"closed","template":"","meta":[],"product_brand":[772,768],"product_cat":[420,506],"product_tag":[],"class_list":{"0":"post-2350","1":"product","2":"type-product","3":"status-publish","4":"has-post-thumbnail","6":"product_brand-rhinoceros-ca","7":"product_brand-zeppelin-ca","8":"product_cat-maquinaria-agricola-ca","9":"product_cat-retroexcavadora-ca","11":"first","12":"instock","13":"featured","14":"taxable","15":"shipping-taxable","16":"purchasable","17":"product-type-simple"},"yoast_head":"<!-- This site is optimized with the Yoast SEO plugin v25.6 - https:\/\/yoast.com\/wordpress\/plugins\/seo\/ -->\n<title>Miniexcavadora Autopropulsada Rhinoceros 20HP - Retroexcavadora Autopropulsada - Tallers Hidrasol<\/title>\n<meta name=\"robots\" content=\"index, follow, max-snippet:-1, max-image-preview:large, max-video-preview:-1\" \/>\n<link rel=\"canonical\" href=\"https:\/\/tallershidrasol.com\/ca\/producte\/miniexcavadora-autopropulsada-rhinoceros-20hp-retroexcavadora-autopropulsada\/\" \/>\n<meta property=\"og:locale\" content=\"ca_ES\" \/>\n<meta property=\"og:type\" content=\"article\" \/>\n<meta property=\"og:title\" content=\"Miniexcavadora Autopropulsada Rhinoceros 20HP - Retroexcavadora Autopropulsada - Tallers Hidrasol\" \/>\n<meta property=\"og:description\" content=\"Excavadora robusta i professional, amb gir 360\u00b0 i ample regulable per a m\u00e0xima estabilitat.\" \/>\n<meta property=\"og:url\" content=\"https:\/\/tallershidrasol.com\/ca\/producte\/miniexcavadora-autopropulsada-rhinoceros-20hp-retroexcavadora-autopropulsada\/\" \/>\n<meta property=\"og:site_name\" content=\"Tallers Hidrasol\" \/>\n<meta property=\"article:modified_time\" content=\"2025-08-26T12:18:09+00:00\" \/>\n<meta property=\"og:image\" content=\"https:\/\/tallershidrasol.com\/wp-content\/uploads\/2025\/07\/ESEXCAV128MZ-1-910x1024-1.jpg\" \/>\n\t<meta property=\"og:image:width\" content=\"910\" \/>\n\t<meta property=\"og:image:height\" content=\"1024\" \/>\n\t<meta property=\"og:image:type\" content=\"image\/jpeg\" \/>\n<meta name=\"twitter:card\" content=\"summary_large_image\" \/>\n<meta name=\"twitter:label1\" content=\"Temps estimat de lectura\" \/>\n\t<meta name=\"twitter:data1\" content=\"1 minut\" \/>\n<script type=\"application\/ld+json\" class=\"yoast-schema-graph\">{\"@context\":\"https:\/\/schema.org\",\"@graph\":[{\"@type\":\"WebPage\",\"@id\":\"https:\/\/tallershidrasol.com\/ca\/producte\/miniexcavadora-autopropulsada-rhinoceros-20hp-retroexcavadora-autopropulsada\/\",\"url\":\"https:\/\/tallershidrasol.com\/ca\/producte\/miniexcavadora-autopropulsada-rhinoceros-20hp-retroexcavadora-autopropulsada\/\",\"name\":\"Miniexcavadora Autopropulsada Rhinoceros 20HP - Retroexcavadora Autopropulsada - Tallers Hidrasol\",\"isPartOf\":{\"@id\":\"https:\/\/tallershidrasol.com\/ca\/#website\"},\"primaryImageOfPage\":{\"@id\":\"https:\/\/tallershidrasol.com\/ca\/producte\/miniexcavadora-autopropulsada-rhinoceros-20hp-retroexcavadora-autopropulsada\/#primaryimage\"},\"image\":{\"@id\":\"https:\/\/tallershidrasol.com\/ca\/producte\/miniexcavadora-autopropulsada-rhinoceros-20hp-retroexcavadora-autopropulsada\/#primaryimage\"},\"thumbnailUrl\":\"https:\/\/tallershidrasol.com\/wp-content\/uploads\/2025\/07\/ESEXCAV128MZ-1-910x1024-1.jpg\",\"datePublished\":\"2025-07-28T10:05:48+00:00\",\"dateModified\":\"2025-08-26T12:18:09+00:00\",\"breadcrumb\":{\"@id\":\"https:\/\/tallershidrasol.com\/ca\/producte\/miniexcavadora-autopropulsada-rhinoceros-20hp-retroexcavadora-autopropulsada\/#breadcrumb\"},\"inLanguage\":\"ca\",\"potentialAction\":[{\"@type\":\"ReadAction\",\"target\":[\"https:\/\/tallershidrasol.com\/ca\/producte\/miniexcavadora-autopropulsada-rhinoceros-20hp-retroexcavadora-autopropulsada\/\"]}]},{\"@type\":\"ImageObject\",\"inLanguage\":\"ca\",\"@id\":\"https:\/\/tallershidrasol.com\/ca\/producte\/miniexcavadora-autopropulsada-rhinoceros-20hp-retroexcavadora-autopropulsada\/#primaryimage\",\"url\":\"https:\/\/tallershidrasol.com\/wp-content\/uploads\/2025\/07\/ESEXCAV128MZ-1-910x1024-1.jpg\",\"contentUrl\":\"https:\/\/tallershidrasol.com\/wp-content\/uploads\/2025\/07\/ESEXCAV128MZ-1-910x1024-1.jpg\",\"width\":910,\"height\":1024},{\"@type\":\"BreadcrumbList\",\"@id\":\"https:\/\/tallershidrasol.com\/ca\/producte\/miniexcavadora-autopropulsada-rhinoceros-20hp-retroexcavadora-autopropulsada\/#breadcrumb\",\"itemListElement\":[{\"@type\":\"ListItem\",\"position\":1,\"name\":\"Portada\",\"item\":\"https:\/\/tallershidrasol.com\/ca\/tallers-hidrasol-manteniments-industrials-hidraulica-soldadura\/\"},{\"@type\":\"ListItem\",\"position\":2,\"name\":\"Botiga online\",\"item\":\"https:\/\/tallershidrasol.com\/ca\/botiga-online\/\"},{\"@type\":\"ListItem\",\"position\":3,\"name\":\"Miniexcavadora Autopropulsada Rhinoceros 20HP &#8211; Retroexcavadora Autopropulsada\"}]},{\"@type\":\"WebSite\",\"@id\":\"https:\/\/tallershidrasol.com\/ca\/#website\",\"url\":\"https:\/\/tallershidrasol.com\/ca\/\",\"name\":\"Tallers Hidrasol\",\"description\":\"Manteniments Industrials - Hidr\u00e0ulica - Soldadura\",\"potentialAction\":[{\"@type\":\"SearchAction\",\"target\":{\"@type\":\"EntryPoint\",\"urlTemplate\":\"https:\/\/tallershidrasol.com\/ca\/?s={search_term_string}\"},\"query-input\":{\"@type\":\"PropertyValueSpecification\",\"valueRequired\":true,\"valueName\":\"search_term_string\"}}],\"inLanguage\":\"ca\"}]}<\/script>\n<!-- \/ Yoast SEO plugin. -->","yoast_head_json":{"title":"Miniexcavadora Autopropulsada Rhinoceros 20HP - Retroexcavadora Autopropulsada - Tallers Hidrasol","robots":{"index":"index","follow":"follow","max-snippet":"max-snippet:-1","max-image-preview":"max-image-preview:large","max-video-preview":"max-video-preview:-1"},"canonical":"https:\/\/tallershidrasol.com\/ca\/producte\/miniexcavadora-autopropulsada-rhinoceros-20hp-retroexcavadora-autopropulsada\/","og_locale":"ca_ES","og_type":"article","og_title":"Miniexcavadora Autopropulsada Rhinoceros 20HP - Retroexcavadora Autopropulsada - Tallers Hidrasol","og_description":"Excavadora robusta i professional, amb gir 360\u00b0 i ample regulable per a m\u00e0xima estabilitat.","og_url":"https:\/\/tallershidrasol.com\/ca\/producte\/miniexcavadora-autopropulsada-rhinoceros-20hp-retroexcavadora-autopropulsada\/","og_site_name":"Tallers Hidrasol","article_modified_time":"2025-08-26T12:18:09+00:00","og_image":[{"width":910,"height":1024,"url":"https:\/\/tallershidrasol.com\/wp-content\/uploads\/2025\/07\/ESEXCAV128MZ-1-910x1024-1.jpg","type":"image\/jpeg"}],"twitter_card":"summary_large_image","twitter_misc":{"Temps estimat de lectura":"1 minut"},"schema":{"@context":"https:\/\/schema.org","@graph":[{"@type":"WebPage","@id":"https:\/\/tallershidrasol.com\/ca\/producte\/miniexcavadora-autopropulsada-rhinoceros-20hp-retroexcavadora-autopropulsada\/","url":"https:\/\/tallershidrasol.com\/ca\/producte\/miniexcavadora-autopropulsada-rhinoceros-20hp-retroexcavadora-autopropulsada\/","name":"Miniexcavadora Autopropulsada Rhinoceros 20HP - Retroexcavadora Autopropulsada - Tallers Hidrasol","isPartOf":{"@id":"https:\/\/tallershidrasol.com\/ca\/#website"},"primaryImageOfPage":{"@id":"https:\/\/tallershidrasol.com\/ca\/producte\/miniexcavadora-autopropulsada-rhinoceros-20hp-retroexcavadora-autopropulsada\/#primaryimage"},"image":{"@id":"https:\/\/tallershidrasol.com\/ca\/producte\/miniexcavadora-autopropulsada-rhinoceros-20hp-retroexcavadora-autopropulsada\/#primaryimage"},"thumbnailUrl":"https:\/\/tallershidrasol.com\/wp-content\/uploads\/2025\/07\/ESEXCAV128MZ-1-910x1024-1.jpg","datePublished":"2025-07-28T10:05:48+00:00","dateModified":"2025-08-26T12:18:09+00:00","breadcrumb":{"@id":"https:\/\/tallershidrasol.com\/ca\/producte\/miniexcavadora-autopropulsada-rhinoceros-20hp-retroexcavadora-autopropulsada\/#breadcrumb"},"inLanguage":"ca","potentialAction":[{"@type":"ReadAction","target":["https:\/\/tallershidrasol.com\/ca\/producte\/miniexcavadora-autopropulsada-rhinoceros-20hp-retroexcavadora-autopropulsada\/"]}]},{"@type":"ImageObject","inLanguage":"ca","@id":"https:\/\/tallershidrasol.com\/ca\/producte\/miniexcavadora-autopropulsada-rhinoceros-20hp-retroexcavadora-autopropulsada\/#primaryimage","url":"https:\/\/tallershidrasol.com\/wp-content\/uploads\/2025\/07\/ESEXCAV128MZ-1-910x1024-1.jpg","contentUrl":"https:\/\/tallershidrasol.com\/wp-content\/uploads\/2025\/07\/ESEXCAV128MZ-1-910x1024-1.jpg","width":910,"height":1024},{"@type":"BreadcrumbList","@id":"https:\/\/tallershidrasol.com\/ca\/producte\/miniexcavadora-autopropulsada-rhinoceros-20hp-retroexcavadora-autopropulsada\/#breadcrumb","itemListElement":[{"@type":"ListItem","position":1,"name":"Portada","item":"https:\/\/tallershidrasol.com\/ca\/tallers-hidrasol-manteniments-industrials-hidraulica-soldadura\/"},{"@type":"ListItem","position":2,"name":"Botiga online","item":"https:\/\/tallershidrasol.com\/ca\/botiga-online\/"},{"@type":"ListItem","position":3,"name":"Miniexcavadora Autopropulsada Rhinoceros 20HP &#8211; Retroexcavadora Autopropulsada"}]},{"@type":"WebSite","@id":"https:\/\/tallershidrasol.com\/ca\/#website","url":"https:\/\/tallershidrasol.com\/ca\/","name":"Tallers Hidrasol","description":"Manteniments Industrials - Hidr\u00e0ulica - Soldadura","potentialAction":[{"@type":"SearchAction","target":{"@type":"EntryPoint","urlTemplate":"https:\/\/tallershidrasol.com\/ca\/?s={search_term_string}"},"query-input":{"@type":"PropertyValueSpecification","valueRequired":true,"valueName":"search_term_string"}}],"inLanguage":"ca"}]}},"_links":{"self":[{"href":"https:\/\/tallershidrasol.com\/ca\/wp-json\/wp\/v2\/product\/2350","targetHints":{"allow":["GET"]}}],"collection":[{"href":"https:\/\/tallershidrasol.com\/ca\/wp-json\/wp\/v2\/product"}],"about":[{"href":"https:\/\/tallershidrasol.com\/ca\/wp-json\/wp\/v2\/types\/product"}],"replies":[{"embeddable":true,"href":"https:\/\/tallershidrasol.com\/ca\/wp-json\/wp\/v2\/comments?post=2350"}],"wp:featuredmedia":[{"embeddable":true,"href":"https:\/\/tallershidrasol.com\/ca\/wp-json\/wp\/v2\/media\/1213"}],"wp:attachment":[{"href":"https:\/\/tallershidrasol.com\/ca\/wp-json\/wp\/v2\/media?parent=2350"}],"wp:term":[{"taxonomy":"product_brand","embeddable":true,"href":"https:\/\/tallershidrasol.com\/ca\/wp-json\/wp\/v2\/product_brand?post=2350"},{"taxonomy":"product_cat","embeddable":true,"href":"https:\/\/tallershidrasol.com\/ca\/wp-json\/wp\/v2\/product_cat?post=2350"},{"taxonomy":"product_tag","embeddable":true,"href":"https:\/\/tallershidrasol.com\/ca\/wp-json\/wp\/v2\/product_tag?post=2350"}],"curies":[{"name":"wp","href":"https:\/\/api.w.org\/{rel}","templated":true}]}}