{"id":2352,"date":"2025-07-28T12:01:02","date_gmt":"2025-07-28T10:01:02","guid":{"rendered":"https:\/\/tallershidrasol.com\/producte\/minidumper-oruga-amb-desplegable\/"},"modified":"2025-08-26T14:20:26","modified_gmt":"2025-08-26T12:20:26","slug":"minidumper-oruga-amb-desplegable","status":"publish","type":"product","link":"https:\/\/tallershidrasol.com\/ca\/producte\/minidumper-oruga-amb-desplegable\/","title":{"rendered":"Minidumper ORUGA amb Desplegable"},"content":{"rendered":"<h2>Pot\u00e8ncia, tracci\u00f3 i desc\u00e0rrega hidr\u00e0ulica per a treballs pesats<\/h2>\n<p data-start=\"380\" data-end=\"700\">El Minidumper d&#8217;eruga 13HP amb caixa desplegable i bolcat hidr\u00e0ulic \u00e9s ideal per transportar i descarregar materials en terrenys dif\u00edcils. El seu disseny est\u00e0 pensat per a tasques intenses en <strong data-start=\"588\" data-end=\"651\">construcci\u00f3, agricultura, jardineria o treballs forestals<\/strong>, on cal for\u00e7a, tracci\u00f3 i capacitat. <\/p>\n<p data-start=\"702\" data-end=\"993\">Gr\u00e0cies al seu <strong data-start=\"715\" data-end=\"743\">bolcat hidr\u00e0ulic f\u00e0cil<\/strong>, tracci\u00f3 total i <strong data-start=\"762\" data-end=\"780\">caixa ampliable<\/strong>, permet treballar amb rapidesa i seguretat fins i tot en pendents o superf\u00edcies irregulars. Ofereix <strong data-start=\"879\" data-end=\"906\">gran capacitat de c\u00e0rrega<\/strong>, robustesa estructural i una operativitat molt c\u00f2moda gr\u00e0cies al sistema d&#8217;autoc\u00e0rrega. <\/p>\n<p data-start=\"702\" data-end=\"993\"><strong>Ideal per als qui necessiten moure i descarregar materials amb rapidesa i seguretat.<\/strong><\/p>\n<h4 data-start=\"1000\" data-end=\"1015\"><strong data-start=\"1000\" data-end=\"1013\">AVANTATGES:<\/strong><\/h4>\n<ul data-start=\"1016\" data-end=\"1418\">\n<li data-start=\"1016\" data-end=\"1043\">\n<p data-start=\"1018\" data-end=\"1043\"><strong data-start=\"1018\" data-end=\"1033\">Pes total:<\/strong> 520\u202fkg.<\/p>\n<\/li>\n<li data-start=\"1044\" data-end=\"1079\">\n<p data-start=\"1046\" data-end=\"1079\"><strong data-start=\"1046\" data-end=\"1069\">Capacitat de carrega:<\/strong> 500\u202fkg.<\/p>\n<\/li>\n<li data-start=\"1080\" data-end=\"1130\">\n<p data-start=\"1082\" data-end=\"1130\"><strong data-start=\"1082\" data-end=\"1107\">Dimensions del cass\u00f3:<\/strong> 1360 x 830 x 650\u202fmm.<\/p>\n<\/li>\n<li data-start=\"1131\" data-end=\"1186\">\n<p data-start=\"1133\" data-end=\"1186\"><strong data-start=\"1133\" data-end=\"1156\">Bolcat hidr\u00e0ulic: <\/strong>desc\u00e0rrega f\u00e0cil i eficient.<\/p>\n<\/li>\n<li data-start=\"1187\" data-end=\"1228\">\n<p data-start=\"1189\" data-end=\"1228\"><strong data-start=\"1189\" data-end=\"1221\">Pendent m\u00e0xim d&#8217;ascens: <\/strong>25 \u00ba.<\/p>\n<\/li>\n<li data-start=\"1229\" data-end=\"1294\">\n<p data-start=\"1231\" data-end=\"1294\"><strong data-start=\"1231\" data-end=\"1256\">Inclou autocarregador:<\/strong> m\u00e9s productivitat i menys esfor\u00e7.<\/p>\n<\/li>\n<li data-start=\"1295\" data-end=\"1358\">\n<p data-start=\"1297\" data-end=\"1358\"><strong data-start=\"1297\" data-end=\"1336\">Erugues robustes (180 x 60 x 48mm): <\/strong>excel\u00b7lent tracci\u00f3.<\/p>\n<\/li>\n<li data-start=\"1359\" data-end=\"1418\">\n<p data-start=\"1361\" data-end=\"1418\"><strong data-start=\"1361\" data-end=\"1396\">Dimensions totals de l\u00b4equip:<\/strong> 1969 x 830 x 1307mm.<\/p>\n<\/li>\n<\/ul>\n","protected":false},"excerpt":{"rendered":"<p data-start=\"1425\" data-end=\"1548\">Minidumper 13HP amb erugues, caixa desplegable i bolcat hidr\u00e0ulic: for\u00e7a i rendiment sense l\u00edmits.<\/p>\n","protected":false},"featured_media":1230,"comment_status":"open","ping_status":"closed","template":"","meta":[],"product_brand":[768],"product_cat":[420,681],"product_tag":[],"class_list":{"0":"post-2352","1":"product","2":"type-product","3":"status-publish","4":"has-post-thumbnail","6":"product_brand-zeppelin-ca","7":"product_cat-maquinaria-agricola-ca","8":"product_cat-minidumper-ca","10":"first","11":"instock","12":"featured","13":"taxable","14":"shipping-taxable","15":"purchasable","16":"product-type-simple"},"yoast_head":"<!-- This site is optimized with the Yoast SEO plugin v25.6 - https:\/\/yoast.com\/wordpress\/plugins\/seo\/ -->\n<title>Minidumper ORUGA amb Desplegable - Tallers Hidrasol<\/title>\n<meta name=\"robots\" content=\"index, follow, max-snippet:-1, max-image-preview:large, max-video-preview:-1\" \/>\n<link rel=\"canonical\" href=\"https:\/\/tallershidrasol.com\/ca\/producte\/minidumper-oruga-amb-desplegable\/\" \/>\n<meta property=\"og:locale\" content=\"ca_ES\" \/>\n<meta property=\"og:type\" content=\"article\" \/>\n<meta property=\"og:title\" content=\"Minidumper ORUGA amb Desplegable - Tallers Hidrasol\" \/>\n<meta property=\"og:description\" content=\"Minidumper 13HP amb erugues, caixa desplegable i bolcat hidr\u00e0ulic: for\u00e7a i rendiment sense l\u00edmits.\" \/>\n<meta property=\"og:url\" content=\"https:\/\/tallershidrasol.com\/ca\/producte\/minidumper-oruga-amb-desplegable\/\" \/>\n<meta property=\"og:site_name\" content=\"Tallers Hidrasol\" \/>\n<meta property=\"article:modified_time\" content=\"2025-08-26T12:20:26+00:00\" \/>\n<meta property=\"og:image\" content=\"https:\/\/tallershidrasol.com\/wp-content\/uploads\/2025\/07\/ES71927_1-1024x632-1.jpg\" \/>\n\t<meta property=\"og:image:width\" content=\"1024\" \/>\n\t<meta property=\"og:image:height\" content=\"632\" \/>\n\t<meta property=\"og:image:type\" content=\"image\/jpeg\" \/>\n<meta name=\"twitter:card\" content=\"summary_large_image\" \/>\n<meta name=\"twitter:label1\" content=\"Temps estimat de lectura\" \/>\n\t<meta name=\"twitter:data1\" content=\"1 minut\" \/>\n<script type=\"application\/ld+json\" class=\"yoast-schema-graph\">{\"@context\":\"https:\/\/schema.org\",\"@graph\":[{\"@type\":\"WebPage\",\"@id\":\"https:\/\/tallershidrasol.com\/ca\/producte\/minidumper-oruga-amb-desplegable\/\",\"url\":\"https:\/\/tallershidrasol.com\/ca\/producte\/minidumper-oruga-amb-desplegable\/\",\"name\":\"Minidumper ORUGA amb Desplegable - Tallers Hidrasol\",\"isPartOf\":{\"@id\":\"https:\/\/tallershidrasol.com\/ca\/#website\"},\"primaryImageOfPage\":{\"@id\":\"https:\/\/tallershidrasol.com\/ca\/producte\/minidumper-oruga-amb-desplegable\/#primaryimage\"},\"image\":{\"@id\":\"https:\/\/tallershidrasol.com\/ca\/producte\/minidumper-oruga-amb-desplegable\/#primaryimage\"},\"thumbnailUrl\":\"https:\/\/tallershidrasol.com\/wp-content\/uploads\/2025\/07\/ES71927_1-1024x632-1.jpg\",\"datePublished\":\"2025-07-28T10:01:02+00:00\",\"dateModified\":\"2025-08-26T12:20:26+00:00\",\"breadcrumb\":{\"@id\":\"https:\/\/tallershidrasol.com\/ca\/producte\/minidumper-oruga-amb-desplegable\/#breadcrumb\"},\"inLanguage\":\"ca\",\"potentialAction\":[{\"@type\":\"ReadAction\",\"target\":[\"https:\/\/tallershidrasol.com\/ca\/producte\/minidumper-oruga-amb-desplegable\/\"]}]},{\"@type\":\"ImageObject\",\"inLanguage\":\"ca\",\"@id\":\"https:\/\/tallershidrasol.com\/ca\/producte\/minidumper-oruga-amb-desplegable\/#primaryimage\",\"url\":\"https:\/\/tallershidrasol.com\/wp-content\/uploads\/2025\/07\/ES71927_1-1024x632-1.jpg\",\"contentUrl\":\"https:\/\/tallershidrasol.com\/wp-content\/uploads\/2025\/07\/ES71927_1-1024x632-1.jpg\",\"width\":1024,\"height\":632},{\"@type\":\"BreadcrumbList\",\"@id\":\"https:\/\/tallershidrasol.com\/ca\/producte\/minidumper-oruga-amb-desplegable\/#breadcrumb\",\"itemListElement\":[{\"@type\":\"ListItem\",\"position\":1,\"name\":\"Portada\",\"item\":\"https:\/\/tallershidrasol.com\/ca\/tallers-hidrasol-manteniments-industrials-hidraulica-soldadura\/\"},{\"@type\":\"ListItem\",\"position\":2,\"name\":\"Botiga online\",\"item\":\"https:\/\/tallershidrasol.com\/ca\/botiga-online\/\"},{\"@type\":\"ListItem\",\"position\":3,\"name\":\"Minidumper ORUGA amb Desplegable\"}]},{\"@type\":\"WebSite\",\"@id\":\"https:\/\/tallershidrasol.com\/ca\/#website\",\"url\":\"https:\/\/tallershidrasol.com\/ca\/\",\"name\":\"Tallers Hidrasol\",\"description\":\"Manteniments Industrials - Hidr\u00e0ulica - Soldadura\",\"potentialAction\":[{\"@type\":\"SearchAction\",\"target\":{\"@type\":\"EntryPoint\",\"urlTemplate\":\"https:\/\/tallershidrasol.com\/ca\/?s={search_term_string}\"},\"query-input\":{\"@type\":\"PropertyValueSpecification\",\"valueRequired\":true,\"valueName\":\"search_term_string\"}}],\"inLanguage\":\"ca\"}]}<\/script>\n<!-- \/ Yoast SEO plugin. -->","yoast_head_json":{"title":"Minidumper ORUGA amb Desplegable - Tallers Hidrasol","robots":{"index":"index","follow":"follow","max-snippet":"max-snippet:-1","max-image-preview":"max-image-preview:large","max-video-preview":"max-video-preview:-1"},"canonical":"https:\/\/tallershidrasol.com\/ca\/producte\/minidumper-oruga-amb-desplegable\/","og_locale":"ca_ES","og_type":"article","og_title":"Minidumper ORUGA amb Desplegable - Tallers Hidrasol","og_description":"Minidumper 13HP amb erugues, caixa desplegable i bolcat hidr\u00e0ulic: for\u00e7a i rendiment sense l\u00edmits.","og_url":"https:\/\/tallershidrasol.com\/ca\/producte\/minidumper-oruga-amb-desplegable\/","og_site_name":"Tallers Hidrasol","article_modified_time":"2025-08-26T12:20:26+00:00","og_image":[{"width":1024,"height":632,"url":"https:\/\/tallershidrasol.com\/wp-content\/uploads\/2025\/07\/ES71927_1-1024x632-1.jpg","type":"image\/jpeg"}],"twitter_card":"summary_large_image","twitter_misc":{"Temps estimat de lectura":"1 minut"},"schema":{"@context":"https:\/\/schema.org","@graph":[{"@type":"WebPage","@id":"https:\/\/tallershidrasol.com\/ca\/producte\/minidumper-oruga-amb-desplegable\/","url":"https:\/\/tallershidrasol.com\/ca\/producte\/minidumper-oruga-amb-desplegable\/","name":"Minidumper ORUGA amb Desplegable - Tallers Hidrasol","isPartOf":{"@id":"https:\/\/tallershidrasol.com\/ca\/#website"},"primaryImageOfPage":{"@id":"https:\/\/tallershidrasol.com\/ca\/producte\/minidumper-oruga-amb-desplegable\/#primaryimage"},"image":{"@id":"https:\/\/tallershidrasol.com\/ca\/producte\/minidumper-oruga-amb-desplegable\/#primaryimage"},"thumbnailUrl":"https:\/\/tallershidrasol.com\/wp-content\/uploads\/2025\/07\/ES71927_1-1024x632-1.jpg","datePublished":"2025-07-28T10:01:02+00:00","dateModified":"2025-08-26T12:20:26+00:00","breadcrumb":{"@id":"https:\/\/tallershidrasol.com\/ca\/producte\/minidumper-oruga-amb-desplegable\/#breadcrumb"},"inLanguage":"ca","potentialAction":[{"@type":"ReadAction","target":["https:\/\/tallershidrasol.com\/ca\/producte\/minidumper-oruga-amb-desplegable\/"]}]},{"@type":"ImageObject","inLanguage":"ca","@id":"https:\/\/tallershidrasol.com\/ca\/producte\/minidumper-oruga-amb-desplegable\/#primaryimage","url":"https:\/\/tallershidrasol.com\/wp-content\/uploads\/2025\/07\/ES71927_1-1024x632-1.jpg","contentUrl":"https:\/\/tallershidrasol.com\/wp-content\/uploads\/2025\/07\/ES71927_1-1024x632-1.jpg","width":1024,"height":632},{"@type":"BreadcrumbList","@id":"https:\/\/tallershidrasol.com\/ca\/producte\/minidumper-oruga-amb-desplegable\/#breadcrumb","itemListElement":[{"@type":"ListItem","position":1,"name":"Portada","item":"https:\/\/tallershidrasol.com\/ca\/tallers-hidrasol-manteniments-industrials-hidraulica-soldadura\/"},{"@type":"ListItem","position":2,"name":"Botiga online","item":"https:\/\/tallershidrasol.com\/ca\/botiga-online\/"},{"@type":"ListItem","position":3,"name":"Minidumper ORUGA amb Desplegable"}]},{"@type":"WebSite","@id":"https:\/\/tallershidrasol.com\/ca\/#website","url":"https:\/\/tallershidrasol.com\/ca\/","name":"Tallers Hidrasol","description":"Manteniments Industrials - Hidr\u00e0ulica - Soldadura","potentialAction":[{"@type":"SearchAction","target":{"@type":"EntryPoint","urlTemplate":"https:\/\/tallershidrasol.com\/ca\/?s={search_term_string}"},"query-input":{"@type":"PropertyValueSpecification","valueRequired":true,"valueName":"search_term_string"}}],"inLanguage":"ca"}]}},"_links":{"self":[{"href":"https:\/\/tallershidrasol.com\/ca\/wp-json\/wp\/v2\/product\/2352","targetHints":{"allow":["GET"]}}],"collection":[{"href":"https:\/\/tallershidrasol.com\/ca\/wp-json\/wp\/v2\/product"}],"about":[{"href":"https:\/\/tallershidrasol.com\/ca\/wp-json\/wp\/v2\/types\/product"}],"replies":[{"embeddable":true,"href":"https:\/\/tallershidrasol.com\/ca\/wp-json\/wp\/v2\/comments?post=2352"}],"wp:featuredmedia":[{"embeddable":true,"href":"https:\/\/tallershidrasol.com\/ca\/wp-json\/wp\/v2\/media\/1230"}],"wp:attachment":[{"href":"https:\/\/tallershidrasol.com\/ca\/wp-json\/wp\/v2\/media?parent=2352"}],"wp:term":[{"taxonomy":"product_brand","embeddable":true,"href":"https:\/\/tallershidrasol.com\/ca\/wp-json\/wp\/v2\/product_brand?post=2352"},{"taxonomy":"product_cat","embeddable":true,"href":"https:\/\/tallershidrasol.com\/ca\/wp-json\/wp\/v2\/product_cat?post=2352"},{"taxonomy":"product_tag","embeddable":true,"href":"https:\/\/tallershidrasol.com\/ca\/wp-json\/wp\/v2\/product_tag?post=2352"}],"curies":[{"name":"wp","href":"https:\/\/api.w.org\/{rel}","templated":true}]}}