{"id":2353,"date":"2025-07-28T12:00:54","date_gmt":"2025-07-28T10:00:54","guid":{"rendered":"https:\/\/tallershidrasol.com\/producte\/minidumper-oruga-hidrostatic\/"},"modified":"2025-08-26T14:22:28","modified_gmt":"2025-08-26T12:22:28","slug":"minidumper-oruga-hidrostatic","status":"publish","type":"product","link":"https:\/\/tallershidrasol.com\/ca\/producte\/minidumper-oruga-hidrostatic\/","title":{"rendered":"Minidumper Oruga Hidrost\u00e0tic"},"content":{"rendered":"<h2 data-start=\"243\" data-end=\"316\">Pot\u00e8ncia i precisi\u00f3 amb tracci\u00f3 hidrost\u00e0tica sobre erugues<\/h2>\n<p data-start=\"318\" data-end=\"733\">El Minidumper Eruga Hidrost\u00e0tic est\u00e0 dissenyat per a tasques intenses d&#8217;<strong data-start=\"408\" data-end=\"432\">autoc\u00e0rrega i desc\u00e0rrega<\/strong> en condicions exigents. El <strong data-start=\"462\" data-end=\"511\">sistema de tracci\u00f3 hidrost\u00e0tica sobre erugues<\/strong> garanteix un despla\u00e7ament suau i continu, ideal per a treballs en construcci\u00f3, agricultura i entorns dif\u00edcils. A m\u00e9s, incorpora<strong data-start=\"647\" data-end=\"675\"> fre d&#8217;estacionament<\/strong> per a m\u00e9s seguretat en pendents o parades perllongades.  <\/p>\n<p data-start=\"735\" data-end=\"893\">Gr\u00e0cies a la seva gran capacitat de c\u00e0rrega i control prec\u00eds, aquest model \u00e9s perfecte per a professionals que cerquen efici\u00e8ncia, estabilitat i rendiment constant.<\/p>\n<p data-start=\"735\" data-end=\"893\"><strong>C\u00e0rrega m\u00e9s, maniobra millor i desc\u00e0rrega amb total control.<\/strong><\/p>\n<h4 data-start=\"900\" data-end=\"915\"><strong data-start=\"900\" data-end=\"913\">AVANTATGES:<\/strong><\/h4>\n<ul data-start=\"916\" data-end=\"1341\">\n<li data-start=\"916\" data-end=\"991\">\n<p data-start=\"918\" data-end=\"991\"><strong data-start=\"918\" data-end=\"972\">Motor monocil\u00edndric 4 temps OHV LONCIN G420F(D):<\/strong> 15HP (420cc).<\/p>\n<\/li>\n<li data-start=\"992\" data-end=\"1058\">\n<p data-start=\"994\" data-end=\"1058\"><strong data-start=\"994\" data-end=\"1016\">Arrencada el\u00e8ctrica<\/strong> i <strong data-start=\"1019\" data-end=\"1055\">parell m\u00e0xim de 26.5Nm a 2500rpm.<\/strong><\/p>\n<\/li>\n<li data-start=\"1059\" data-end=\"1094\">\n<p data-start=\"1061\" data-end=\"1094\"><strong data-start=\"1061\" data-end=\"1084\">Capacitat de carrega:<\/strong> 800\u202fkg.<\/p>\n<\/li>\n<li data-start=\"1095\" data-end=\"1132\">\n<p data-start=\"1097\" data-end=\"1132\"><strong data-start=\"1097\" data-end=\"1122\">Capacitat de la pala:<\/strong> 0.3\u202fm\u00b3.<\/p>\n<\/li>\n<li data-start=\"1133\" data-end=\"1160\">\n<p data-start=\"1135\" data-end=\"1160\"><strong data-start=\"1135\" data-end=\"1150\">Pes total:<\/strong> 548\u202fkg.<\/p>\n<\/li>\n<li data-start=\"1161\" data-end=\"1341\">\n<p data-start=\"1163\" data-end=\"1181\"><strong data-start=\"1163\" data-end=\"1179\">Dimensions:<\/strong><\/p>\n<ul data-start=\"1185\" data-end=\"1341\">\n<li data-start=\"1185\" data-end=\"1215\">\n<p data-start=\"1187\" data-end=\"1215\">Longitud sense pala: 2033\u202fmm<\/p>\n<\/li>\n<li data-start=\"1219\" data-end=\"1249\">\n<p data-start=\"1221\" data-end=\"1249\">Longitud amb pala: 2733\u202fmm<\/p>\n<\/li>\n<li data-start=\"1253\" data-end=\"1278\">\n<p data-start=\"1255\" data-end=\"1278\">Al\u00e7ada total: 1200\u202fmm<\/p>\n<\/li>\n<li data-start=\"1282\" data-end=\"1307\">\n<p data-start=\"1284\" data-end=\"1307\">Amplada total: 730\u202fmm<\/p>\n<\/li>\n<li data-start=\"1311\" data-end=\"1341\">\n<p data-start=\"1313\" data-end=\"1341\">Distancia entre eixos: 985\u202fmm<\/p>\n<\/li>\n<\/ul>\n<\/li>\n<\/ul>\n","protected":false},"excerpt":{"rendered":"<p data-start=\"1348\" data-end=\"1465\">Minidumper 15HP amb tracci\u00f3 hidrost\u00e0tica, autoc\u00e0rrega i capacitat de 800kg: potent i prec\u00eds.<\/p>\n","protected":false},"featured_media":1227,"comment_status":"open","ping_status":"closed","template":"","meta":[],"product_brand":[768],"product_cat":[420,681],"product_tag":[],"class_list":{"0":"post-2353","1":"product","2":"type-product","3":"status-publish","4":"has-post-thumbnail","6":"product_brand-zeppelin-ca","7":"product_cat-maquinaria-agricola-ca","8":"product_cat-minidumper-ca","10":"first","11":"instock","12":"featured","13":"taxable","14":"shipping-taxable","15":"purchasable","16":"product-type-simple"},"yoast_head":"<!-- This site is optimized with the Yoast SEO plugin v25.6 - https:\/\/yoast.com\/wordpress\/plugins\/seo\/ -->\n<title>Minidumper Oruga Hidrost\u00e0tic - Tallers Hidrasol<\/title>\n<meta name=\"robots\" content=\"index, follow, max-snippet:-1, max-image-preview:large, max-video-preview:-1\" \/>\n<link rel=\"canonical\" href=\"https:\/\/tallershidrasol.com\/ca\/producte\/minidumper-oruga-hidrostatic\/\" \/>\n<meta property=\"og:locale\" content=\"ca_ES\" \/>\n<meta property=\"og:type\" content=\"article\" \/>\n<meta property=\"og:title\" content=\"Minidumper Oruga Hidrost\u00e0tic - Tallers Hidrasol\" \/>\n<meta property=\"og:description\" content=\"Minidumper 15HP amb tracci\u00f3 hidrost\u00e0tica, autoc\u00e0rrega i capacitat de 800kg: potent i prec\u00eds.\" \/>\n<meta property=\"og:url\" content=\"https:\/\/tallershidrasol.com\/ca\/producte\/minidumper-oruga-hidrostatic\/\" \/>\n<meta property=\"og:site_name\" content=\"Tallers Hidrasol\" \/>\n<meta property=\"article:modified_time\" content=\"2025-08-26T12:22:28+00:00\" \/>\n<meta property=\"og:image\" content=\"https:\/\/tallershidrasol.com\/wp-content\/uploads\/2025\/07\/ES71889-1024x738-1.jpg\" \/>\n\t<meta property=\"og:image:width\" content=\"1024\" \/>\n\t<meta property=\"og:image:height\" content=\"738\" \/>\n\t<meta property=\"og:image:type\" content=\"image\/jpeg\" \/>\n<meta name=\"twitter:card\" content=\"summary_large_image\" \/>\n<meta name=\"twitter:label1\" content=\"Temps estimat de lectura\" \/>\n\t<meta name=\"twitter:data1\" content=\"1 minut\" \/>\n<script type=\"application\/ld+json\" class=\"yoast-schema-graph\">{\"@context\":\"https:\/\/schema.org\",\"@graph\":[{\"@type\":\"WebPage\",\"@id\":\"https:\/\/tallershidrasol.com\/ca\/producte\/minidumper-oruga-hidrostatic\/\",\"url\":\"https:\/\/tallershidrasol.com\/ca\/producte\/minidumper-oruga-hidrostatic\/\",\"name\":\"Minidumper Oruga Hidrost\u00e0tic - Tallers Hidrasol\",\"isPartOf\":{\"@id\":\"https:\/\/tallershidrasol.com\/ca\/#website\"},\"primaryImageOfPage\":{\"@id\":\"https:\/\/tallershidrasol.com\/ca\/producte\/minidumper-oruga-hidrostatic\/#primaryimage\"},\"image\":{\"@id\":\"https:\/\/tallershidrasol.com\/ca\/producte\/minidumper-oruga-hidrostatic\/#primaryimage\"},\"thumbnailUrl\":\"https:\/\/tallershidrasol.com\/wp-content\/uploads\/2025\/07\/ES71889-1024x738-1.jpg\",\"datePublished\":\"2025-07-28T10:00:54+00:00\",\"dateModified\":\"2025-08-26T12:22:28+00:00\",\"breadcrumb\":{\"@id\":\"https:\/\/tallershidrasol.com\/ca\/producte\/minidumper-oruga-hidrostatic\/#breadcrumb\"},\"inLanguage\":\"ca\",\"potentialAction\":[{\"@type\":\"ReadAction\",\"target\":[\"https:\/\/tallershidrasol.com\/ca\/producte\/minidumper-oruga-hidrostatic\/\"]}]},{\"@type\":\"ImageObject\",\"inLanguage\":\"ca\",\"@id\":\"https:\/\/tallershidrasol.com\/ca\/producte\/minidumper-oruga-hidrostatic\/#primaryimage\",\"url\":\"https:\/\/tallershidrasol.com\/wp-content\/uploads\/2025\/07\/ES71889-1024x738-1.jpg\",\"contentUrl\":\"https:\/\/tallershidrasol.com\/wp-content\/uploads\/2025\/07\/ES71889-1024x738-1.jpg\",\"width\":1024,\"height\":738},{\"@type\":\"BreadcrumbList\",\"@id\":\"https:\/\/tallershidrasol.com\/ca\/producte\/minidumper-oruga-hidrostatic\/#breadcrumb\",\"itemListElement\":[{\"@type\":\"ListItem\",\"position\":1,\"name\":\"Portada\",\"item\":\"https:\/\/tallershidrasol.com\/ca\/tallers-hidrasol-manteniments-industrials-hidraulica-soldadura\/\"},{\"@type\":\"ListItem\",\"position\":2,\"name\":\"Botiga online\",\"item\":\"https:\/\/tallershidrasol.com\/ca\/botiga-online\/\"},{\"@type\":\"ListItem\",\"position\":3,\"name\":\"Minidumper Oruga Hidrost\u00e0tic\"}]},{\"@type\":\"WebSite\",\"@id\":\"https:\/\/tallershidrasol.com\/ca\/#website\",\"url\":\"https:\/\/tallershidrasol.com\/ca\/\",\"name\":\"Tallers Hidrasol\",\"description\":\"Manteniments Industrials - Hidr\u00e0ulica - Soldadura\",\"potentialAction\":[{\"@type\":\"SearchAction\",\"target\":{\"@type\":\"EntryPoint\",\"urlTemplate\":\"https:\/\/tallershidrasol.com\/ca\/?s={search_term_string}\"},\"query-input\":{\"@type\":\"PropertyValueSpecification\",\"valueRequired\":true,\"valueName\":\"search_term_string\"}}],\"inLanguage\":\"ca\"}]}<\/script>\n<!-- \/ Yoast SEO plugin. -->","yoast_head_json":{"title":"Minidumper Oruga Hidrost\u00e0tic - Tallers Hidrasol","robots":{"index":"index","follow":"follow","max-snippet":"max-snippet:-1","max-image-preview":"max-image-preview:large","max-video-preview":"max-video-preview:-1"},"canonical":"https:\/\/tallershidrasol.com\/ca\/producte\/minidumper-oruga-hidrostatic\/","og_locale":"ca_ES","og_type":"article","og_title":"Minidumper Oruga Hidrost\u00e0tic - Tallers Hidrasol","og_description":"Minidumper 15HP amb tracci\u00f3 hidrost\u00e0tica, autoc\u00e0rrega i capacitat de 800kg: potent i prec\u00eds.","og_url":"https:\/\/tallershidrasol.com\/ca\/producte\/minidumper-oruga-hidrostatic\/","og_site_name":"Tallers Hidrasol","article_modified_time":"2025-08-26T12:22:28+00:00","og_image":[{"width":1024,"height":738,"url":"https:\/\/tallershidrasol.com\/wp-content\/uploads\/2025\/07\/ES71889-1024x738-1.jpg","type":"image\/jpeg"}],"twitter_card":"summary_large_image","twitter_misc":{"Temps estimat de lectura":"1 minut"},"schema":{"@context":"https:\/\/schema.org","@graph":[{"@type":"WebPage","@id":"https:\/\/tallershidrasol.com\/ca\/producte\/minidumper-oruga-hidrostatic\/","url":"https:\/\/tallershidrasol.com\/ca\/producte\/minidumper-oruga-hidrostatic\/","name":"Minidumper Oruga Hidrost\u00e0tic - Tallers Hidrasol","isPartOf":{"@id":"https:\/\/tallershidrasol.com\/ca\/#website"},"primaryImageOfPage":{"@id":"https:\/\/tallershidrasol.com\/ca\/producte\/minidumper-oruga-hidrostatic\/#primaryimage"},"image":{"@id":"https:\/\/tallershidrasol.com\/ca\/producte\/minidumper-oruga-hidrostatic\/#primaryimage"},"thumbnailUrl":"https:\/\/tallershidrasol.com\/wp-content\/uploads\/2025\/07\/ES71889-1024x738-1.jpg","datePublished":"2025-07-28T10:00:54+00:00","dateModified":"2025-08-26T12:22:28+00:00","breadcrumb":{"@id":"https:\/\/tallershidrasol.com\/ca\/producte\/minidumper-oruga-hidrostatic\/#breadcrumb"},"inLanguage":"ca","potentialAction":[{"@type":"ReadAction","target":["https:\/\/tallershidrasol.com\/ca\/producte\/minidumper-oruga-hidrostatic\/"]}]},{"@type":"ImageObject","inLanguage":"ca","@id":"https:\/\/tallershidrasol.com\/ca\/producte\/minidumper-oruga-hidrostatic\/#primaryimage","url":"https:\/\/tallershidrasol.com\/wp-content\/uploads\/2025\/07\/ES71889-1024x738-1.jpg","contentUrl":"https:\/\/tallershidrasol.com\/wp-content\/uploads\/2025\/07\/ES71889-1024x738-1.jpg","width":1024,"height":738},{"@type":"BreadcrumbList","@id":"https:\/\/tallershidrasol.com\/ca\/producte\/minidumper-oruga-hidrostatic\/#breadcrumb","itemListElement":[{"@type":"ListItem","position":1,"name":"Portada","item":"https:\/\/tallershidrasol.com\/ca\/tallers-hidrasol-manteniments-industrials-hidraulica-soldadura\/"},{"@type":"ListItem","position":2,"name":"Botiga online","item":"https:\/\/tallershidrasol.com\/ca\/botiga-online\/"},{"@type":"ListItem","position":3,"name":"Minidumper Oruga Hidrost\u00e0tic"}]},{"@type":"WebSite","@id":"https:\/\/tallershidrasol.com\/ca\/#website","url":"https:\/\/tallershidrasol.com\/ca\/","name":"Tallers Hidrasol","description":"Manteniments Industrials - Hidr\u00e0ulica - Soldadura","potentialAction":[{"@type":"SearchAction","target":{"@type":"EntryPoint","urlTemplate":"https:\/\/tallershidrasol.com\/ca\/?s={search_term_string}"},"query-input":{"@type":"PropertyValueSpecification","valueRequired":true,"valueName":"search_term_string"}}],"inLanguage":"ca"}]}},"_links":{"self":[{"href":"https:\/\/tallershidrasol.com\/ca\/wp-json\/wp\/v2\/product\/2353","targetHints":{"allow":["GET"]}}],"collection":[{"href":"https:\/\/tallershidrasol.com\/ca\/wp-json\/wp\/v2\/product"}],"about":[{"href":"https:\/\/tallershidrasol.com\/ca\/wp-json\/wp\/v2\/types\/product"}],"replies":[{"embeddable":true,"href":"https:\/\/tallershidrasol.com\/ca\/wp-json\/wp\/v2\/comments?post=2353"}],"wp:featuredmedia":[{"embeddable":true,"href":"https:\/\/tallershidrasol.com\/ca\/wp-json\/wp\/v2\/media\/1227"}],"wp:attachment":[{"href":"https:\/\/tallershidrasol.com\/ca\/wp-json\/wp\/v2\/media?parent=2353"}],"wp:term":[{"taxonomy":"product_brand","embeddable":true,"href":"https:\/\/tallershidrasol.com\/ca\/wp-json\/wp\/v2\/product_brand?post=2353"},{"taxonomy":"product_cat","embeddable":true,"href":"https:\/\/tallershidrasol.com\/ca\/wp-json\/wp\/v2\/product_cat?post=2353"},{"taxonomy":"product_tag","embeddable":true,"href":"https:\/\/tallershidrasol.com\/ca\/wp-json\/wp\/v2\/product_tag?post=2353"}],"curies":[{"name":"wp","href":"https:\/\/api.w.org\/{rel}","templated":true}]}}