{"id":2355,"date":"2025-07-28T12:00:45","date_gmt":"2025-07-28T10:00:45","guid":{"rendered":"https:\/\/tallershidrasol.com\/producte\/minidumper-electric\/"},"modified":"2025-08-26T14:23:25","modified_gmt":"2025-08-26T12:23:25","slug":"minidumper-electric","status":"publish","type":"product","link":"https:\/\/tallershidrasol.com\/ca\/producte\/minidumper-electric\/","title":{"rendered":"Minidumper El\u00e8ctric"},"content":{"rendered":"<h2 data-start=\"262\" data-end=\"337\">Mobilitat neta i eficient per a treballs de c\u00e0rrega intensiva<\/h2>\n<p data-start=\"339\" data-end=\"685\">El Minidumper El\u00e9ctric est\u00e0 dissenyat per a treballs d&#8217;<strong data-start=\"413\" data-end=\"437\">autoc\u00e0rrega i desc\u00e0rrega<\/strong>, i ofereix una soluci\u00f3 silenciosa, sense emissions i altament funcional per a obres, jardins, magatzems o espais interiors. La <strong data-start=\"569\" data-end=\"621\">desc\u00e0rrega es realitza mitjan\u00e7ant cilindre hidr\u00e0ulic<\/strong>, cosa que facilita el buidatge sense esfor\u00e7 i amb total seguretat. <\/p>\n<p data-start=\"687\" data-end=\"867\">\u00c9s ideal per als qui necessiten moure materials amb precisi\u00f3 en entorns on el soroll i les emissions s&#8217;han de mantenir al m\u00ednim, sense renunciar a la pot\u00e8ncia ni a l&#8217;autonomia.<\/p>\n<p data-start=\"687\" data-end=\"867\"><strong>La soluci\u00f3 el\u00e8ctrica per moure c\u00e0rregues amb control i zero complicacions.<\/strong><\/p>\n<h4 data-start=\"874\" data-end=\"889\"><strong data-start=\"874\" data-end=\"887\">AVANTATGES:<\/strong><\/h4>\n<ul data-start=\"890\" data-end=\"1170\">\n<li data-start=\"890\" data-end=\"925\">\n<p data-start=\"892\" data-end=\"925\"><strong data-start=\"892\" data-end=\"915\">Capacitat de carrega:<\/strong> 500\u202fkg.<\/p>\n<\/li>\n<li data-start=\"926\" data-end=\"992\">\n<p data-start=\"928\" data-end=\"992\"><strong data-start=\"928\" data-end=\"945\">Marxa enrere:<\/strong> m\u00e9s maniobrabilitat en espais redu\u00efts.<\/p>\n<\/li>\n<li data-start=\"993\" data-end=\"1054\">\n<p data-start=\"995\" data-end=\"1054\"><strong data-start=\"995\" data-end=\"1024\">Frens electromagn\u00e8tics:<\/strong> m\u00e0xima seguretat i control.<\/p>\n<\/li>\n<li data-start=\"1055\" data-end=\"1113\">\n<p data-start=\"1057\" data-end=\"1113\"><strong data-start=\"1057\" data-end=\"1071\">Autonomia:<\/strong> entre 8 i 10 hores de treball continu.<\/p>\n<\/li>\n<li data-start=\"1114\" data-end=\"1144\">\n<p data-start=\"1116\" data-end=\"1144\"><strong data-start=\"1116\" data-end=\"1128\">Bateria:<\/strong> 48\u202fV \u2013 32\u202fAh.<\/p>\n<\/li>\n<li data-start=\"1145\" data-end=\"1170\">\n<p data-start=\"1147\" data-end=\"1170\"><strong data-start=\"1147\" data-end=\"1162\">Pes total:<\/strong> 274\u202fkg.<\/p>\n<\/li>\n<\/ul>\n","protected":false},"excerpt":{"rendered":"<p data-start=\"1177\" data-end=\"1288\">Minidumper el\u00e8ctric amb cilindre hidr\u00e0ulic, 500kg de c\u00e0rrega i fins a 10h d&#8217;autonomia.<\/p>\n","protected":false},"featured_media":1220,"comment_status":"open","ping_status":"closed","template":"","meta":[],"product_brand":[768],"product_cat":[420,681],"product_tag":[],"class_list":{"0":"post-2355","1":"product","2":"type-product","3":"status-publish","4":"has-post-thumbnail","6":"product_brand-zeppelin-ca","7":"product_cat-maquinaria-agricola-ca","8":"product_cat-minidumper-ca","10":"first","11":"instock","12":"featured","13":"taxable","14":"shipping-taxable","15":"purchasable","16":"product-type-simple"},"yoast_head":"<!-- This site is optimized with the Yoast SEO plugin v25.6 - https:\/\/yoast.com\/wordpress\/plugins\/seo\/ -->\n<title>Minidumper El\u00e8ctric - Tallers Hidrasol<\/title>\n<meta name=\"robots\" content=\"index, follow, max-snippet:-1, max-image-preview:large, max-video-preview:-1\" \/>\n<link rel=\"canonical\" href=\"https:\/\/tallershidrasol.com\/ca\/producte\/minidumper-electric\/\" \/>\n<meta property=\"og:locale\" content=\"ca_ES\" \/>\n<meta property=\"og:type\" content=\"article\" \/>\n<meta property=\"og:title\" content=\"Minidumper El\u00e8ctric - Tallers Hidrasol\" \/>\n<meta property=\"og:description\" content=\"Minidumper el\u00e8ctric amb cilindre hidr\u00e0ulic, 500kg de c\u00e0rrega i fins a 10h d&#039;autonomia.\" \/>\n<meta property=\"og:url\" content=\"https:\/\/tallershidrasol.com\/ca\/producte\/minidumper-electric\/\" \/>\n<meta property=\"og:site_name\" content=\"Tallers Hidrasol\" \/>\n<meta property=\"article:modified_time\" content=\"2025-08-26T12:23:25+00:00\" \/>\n<meta property=\"og:image\" content=\"https:\/\/tallershidrasol.com\/wp-content\/uploads\/2025\/07\/EH502-1024x821-1.jpg\" \/>\n\t<meta property=\"og:image:width\" content=\"1024\" \/>\n\t<meta property=\"og:image:height\" content=\"821\" \/>\n\t<meta property=\"og:image:type\" content=\"image\/jpeg\" \/>\n<meta name=\"twitter:card\" content=\"summary_large_image\" \/>\n<meta name=\"twitter:label1\" content=\"Temps estimat de lectura\" \/>\n\t<meta name=\"twitter:data1\" content=\"1 minut\" \/>\n<script type=\"application\/ld+json\" class=\"yoast-schema-graph\">{\"@context\":\"https:\/\/schema.org\",\"@graph\":[{\"@type\":\"WebPage\",\"@id\":\"https:\/\/tallershidrasol.com\/ca\/producte\/minidumper-electric\/\",\"url\":\"https:\/\/tallershidrasol.com\/ca\/producte\/minidumper-electric\/\",\"name\":\"Minidumper El\u00e8ctric - Tallers Hidrasol\",\"isPartOf\":{\"@id\":\"https:\/\/tallershidrasol.com\/ca\/#website\"},\"primaryImageOfPage\":{\"@id\":\"https:\/\/tallershidrasol.com\/ca\/producte\/minidumper-electric\/#primaryimage\"},\"image\":{\"@id\":\"https:\/\/tallershidrasol.com\/ca\/producte\/minidumper-electric\/#primaryimage\"},\"thumbnailUrl\":\"https:\/\/tallershidrasol.com\/wp-content\/uploads\/2025\/07\/EH502-1024x821-1.jpg\",\"datePublished\":\"2025-07-28T10:00:45+00:00\",\"dateModified\":\"2025-08-26T12:23:25+00:00\",\"breadcrumb\":{\"@id\":\"https:\/\/tallershidrasol.com\/ca\/producte\/minidumper-electric\/#breadcrumb\"},\"inLanguage\":\"ca\",\"potentialAction\":[{\"@type\":\"ReadAction\",\"target\":[\"https:\/\/tallershidrasol.com\/ca\/producte\/minidumper-electric\/\"]}]},{\"@type\":\"ImageObject\",\"inLanguage\":\"ca\",\"@id\":\"https:\/\/tallershidrasol.com\/ca\/producte\/minidumper-electric\/#primaryimage\",\"url\":\"https:\/\/tallershidrasol.com\/wp-content\/uploads\/2025\/07\/EH502-1024x821-1.jpg\",\"contentUrl\":\"https:\/\/tallershidrasol.com\/wp-content\/uploads\/2025\/07\/EH502-1024x821-1.jpg\",\"width\":1024,\"height\":821},{\"@type\":\"BreadcrumbList\",\"@id\":\"https:\/\/tallershidrasol.com\/ca\/producte\/minidumper-electric\/#breadcrumb\",\"itemListElement\":[{\"@type\":\"ListItem\",\"position\":1,\"name\":\"Portada\",\"item\":\"https:\/\/tallershidrasol.com\/ca\/tallers-hidrasol-manteniments-industrials-hidraulica-soldadura\/\"},{\"@type\":\"ListItem\",\"position\":2,\"name\":\"Botiga online\",\"item\":\"https:\/\/tallershidrasol.com\/ca\/botiga-online\/\"},{\"@type\":\"ListItem\",\"position\":3,\"name\":\"Minidumper El\u00e8ctric\"}]},{\"@type\":\"WebSite\",\"@id\":\"https:\/\/tallershidrasol.com\/ca\/#website\",\"url\":\"https:\/\/tallershidrasol.com\/ca\/\",\"name\":\"Tallers Hidrasol\",\"description\":\"Manteniments Industrials - Hidr\u00e0ulica - Soldadura\",\"potentialAction\":[{\"@type\":\"SearchAction\",\"target\":{\"@type\":\"EntryPoint\",\"urlTemplate\":\"https:\/\/tallershidrasol.com\/ca\/?s={search_term_string}\"},\"query-input\":{\"@type\":\"PropertyValueSpecification\",\"valueRequired\":true,\"valueName\":\"search_term_string\"}}],\"inLanguage\":\"ca\"}]}<\/script>\n<!-- \/ Yoast SEO plugin. -->","yoast_head_json":{"title":"Minidumper El\u00e8ctric - Tallers Hidrasol","robots":{"index":"index","follow":"follow","max-snippet":"max-snippet:-1","max-image-preview":"max-image-preview:large","max-video-preview":"max-video-preview:-1"},"canonical":"https:\/\/tallershidrasol.com\/ca\/producte\/minidumper-electric\/","og_locale":"ca_ES","og_type":"article","og_title":"Minidumper El\u00e8ctric - Tallers Hidrasol","og_description":"Minidumper el\u00e8ctric amb cilindre hidr\u00e0ulic, 500kg de c\u00e0rrega i fins a 10h d'autonomia.","og_url":"https:\/\/tallershidrasol.com\/ca\/producte\/minidumper-electric\/","og_site_name":"Tallers Hidrasol","article_modified_time":"2025-08-26T12:23:25+00:00","og_image":[{"width":1024,"height":821,"url":"https:\/\/tallershidrasol.com\/wp-content\/uploads\/2025\/07\/EH502-1024x821-1.jpg","type":"image\/jpeg"}],"twitter_card":"summary_large_image","twitter_misc":{"Temps estimat de lectura":"1 minut"},"schema":{"@context":"https:\/\/schema.org","@graph":[{"@type":"WebPage","@id":"https:\/\/tallershidrasol.com\/ca\/producte\/minidumper-electric\/","url":"https:\/\/tallershidrasol.com\/ca\/producte\/minidumper-electric\/","name":"Minidumper El\u00e8ctric - Tallers Hidrasol","isPartOf":{"@id":"https:\/\/tallershidrasol.com\/ca\/#website"},"primaryImageOfPage":{"@id":"https:\/\/tallershidrasol.com\/ca\/producte\/minidumper-electric\/#primaryimage"},"image":{"@id":"https:\/\/tallershidrasol.com\/ca\/producte\/minidumper-electric\/#primaryimage"},"thumbnailUrl":"https:\/\/tallershidrasol.com\/wp-content\/uploads\/2025\/07\/EH502-1024x821-1.jpg","datePublished":"2025-07-28T10:00:45+00:00","dateModified":"2025-08-26T12:23:25+00:00","breadcrumb":{"@id":"https:\/\/tallershidrasol.com\/ca\/producte\/minidumper-electric\/#breadcrumb"},"inLanguage":"ca","potentialAction":[{"@type":"ReadAction","target":["https:\/\/tallershidrasol.com\/ca\/producte\/minidumper-electric\/"]}]},{"@type":"ImageObject","inLanguage":"ca","@id":"https:\/\/tallershidrasol.com\/ca\/producte\/minidumper-electric\/#primaryimage","url":"https:\/\/tallershidrasol.com\/wp-content\/uploads\/2025\/07\/EH502-1024x821-1.jpg","contentUrl":"https:\/\/tallershidrasol.com\/wp-content\/uploads\/2025\/07\/EH502-1024x821-1.jpg","width":1024,"height":821},{"@type":"BreadcrumbList","@id":"https:\/\/tallershidrasol.com\/ca\/producte\/minidumper-electric\/#breadcrumb","itemListElement":[{"@type":"ListItem","position":1,"name":"Portada","item":"https:\/\/tallershidrasol.com\/ca\/tallers-hidrasol-manteniments-industrials-hidraulica-soldadura\/"},{"@type":"ListItem","position":2,"name":"Botiga online","item":"https:\/\/tallershidrasol.com\/ca\/botiga-online\/"},{"@type":"ListItem","position":3,"name":"Minidumper El\u00e8ctric"}]},{"@type":"WebSite","@id":"https:\/\/tallershidrasol.com\/ca\/#website","url":"https:\/\/tallershidrasol.com\/ca\/","name":"Tallers Hidrasol","description":"Manteniments Industrials - Hidr\u00e0ulica - Soldadura","potentialAction":[{"@type":"SearchAction","target":{"@type":"EntryPoint","urlTemplate":"https:\/\/tallershidrasol.com\/ca\/?s={search_term_string}"},"query-input":{"@type":"PropertyValueSpecification","valueRequired":true,"valueName":"search_term_string"}}],"inLanguage":"ca"}]}},"_links":{"self":[{"href":"https:\/\/tallershidrasol.com\/ca\/wp-json\/wp\/v2\/product\/2355","targetHints":{"allow":["GET"]}}],"collection":[{"href":"https:\/\/tallershidrasol.com\/ca\/wp-json\/wp\/v2\/product"}],"about":[{"href":"https:\/\/tallershidrasol.com\/ca\/wp-json\/wp\/v2\/types\/product"}],"replies":[{"embeddable":true,"href":"https:\/\/tallershidrasol.com\/ca\/wp-json\/wp\/v2\/comments?post=2355"}],"wp:featuredmedia":[{"embeddable":true,"href":"https:\/\/tallershidrasol.com\/ca\/wp-json\/wp\/v2\/media\/1220"}],"wp:attachment":[{"href":"https:\/\/tallershidrasol.com\/ca\/wp-json\/wp\/v2\/media?parent=2355"}],"wp:term":[{"taxonomy":"product_brand","embeddable":true,"href":"https:\/\/tallershidrasol.com\/ca\/wp-json\/wp\/v2\/product_brand?post=2355"},{"taxonomy":"product_cat","embeddable":true,"href":"https:\/\/tallershidrasol.com\/ca\/wp-json\/wp\/v2\/product_cat?post=2355"},{"taxonomy":"product_tag","embeddable":true,"href":"https:\/\/tallershidrasol.com\/ca\/wp-json\/wp\/v2\/product_tag?post=2355"}],"curies":[{"name":"wp","href":"https:\/\/api.w.org\/{rel}","templated":true}]}}