{"id":2356,"date":"2025-07-28T12:00:35","date_gmt":"2025-07-28T10:00:35","guid":{"rendered":"https:\/\/tallershidrasol.com\/producte\/minidumper-oruga-500kgs\/"},"modified":"2025-08-26T14:25:08","modified_gmt":"2025-08-26T12:25:08","slug":"minidumper-oruga-500kgs","status":"publish","type":"product","link":"https:\/\/tallershidrasol.com\/ca\/producte\/minidumper-oruga-500kgs\/","title":{"rendered":"Minidumper Oruga 500KGS"},"content":{"rendered":"<h2 data-start=\"213\" data-end=\"280\">C\u00e0rrega pesada, m\u00e0xima tracci\u00f3 i maniobrabilitat total<\/h2>\n<p data-start=\"282\" data-end=\"564\">El Minidumper d&#8217;eruga 500kg amb motor de 6.5 HP \u00e9s la soluci\u00f3 perfecta per al transport de materials a terrenys dif\u00edcils o espais redu\u00efts. La seva estructura compacta i potent el converteix en un aliat ideal per a obres, jardineria, agricultura o reformes. <\/p>\n<p data-start=\"566\" data-end=\"802\">Gr\u00e0cies a la seva tracci\u00f3 per erugues, garanteix estabilitat i adher\u00e8ncia fins i tot en pendents o terrenys irregulars. El disseny robust i capacitat de c\u00e0rrega de fins a 500kg permeten moure grans volums amb total seguretat i efici\u00e8ncia. <\/p>\n<p data-start=\"566\" data-end=\"802\"><strong>El company ideal per moure c\u00e0rregues pesades amb facilitat i total seguretat.<\/strong><\/p>\n<h4 data-start=\"809\" data-end=\"824\"><strong data-start=\"809\" data-end=\"822\">AVANTATGES:<\/strong><\/h4>\n<ul data-start=\"825\" data-end=\"1357\">\n<li data-start=\"825\" data-end=\"906\">\n<p data-start=\"827\" data-end=\"906\"><strong data-start=\"827\" data-end=\"875\">Motor Loncin OHV 2T 6.5 HP (196cc, 6,72\u202fkW):<\/strong> pot\u00e8ncia fiable y eficient.<\/p>\n<\/li>\n<li data-start=\"907\" data-end=\"998\">\n<p data-start=\"909\" data-end=\"998\"><strong data-start=\"909\" data-end=\"965\">Transmissi\u00f3 amb 3 marxes endavant + 1 marxa enrere:<\/strong> versatilitat a la conducci\u00f3.<\/p>\n<\/li>\n<li data-start=\"999\" data-end=\"1066\">\n<p data-start=\"1001\" data-end=\"1066\"><strong data-start=\"1001\" data-end=\"1033\">Sistema de fre autom\u00e0tic:<\/strong> major seguretat a la feina.<\/p>\n<\/li>\n<li data-start=\"1067\" data-end=\"1128\">\n<p data-start=\"1069\" data-end=\"1128\"><strong data-start=\"1069\" data-end=\"1094\">Amortidors a gas:<\/strong> conducci\u00f3 m\u00e9s suau i estable<\/p>\n<\/li>\n<li data-start=\"1129\" data-end=\"1197\">\n<p data-start=\"1131\" data-end=\"1197\"><strong data-start=\"1131\" data-end=\"1168\">Calaix de gran capacitat (500kg):<\/strong> ideal per a c\u00e0rregues pesades.<\/p>\n<\/li>\n<li data-start=\"1198\" data-end=\"1249\">\n<p data-start=\"1200\" data-end=\"1249\"><strong data-start=\"1200\" data-end=\"1226\">Dimensions compactes:<\/strong> 1700 x 700 x 985 mm.<\/p>\n<\/li>\n<li data-start=\"1250\" data-end=\"1331\">\n<p data-start=\"1252\" data-end=\"1331\"><strong data-start=\"1252\" data-end=\"1308\">Rodes de 180mm i dimensions ajustables del calaix:<\/strong> adaptabilitat total.<\/p>\n<\/li>\n<li data-start=\"1332\" data-end=\"1357\">\n<p data-start=\"1334\" data-end=\"1357\"><strong data-start=\"1334\" data-end=\"1349\">Pes total:<\/strong> 245\u202fkg.<\/p>\n<\/li>\n<\/ul>\n","protected":false},"excerpt":{"rendered":"<p>Minidumper d&#8217;eruga compacte i potent, amb 500kg de c\u00e0rrega i motor de 6.5 HP.<\/p>\n","protected":false},"featured_media":1222,"comment_status":"open","ping_status":"closed","template":"","meta":[],"product_brand":[768],"product_cat":[420,681],"product_tag":[],"class_list":{"0":"post-2356","1":"product","2":"type-product","3":"status-publish","4":"has-post-thumbnail","6":"product_brand-zeppelin-ca","7":"product_cat-maquinaria-agricola-ca","8":"product_cat-minidumper-ca","10":"first","11":"instock","12":"featured","13":"taxable","14":"shipping-taxable","15":"purchasable","16":"product-type-simple"},"yoast_head":"<!-- This site is optimized with the Yoast SEO plugin v25.6 - https:\/\/yoast.com\/wordpress\/plugins\/seo\/ -->\n<title>Minidumper Oruga 500KGS - Tallers Hidrasol<\/title>\n<meta name=\"robots\" content=\"index, follow, max-snippet:-1, max-image-preview:large, max-video-preview:-1\" \/>\n<link rel=\"canonical\" href=\"https:\/\/tallershidrasol.com\/ca\/producte\/minidumper-oruga-500kgs\/\" \/>\n<meta property=\"og:locale\" content=\"ca_ES\" \/>\n<meta property=\"og:type\" content=\"article\" \/>\n<meta property=\"og:title\" content=\"Minidumper Oruga 500KGS - Tallers Hidrasol\" \/>\n<meta property=\"og:description\" content=\"Minidumper d&#039;eruga compacte i potent, amb 500kg de c\u00e0rrega i motor de 6.5 HP.\" \/>\n<meta property=\"og:url\" content=\"https:\/\/tallershidrasol.com\/ca\/producte\/minidumper-oruga-500kgs\/\" \/>\n<meta property=\"og:site_name\" content=\"Tallers Hidrasol\" \/>\n<meta property=\"article:modified_time\" content=\"2025-08-26T12:25:08+00:00\" \/>\n<meta property=\"og:image\" content=\"https:\/\/tallershidrasol.com\/wp-content\/uploads\/2025\/07\/mini-dumper-65hp.jpg\" \/>\n\t<meta property=\"og:image:width\" content=\"1000\" \/>\n\t<meta property=\"og:image:height\" content=\"825\" \/>\n\t<meta property=\"og:image:type\" content=\"image\/jpeg\" \/>\n<meta name=\"twitter:card\" content=\"summary_large_image\" \/>\n<meta name=\"twitter:label1\" content=\"Temps estimat de lectura\" \/>\n\t<meta name=\"twitter:data1\" content=\"1 minut\" \/>\n<script type=\"application\/ld+json\" class=\"yoast-schema-graph\">{\"@context\":\"https:\/\/schema.org\",\"@graph\":[{\"@type\":\"WebPage\",\"@id\":\"https:\/\/tallershidrasol.com\/ca\/producte\/minidumper-oruga-500kgs\/\",\"url\":\"https:\/\/tallershidrasol.com\/ca\/producte\/minidumper-oruga-500kgs\/\",\"name\":\"Minidumper Oruga 500KGS - Tallers Hidrasol\",\"isPartOf\":{\"@id\":\"https:\/\/tallershidrasol.com\/ca\/#website\"},\"primaryImageOfPage\":{\"@id\":\"https:\/\/tallershidrasol.com\/ca\/producte\/minidumper-oruga-500kgs\/#primaryimage\"},\"image\":{\"@id\":\"https:\/\/tallershidrasol.com\/ca\/producte\/minidumper-oruga-500kgs\/#primaryimage\"},\"thumbnailUrl\":\"https:\/\/tallershidrasol.com\/wp-content\/uploads\/2025\/07\/mini-dumper-65hp.jpg\",\"datePublished\":\"2025-07-28T10:00:35+00:00\",\"dateModified\":\"2025-08-26T12:25:08+00:00\",\"breadcrumb\":{\"@id\":\"https:\/\/tallershidrasol.com\/ca\/producte\/minidumper-oruga-500kgs\/#breadcrumb\"},\"inLanguage\":\"ca\",\"potentialAction\":[{\"@type\":\"ReadAction\",\"target\":[\"https:\/\/tallershidrasol.com\/ca\/producte\/minidumper-oruga-500kgs\/\"]}]},{\"@type\":\"ImageObject\",\"inLanguage\":\"ca\",\"@id\":\"https:\/\/tallershidrasol.com\/ca\/producte\/minidumper-oruga-500kgs\/#primaryimage\",\"url\":\"https:\/\/tallershidrasol.com\/wp-content\/uploads\/2025\/07\/mini-dumper-65hp.jpg\",\"contentUrl\":\"https:\/\/tallershidrasol.com\/wp-content\/uploads\/2025\/07\/mini-dumper-65hp.jpg\",\"width\":1000,\"height\":825},{\"@type\":\"BreadcrumbList\",\"@id\":\"https:\/\/tallershidrasol.com\/ca\/producte\/minidumper-oruga-500kgs\/#breadcrumb\",\"itemListElement\":[{\"@type\":\"ListItem\",\"position\":1,\"name\":\"Portada\",\"item\":\"https:\/\/tallershidrasol.com\/ca\/tallers-hidrasol-manteniments-industrials-hidraulica-soldadura\/\"},{\"@type\":\"ListItem\",\"position\":2,\"name\":\"Botiga online\",\"item\":\"https:\/\/tallershidrasol.com\/ca\/botiga-online\/\"},{\"@type\":\"ListItem\",\"position\":3,\"name\":\"Minidumper Oruga 500KGS\"}]},{\"@type\":\"WebSite\",\"@id\":\"https:\/\/tallershidrasol.com\/ca\/#website\",\"url\":\"https:\/\/tallershidrasol.com\/ca\/\",\"name\":\"Tallers Hidrasol\",\"description\":\"Manteniments Industrials - Hidr\u00e0ulica - Soldadura\",\"potentialAction\":[{\"@type\":\"SearchAction\",\"target\":{\"@type\":\"EntryPoint\",\"urlTemplate\":\"https:\/\/tallershidrasol.com\/ca\/?s={search_term_string}\"},\"query-input\":{\"@type\":\"PropertyValueSpecification\",\"valueRequired\":true,\"valueName\":\"search_term_string\"}}],\"inLanguage\":\"ca\"}]}<\/script>\n<!-- \/ Yoast SEO plugin. -->","yoast_head_json":{"title":"Minidumper Oruga 500KGS - Tallers Hidrasol","robots":{"index":"index","follow":"follow","max-snippet":"max-snippet:-1","max-image-preview":"max-image-preview:large","max-video-preview":"max-video-preview:-1"},"canonical":"https:\/\/tallershidrasol.com\/ca\/producte\/minidumper-oruga-500kgs\/","og_locale":"ca_ES","og_type":"article","og_title":"Minidumper Oruga 500KGS - Tallers Hidrasol","og_description":"Minidumper d'eruga compacte i potent, amb 500kg de c\u00e0rrega i motor de 6.5 HP.","og_url":"https:\/\/tallershidrasol.com\/ca\/producte\/minidumper-oruga-500kgs\/","og_site_name":"Tallers Hidrasol","article_modified_time":"2025-08-26T12:25:08+00:00","og_image":[{"width":1000,"height":825,"url":"https:\/\/tallershidrasol.com\/wp-content\/uploads\/2025\/07\/mini-dumper-65hp.jpg","type":"image\/jpeg"}],"twitter_card":"summary_large_image","twitter_misc":{"Temps estimat de lectura":"1 minut"},"schema":{"@context":"https:\/\/schema.org","@graph":[{"@type":"WebPage","@id":"https:\/\/tallershidrasol.com\/ca\/producte\/minidumper-oruga-500kgs\/","url":"https:\/\/tallershidrasol.com\/ca\/producte\/minidumper-oruga-500kgs\/","name":"Minidumper Oruga 500KGS - Tallers Hidrasol","isPartOf":{"@id":"https:\/\/tallershidrasol.com\/ca\/#website"},"primaryImageOfPage":{"@id":"https:\/\/tallershidrasol.com\/ca\/producte\/minidumper-oruga-500kgs\/#primaryimage"},"image":{"@id":"https:\/\/tallershidrasol.com\/ca\/producte\/minidumper-oruga-500kgs\/#primaryimage"},"thumbnailUrl":"https:\/\/tallershidrasol.com\/wp-content\/uploads\/2025\/07\/mini-dumper-65hp.jpg","datePublished":"2025-07-28T10:00:35+00:00","dateModified":"2025-08-26T12:25:08+00:00","breadcrumb":{"@id":"https:\/\/tallershidrasol.com\/ca\/producte\/minidumper-oruga-500kgs\/#breadcrumb"},"inLanguage":"ca","potentialAction":[{"@type":"ReadAction","target":["https:\/\/tallershidrasol.com\/ca\/producte\/minidumper-oruga-500kgs\/"]}]},{"@type":"ImageObject","inLanguage":"ca","@id":"https:\/\/tallershidrasol.com\/ca\/producte\/minidumper-oruga-500kgs\/#primaryimage","url":"https:\/\/tallershidrasol.com\/wp-content\/uploads\/2025\/07\/mini-dumper-65hp.jpg","contentUrl":"https:\/\/tallershidrasol.com\/wp-content\/uploads\/2025\/07\/mini-dumper-65hp.jpg","width":1000,"height":825},{"@type":"BreadcrumbList","@id":"https:\/\/tallershidrasol.com\/ca\/producte\/minidumper-oruga-500kgs\/#breadcrumb","itemListElement":[{"@type":"ListItem","position":1,"name":"Portada","item":"https:\/\/tallershidrasol.com\/ca\/tallers-hidrasol-manteniments-industrials-hidraulica-soldadura\/"},{"@type":"ListItem","position":2,"name":"Botiga online","item":"https:\/\/tallershidrasol.com\/ca\/botiga-online\/"},{"@type":"ListItem","position":3,"name":"Minidumper Oruga 500KGS"}]},{"@type":"WebSite","@id":"https:\/\/tallershidrasol.com\/ca\/#website","url":"https:\/\/tallershidrasol.com\/ca\/","name":"Tallers Hidrasol","description":"Manteniments Industrials - Hidr\u00e0ulica - Soldadura","potentialAction":[{"@type":"SearchAction","target":{"@type":"EntryPoint","urlTemplate":"https:\/\/tallershidrasol.com\/ca\/?s={search_term_string}"},"query-input":{"@type":"PropertyValueSpecification","valueRequired":true,"valueName":"search_term_string"}}],"inLanguage":"ca"}]}},"_links":{"self":[{"href":"https:\/\/tallershidrasol.com\/ca\/wp-json\/wp\/v2\/product\/2356","targetHints":{"allow":["GET"]}}],"collection":[{"href":"https:\/\/tallershidrasol.com\/ca\/wp-json\/wp\/v2\/product"}],"about":[{"href":"https:\/\/tallershidrasol.com\/ca\/wp-json\/wp\/v2\/types\/product"}],"replies":[{"embeddable":true,"href":"https:\/\/tallershidrasol.com\/ca\/wp-json\/wp\/v2\/comments?post=2356"}],"wp:featuredmedia":[{"embeddable":true,"href":"https:\/\/tallershidrasol.com\/ca\/wp-json\/wp\/v2\/media\/1222"}],"wp:attachment":[{"href":"https:\/\/tallershidrasol.com\/ca\/wp-json\/wp\/v2\/media?parent=2356"}],"wp:term":[{"taxonomy":"product_brand","embeddable":true,"href":"https:\/\/tallershidrasol.com\/ca\/wp-json\/wp\/v2\/product_brand?post=2356"},{"taxonomy":"product_cat","embeddable":true,"href":"https:\/\/tallershidrasol.com\/ca\/wp-json\/wp\/v2\/product_cat?post=2356"},{"taxonomy":"product_tag","embeddable":true,"href":"https:\/\/tallershidrasol.com\/ca\/wp-json\/wp\/v2\/product_tag?post=2356"}],"curies":[{"name":"wp","href":"https:\/\/api.w.org\/{rel}","templated":true}]}}