{"id":2357,"date":"2025-07-28T12:00:18","date_gmt":"2025-07-28T10:00:18","guid":{"rendered":"https:\/\/tallershidrasol.com\/producte\/trituradora-de-martells-desplacable-trituradores-reforcades\/"},"modified":"2025-08-26T14:26:08","modified_gmt":"2025-08-26T12:26:08","slug":"trituradora-de-martells-desplacable-trituradores-reforcades","status":"publish","type":"product","link":"https:\/\/tallershidrasol.com\/ca\/producte\/trituradora-de-martells-desplacable-trituradores-reforcades\/","title":{"rendered":"Trituradora de Martells Despla\u00e7able &#8211; Trituradores Refor\u00e7ades"},"content":{"rendered":"<h2>M\u00e0xima efici\u00e8ncia per a poda en oliverar i fruiters<\/h2>\n<p data-start=\"329\" data-end=\"672\">La trituradora <strong data-start=\"363\" data-end=\"379\">ARIZONA TECH<\/strong> est\u00e0 especialment dissenyada per triturar <strong data-start=\"422\" data-end=\"461\">restes de poda a oliverar i fruiters<\/strong>, oferint un alt rendiment i gran comoditat d&#8217;\u00fas. La seva <strong data-start=\"522\" data-end=\"556\">obertura hidr\u00e0ulica de la porta<\/strong> permet gestionar millor el flux del material des del lloc del tractor, fent el treball m\u00e9s r\u00e0pid i segur. <\/p>\n<p data-start=\"674\" data-end=\"896\">Gr\u00e0cies al seu disseny vers\u00e0til, pot treballar <strong data-start=\"719\" data-end=\"759\">tant cap endavant com cap enrere,<\/strong> sempre enganxada a la part posterior del tractor, cosa que millora la seva adaptabilitat segons el tipus de cultiu o configuraci\u00f3 del terreny.<\/p>\n<h4 data-start=\"903\" data-end=\"918\"><strong data-start=\"903\" data-end=\"916\">AVANTATGES:<\/strong><\/h4>\n<ul data-start=\"919\" data-end=\"1207\">\n<li data-start=\"919\" data-end=\"989\">\n<p data-start=\"921\" data-end=\"989\"><strong data-start=\"921\" data-end=\"954\">Martells de primera qualitat: <\/strong>trituraci\u00f3 potent i eficient.<\/p>\n<\/li>\n<li data-start=\"990\" data-end=\"1074\">\n<p data-start=\"992\" data-end=\"1074\"><strong data-start=\"992\" data-end=\"1031\">Grup de fosa amb roda lliure:<\/strong> robustesa i protecci\u00f3 de la transmissi\u00f3.<\/p>\n<\/li>\n<li data-start=\"1075\" data-end=\"1141\">\n<p data-start=\"1077\" data-end=\"1141\"><strong data-start=\"1077\" data-end=\"1110\">Patins i corr\u00f3 ajustables: <\/strong>millor adaptaci\u00f3 al terreny.<\/p>\n<\/li>\n<li data-start=\"1142\" data-end=\"1207\">\n<p data-start=\"1144\" data-end=\"1207\"><strong data-start=\"1144\" data-end=\"1164\">Cardan incl\u00f2s:<\/strong> llesta per connectar i comen\u00e7ar a treballar.<\/p>\n<\/li>\n<\/ul>\n<p><strong>Treballa m\u00e9s c\u00f2mode i eficient, amb porta hidr\u00e0ulica i marxa en tots dos sentits.<\/strong><\/p>\n<p><strong>INFORMACI\u00d3 ADICIONAL:<\/strong><\/p>\n<ul>\n<li><strong>Corretges:<\/strong> 5<\/li>\n<li><strong>PTO:<\/strong> 540<\/li>\n<li><strong>Ample:<\/strong> 1210 mm<\/li>\n<li><strong>Alt:<\/strong> 1030 mm<\/li>\n<\/ul>\n","protected":false},"excerpt":{"rendered":"<p data-start=\"1214\" data-end=\"1328\">Trituradora vers\u00e0til per a fruiters i oliverar, amb porta hidr\u00e0ulica i treball bidireccional.<\/p>\n","protected":false},"featured_media":1292,"comment_status":"open","ping_status":"closed","template":"","meta":[],"product_brand":[774,768],"product_cat":[420,425],"product_tag":[],"class_list":{"0":"post-2357","1":"product","2":"type-product","3":"status-publish","4":"has-post-thumbnail","6":"product_brand-arizona-tech-ca","7":"product_brand-zeppelin-ca","8":"product_cat-maquinaria-agricola-ca","9":"product_cat-trituradora-ca","11":"first","12":"instock","13":"featured","14":"taxable","15":"shipping-taxable","16":"purchasable","17":"product-type-variable"},"yoast_head":"<!-- This site is optimized with the Yoast SEO plugin v25.6 - https:\/\/yoast.com\/wordpress\/plugins\/seo\/ -->\n<title>Trituradora de Martells Despla\u00e7able - Trituradores Refor\u00e7ades - Tallers Hidrasol<\/title>\n<meta name=\"robots\" content=\"index, follow, max-snippet:-1, max-image-preview:large, max-video-preview:-1\" \/>\n<link rel=\"canonical\" href=\"https:\/\/tallershidrasol.com\/ca\/producte\/trituradora-de-martells-desplacable-trituradores-reforcades\/\" \/>\n<meta property=\"og:locale\" content=\"ca_ES\" \/>\n<meta property=\"og:type\" content=\"article\" \/>\n<meta property=\"og:title\" content=\"Trituradora de Martells Despla\u00e7able - Trituradores Refor\u00e7ades - Tallers Hidrasol\" \/>\n<meta property=\"og:description\" content=\"Trituradora vers\u00e0til per a fruiters i oliverar, amb porta hidr\u00e0ulica i treball bidireccional.\" \/>\n<meta property=\"og:url\" content=\"https:\/\/tallershidrasol.com\/ca\/producte\/trituradora-de-martells-desplacable-trituradores-reforcades\/\" \/>\n<meta property=\"og:site_name\" content=\"Tallers Hidrasol\" \/>\n<meta property=\"article:modified_time\" content=\"2025-08-26T12:26:08+00:00\" \/>\n<meta property=\"og:image\" content=\"https:\/\/tallershidrasol.com\/wp-content\/uploads\/2025\/07\/tech_porton_cerradosinfondo-1024x766-1.jpg\" \/>\n\t<meta property=\"og:image:width\" content=\"1024\" \/>\n\t<meta property=\"og:image:height\" content=\"766\" \/>\n\t<meta property=\"og:image:type\" content=\"image\/jpeg\" \/>\n<meta name=\"twitter:card\" content=\"summary_large_image\" \/>\n<meta name=\"twitter:label1\" content=\"Temps estimat de lectura\" \/>\n\t<meta name=\"twitter:data1\" content=\"1 minut\" \/>\n<script type=\"application\/ld+json\" class=\"yoast-schema-graph\">{\"@context\":\"https:\/\/schema.org\",\"@graph\":[{\"@type\":\"WebPage\",\"@id\":\"https:\/\/tallershidrasol.com\/ca\/producte\/trituradora-de-martells-desplacable-trituradores-reforcades\/\",\"url\":\"https:\/\/tallershidrasol.com\/ca\/producte\/trituradora-de-martells-desplacable-trituradores-reforcades\/\",\"name\":\"Trituradora de Martells Despla\u00e7able - Trituradores Refor\u00e7ades - Tallers Hidrasol\",\"isPartOf\":{\"@id\":\"https:\/\/tallershidrasol.com\/ca\/#website\"},\"primaryImageOfPage\":{\"@id\":\"https:\/\/tallershidrasol.com\/ca\/producte\/trituradora-de-martells-desplacable-trituradores-reforcades\/#primaryimage\"},\"image\":{\"@id\":\"https:\/\/tallershidrasol.com\/ca\/producte\/trituradora-de-martells-desplacable-trituradores-reforcades\/#primaryimage\"},\"thumbnailUrl\":\"https:\/\/tallershidrasol.com\/wp-content\/uploads\/2025\/07\/tech_porton_cerradosinfondo-1024x766-1.jpg\",\"datePublished\":\"2025-07-28T10:00:18+00:00\",\"dateModified\":\"2025-08-26T12:26:08+00:00\",\"breadcrumb\":{\"@id\":\"https:\/\/tallershidrasol.com\/ca\/producte\/trituradora-de-martells-desplacable-trituradores-reforcades\/#breadcrumb\"},\"inLanguage\":\"ca\",\"potentialAction\":[{\"@type\":\"ReadAction\",\"target\":[\"https:\/\/tallershidrasol.com\/ca\/producte\/trituradora-de-martells-desplacable-trituradores-reforcades\/\"]}]},{\"@type\":\"ImageObject\",\"inLanguage\":\"ca\",\"@id\":\"https:\/\/tallershidrasol.com\/ca\/producte\/trituradora-de-martells-desplacable-trituradores-reforcades\/#primaryimage\",\"url\":\"https:\/\/tallershidrasol.com\/wp-content\/uploads\/2025\/07\/tech_porton_cerradosinfondo-1024x766-1.jpg\",\"contentUrl\":\"https:\/\/tallershidrasol.com\/wp-content\/uploads\/2025\/07\/tech_porton_cerradosinfondo-1024x766-1.jpg\",\"width\":1024,\"height\":766},{\"@type\":\"BreadcrumbList\",\"@id\":\"https:\/\/tallershidrasol.com\/ca\/producte\/trituradora-de-martells-desplacable-trituradores-reforcades\/#breadcrumb\",\"itemListElement\":[{\"@type\":\"ListItem\",\"position\":1,\"name\":\"Portada\",\"item\":\"https:\/\/tallershidrasol.com\/ca\/tallers-hidrasol-manteniments-industrials-hidraulica-soldadura\/\"},{\"@type\":\"ListItem\",\"position\":2,\"name\":\"Botiga online\",\"item\":\"https:\/\/tallershidrasol.com\/ca\/botiga-online\/\"},{\"@type\":\"ListItem\",\"position\":3,\"name\":\"Trituradora de Martells Despla\u00e7able &#8211; Trituradores Refor\u00e7ades\"}]},{\"@type\":\"WebSite\",\"@id\":\"https:\/\/tallershidrasol.com\/ca\/#website\",\"url\":\"https:\/\/tallershidrasol.com\/ca\/\",\"name\":\"Tallers Hidrasol\",\"description\":\"Manteniments Industrials - Hidr\u00e0ulica - Soldadura\",\"potentialAction\":[{\"@type\":\"SearchAction\",\"target\":{\"@type\":\"EntryPoint\",\"urlTemplate\":\"https:\/\/tallershidrasol.com\/ca\/?s={search_term_string}\"},\"query-input\":{\"@type\":\"PropertyValueSpecification\",\"valueRequired\":true,\"valueName\":\"search_term_string\"}}],\"inLanguage\":\"ca\"}]}<\/script>\n<!-- \/ Yoast SEO plugin. -->","yoast_head_json":{"title":"Trituradora de Martells Despla\u00e7able - Trituradores Refor\u00e7ades - Tallers Hidrasol","robots":{"index":"index","follow":"follow","max-snippet":"max-snippet:-1","max-image-preview":"max-image-preview:large","max-video-preview":"max-video-preview:-1"},"canonical":"https:\/\/tallershidrasol.com\/ca\/producte\/trituradora-de-martells-desplacable-trituradores-reforcades\/","og_locale":"ca_ES","og_type":"article","og_title":"Trituradora de Martells Despla\u00e7able - Trituradores Refor\u00e7ades - Tallers Hidrasol","og_description":"Trituradora vers\u00e0til per a fruiters i oliverar, amb porta hidr\u00e0ulica i treball bidireccional.","og_url":"https:\/\/tallershidrasol.com\/ca\/producte\/trituradora-de-martells-desplacable-trituradores-reforcades\/","og_site_name":"Tallers Hidrasol","article_modified_time":"2025-08-26T12:26:08+00:00","og_image":[{"width":1024,"height":766,"url":"https:\/\/tallershidrasol.com\/wp-content\/uploads\/2025\/07\/tech_porton_cerradosinfondo-1024x766-1.jpg","type":"image\/jpeg"}],"twitter_card":"summary_large_image","twitter_misc":{"Temps estimat de lectura":"1 minut"},"schema":{"@context":"https:\/\/schema.org","@graph":[{"@type":"WebPage","@id":"https:\/\/tallershidrasol.com\/ca\/producte\/trituradora-de-martells-desplacable-trituradores-reforcades\/","url":"https:\/\/tallershidrasol.com\/ca\/producte\/trituradora-de-martells-desplacable-trituradores-reforcades\/","name":"Trituradora de Martells Despla\u00e7able - Trituradores Refor\u00e7ades - Tallers Hidrasol","isPartOf":{"@id":"https:\/\/tallershidrasol.com\/ca\/#website"},"primaryImageOfPage":{"@id":"https:\/\/tallershidrasol.com\/ca\/producte\/trituradora-de-martells-desplacable-trituradores-reforcades\/#primaryimage"},"image":{"@id":"https:\/\/tallershidrasol.com\/ca\/producte\/trituradora-de-martells-desplacable-trituradores-reforcades\/#primaryimage"},"thumbnailUrl":"https:\/\/tallershidrasol.com\/wp-content\/uploads\/2025\/07\/tech_porton_cerradosinfondo-1024x766-1.jpg","datePublished":"2025-07-28T10:00:18+00:00","dateModified":"2025-08-26T12:26:08+00:00","breadcrumb":{"@id":"https:\/\/tallershidrasol.com\/ca\/producte\/trituradora-de-martells-desplacable-trituradores-reforcades\/#breadcrumb"},"inLanguage":"ca","potentialAction":[{"@type":"ReadAction","target":["https:\/\/tallershidrasol.com\/ca\/producte\/trituradora-de-martells-desplacable-trituradores-reforcades\/"]}]},{"@type":"ImageObject","inLanguage":"ca","@id":"https:\/\/tallershidrasol.com\/ca\/producte\/trituradora-de-martells-desplacable-trituradores-reforcades\/#primaryimage","url":"https:\/\/tallershidrasol.com\/wp-content\/uploads\/2025\/07\/tech_porton_cerradosinfondo-1024x766-1.jpg","contentUrl":"https:\/\/tallershidrasol.com\/wp-content\/uploads\/2025\/07\/tech_porton_cerradosinfondo-1024x766-1.jpg","width":1024,"height":766},{"@type":"BreadcrumbList","@id":"https:\/\/tallershidrasol.com\/ca\/producte\/trituradora-de-martells-desplacable-trituradores-reforcades\/#breadcrumb","itemListElement":[{"@type":"ListItem","position":1,"name":"Portada","item":"https:\/\/tallershidrasol.com\/ca\/tallers-hidrasol-manteniments-industrials-hidraulica-soldadura\/"},{"@type":"ListItem","position":2,"name":"Botiga online","item":"https:\/\/tallershidrasol.com\/ca\/botiga-online\/"},{"@type":"ListItem","position":3,"name":"Trituradora de Martells Despla\u00e7able &#8211; Trituradores Refor\u00e7ades"}]},{"@type":"WebSite","@id":"https:\/\/tallershidrasol.com\/ca\/#website","url":"https:\/\/tallershidrasol.com\/ca\/","name":"Tallers Hidrasol","description":"Manteniments Industrials - Hidr\u00e0ulica - Soldadura","potentialAction":[{"@type":"SearchAction","target":{"@type":"EntryPoint","urlTemplate":"https:\/\/tallershidrasol.com\/ca\/?s={search_term_string}"},"query-input":{"@type":"PropertyValueSpecification","valueRequired":true,"valueName":"search_term_string"}}],"inLanguage":"ca"}]}},"_links":{"self":[{"href":"https:\/\/tallershidrasol.com\/ca\/wp-json\/wp\/v2\/product\/2357","targetHints":{"allow":["GET"]}}],"collection":[{"href":"https:\/\/tallershidrasol.com\/ca\/wp-json\/wp\/v2\/product"}],"about":[{"href":"https:\/\/tallershidrasol.com\/ca\/wp-json\/wp\/v2\/types\/product"}],"replies":[{"embeddable":true,"href":"https:\/\/tallershidrasol.com\/ca\/wp-json\/wp\/v2\/comments?post=2357"}],"wp:featuredmedia":[{"embeddable":true,"href":"https:\/\/tallershidrasol.com\/ca\/wp-json\/wp\/v2\/media\/1292"}],"wp:attachment":[{"href":"https:\/\/tallershidrasol.com\/ca\/wp-json\/wp\/v2\/media?parent=2357"}],"wp:term":[{"taxonomy":"product_brand","embeddable":true,"href":"https:\/\/tallershidrasol.com\/ca\/wp-json\/wp\/v2\/product_brand?post=2357"},{"taxonomy":"product_cat","embeddable":true,"href":"https:\/\/tallershidrasol.com\/ca\/wp-json\/wp\/v2\/product_cat?post=2357"},{"taxonomy":"product_tag","embeddable":true,"href":"https:\/\/tallershidrasol.com\/ca\/wp-json\/wp\/v2\/product_tag?post=2357"}],"curies":[{"name":"wp","href":"https:\/\/api.w.org\/{rel}","templated":true}]}}