{"id":2376,"date":"2025-07-28T11:59:55","date_gmt":"2025-07-28T09:59:55","guid":{"rendered":"https:\/\/tallershidrasol.com\/producte\/miniexcavadora-autopropulsada-rhinoceros-40hp-amb-control-hidaulic-retroexcavadora-autopropulsada\/"},"modified":"2025-08-26T14:37:52","modified_gmt":"2025-08-26T12:37:52","slug":"miniexcavadora-autopropulsada-rhinoceros-40hp-amb-control-hidaulic-retroexcavadora-autopropulsada","status":"publish","type":"product","link":"https:\/\/tallershidrasol.com\/ca\/producte\/miniexcavadora-autopropulsada-rhinoceros-40hp-amb-control-hidaulic-retroexcavadora-autopropulsada\/","title":{"rendered":"Miniexcavadora Autopropulsada Rhinoceros 40HP Amb Control Hid\u00e0ulic &#8211; Retroexcavadora Autopropulsada"},"content":{"rendered":"<h2>Pot\u00e8ncia industrial amb control absolut<\/h2>\n<p data-start=\"341\" data-end=\"799\">La Miniexcavadora Autopropulsada Rhinoceros 40HP amb control hidr\u00e0ulic \u00e9s una m\u00e0quina d&#8217;alt rendiment pensada per a feines de gran exig\u00e8ncia. El motor de 40 HP garanteix for\u00e7a i resist\u00e8ncia fins i tot en condicions d&#8217;\u00fas intensiu. Incorpora de s\u00e8rie <strong data-start=\"617\" data-end=\"630\">gir 360\u00ba<\/strong>, <strong data-start=\"632\" data-end=\"679\">cadenes amb ample regulable hidr\u00e0ulicament<\/strong> i<strong data-start=\"682\" data-end=\"734\"> joystick hidr\u00e0ulic per al control de maniobres<\/strong>, cosa que es tradueix en una operativitat fluida, precisa i segura.<\/p>\n<p data-start=\"801\" data-end=\"907\">Perfecta per a professionals que requereixen pot\u00e8ncia, fiabilitat i maneig avan\u00e7at en tota mena de terrenys.<\/p>\n<p data-start=\"801\" data-end=\"907\"><strong>L&#8217;opci\u00f3 definitiva si necessiteu pot\u00e8ncia industrial amb maniobrabilitat professional.<\/strong><\/p>\n<h4 data-start=\"801\" data-end=\"907\"><strong>AVENTATGES<\/strong><\/h4>\n<ul>\n<li data-start=\"801\" data-end=\"907\"><strong>Pes:<\/strong> 4000 Kg<\/li>\n<li data-start=\"801\" data-end=\"907\"><strong>Motor:<\/strong> KUBOTA D1703-M<\/li>\n<li data-start=\"801\" data-end=\"907\"><strong>DISTANCIA ENTRE EIXOS:<\/strong> 1800 mm<\/li>\n<li data-start=\"801\" data-end=\"907\"><strong>OSCIL\u00b7LACI\u00d3 DE LA PLUMA:<\/strong> 705 mm (dreta) 720 mm (esquerra)<\/li>\n<\/ul>\n<h4>DIMENSIONS<\/h4>\n<ul>\n<li>A. M\u00e0xima profunditat d&#8217;excavaci\u00f3 3265 mm<\/li>\n<li>B. M\u00e0xima profunditat d&#8217;excavaci\u00f3 vertical 2630 mm<\/li>\n<li>C. Al\u00e7ada m\u00e0xima d&#8217;excavaci\u00f3 5210 mm<\/li>\n<li>D. Al\u00e7ada m\u00e0xima de desc\u00e0rrega 3670 mm<\/li>\n<li>E. R\u00e0dio d&#8217;excavaci\u00f3 a terra 5460 mm<\/li>\n<li>F. R\u00e0dio de gir m\u00ednim 2345 mm<\/li>\n<li>G. M\u00e0xima al\u00e7ada d&#8217;elevaci\u00f3 de la fulla d\u00f2zer 395 mm<\/li>\n<li>H. M\u00e0xima profunditat d&#8217;excavaci\u00f3 del suport 445 mm<\/li>\n<\/ul>\n","protected":false},"excerpt":{"rendered":"<p>Excavadora 40HP amb joystick, gir 360\u00b0 i cadenes hidr\u00e0uliques: pot\u00e8ncia i control sense l\u00edmits<\/p>\n","protected":false},"featured_media":1217,"comment_status":"open","ping_status":"closed","template":"","meta":[],"product_brand":[772,768],"product_cat":[420,506],"product_tag":[],"class_list":{"0":"post-2376","1":"product","2":"type-product","3":"status-publish","4":"has-post-thumbnail","6":"product_brand-rhinoceros-ca","7":"product_brand-zeppelin-ca","8":"product_cat-maquinaria-agricola-ca","9":"product_cat-retroexcavadora-ca","11":"first","12":"instock","13":"featured","14":"taxable","15":"shipping-taxable","16":"purchasable","17":"product-type-simple"},"yoast_head":"<!-- This site is optimized with the Yoast SEO plugin v25.6 - https:\/\/yoast.com\/wordpress\/plugins\/seo\/ -->\n<title>Miniexcavadora Autopropulsada Rhinoceros 40HP Amb Control Hid\u00e0ulic - Retroexcavadora Autopropulsada - Tallers Hidrasol<\/title>\n<meta name=\"robots\" content=\"index, follow, max-snippet:-1, max-image-preview:large, max-video-preview:-1\" \/>\n<link rel=\"canonical\" href=\"https:\/\/tallershidrasol.com\/ca\/producte\/miniexcavadora-autopropulsada-rhinoceros-40hp-amb-control-hidaulic-retroexcavadora-autopropulsada\/\" \/>\n<meta property=\"og:locale\" content=\"ca_ES\" \/>\n<meta property=\"og:type\" content=\"article\" \/>\n<meta property=\"og:title\" content=\"Miniexcavadora Autopropulsada Rhinoceros 40HP Amb Control Hid\u00e0ulic - Retroexcavadora Autopropulsada - Tallers Hidrasol\" \/>\n<meta property=\"og:description\" content=\"Excavadora 40HP amb joystick, gir 360\u00b0 i cadenes hidr\u00e0uliques: pot\u00e8ncia i control sense l\u00edmits\" \/>\n<meta property=\"og:url\" content=\"https:\/\/tallershidrasol.com\/ca\/producte\/miniexcavadora-autopropulsada-rhinoceros-40hp-amb-control-hidaulic-retroexcavadora-autopropulsada\/\" \/>\n<meta property=\"og:site_name\" content=\"Tallers Hidrasol\" \/>\n<meta property=\"article:modified_time\" content=\"2025-08-26T12:37:52+00:00\" \/>\n<meta property=\"og:image\" content=\"https:\/\/tallershidrasol.com\/wp-content\/uploads\/2025\/07\/rhnoceros_400.jpg\" \/>\n\t<meta property=\"og:image:width\" content=\"900\" \/>\n\t<meta property=\"og:image:height\" content=\"900\" \/>\n\t<meta property=\"og:image:type\" content=\"image\/jpeg\" \/>\n<meta name=\"twitter:card\" content=\"summary_large_image\" \/>\n<meta name=\"twitter:label1\" content=\"Temps estimat de lectura\" \/>\n\t<meta name=\"twitter:data1\" content=\"1 minut\" \/>\n<script type=\"application\/ld+json\" class=\"yoast-schema-graph\">{\"@context\":\"https:\/\/schema.org\",\"@graph\":[{\"@type\":\"WebPage\",\"@id\":\"https:\/\/tallershidrasol.com\/ca\/producte\/miniexcavadora-autopropulsada-rhinoceros-40hp-amb-control-hidaulic-retroexcavadora-autopropulsada\/\",\"url\":\"https:\/\/tallershidrasol.com\/ca\/producte\/miniexcavadora-autopropulsada-rhinoceros-40hp-amb-control-hidaulic-retroexcavadora-autopropulsada\/\",\"name\":\"Miniexcavadora Autopropulsada Rhinoceros 40HP Amb Control Hid\u00e0ulic - Retroexcavadora Autopropulsada - Tallers Hidrasol\",\"isPartOf\":{\"@id\":\"https:\/\/tallershidrasol.com\/ca\/#website\"},\"primaryImageOfPage\":{\"@id\":\"https:\/\/tallershidrasol.com\/ca\/producte\/miniexcavadora-autopropulsada-rhinoceros-40hp-amb-control-hidaulic-retroexcavadora-autopropulsada\/#primaryimage\"},\"image\":{\"@id\":\"https:\/\/tallershidrasol.com\/ca\/producte\/miniexcavadora-autopropulsada-rhinoceros-40hp-amb-control-hidaulic-retroexcavadora-autopropulsada\/#primaryimage\"},\"thumbnailUrl\":\"https:\/\/tallershidrasol.com\/wp-content\/uploads\/2025\/07\/rhnoceros_400.jpg\",\"datePublished\":\"2025-07-28T09:59:55+00:00\",\"dateModified\":\"2025-08-26T12:37:52+00:00\",\"breadcrumb\":{\"@id\":\"https:\/\/tallershidrasol.com\/ca\/producte\/miniexcavadora-autopropulsada-rhinoceros-40hp-amb-control-hidaulic-retroexcavadora-autopropulsada\/#breadcrumb\"},\"inLanguage\":\"ca\",\"potentialAction\":[{\"@type\":\"ReadAction\",\"target\":[\"https:\/\/tallershidrasol.com\/ca\/producte\/miniexcavadora-autopropulsada-rhinoceros-40hp-amb-control-hidaulic-retroexcavadora-autopropulsada\/\"]}]},{\"@type\":\"ImageObject\",\"inLanguage\":\"ca\",\"@id\":\"https:\/\/tallershidrasol.com\/ca\/producte\/miniexcavadora-autopropulsada-rhinoceros-40hp-amb-control-hidaulic-retroexcavadora-autopropulsada\/#primaryimage\",\"url\":\"https:\/\/tallershidrasol.com\/wp-content\/uploads\/2025\/07\/rhnoceros_400.jpg\",\"contentUrl\":\"https:\/\/tallershidrasol.com\/wp-content\/uploads\/2025\/07\/rhnoceros_400.jpg\",\"width\":900,\"height\":900},{\"@type\":\"BreadcrumbList\",\"@id\":\"https:\/\/tallershidrasol.com\/ca\/producte\/miniexcavadora-autopropulsada-rhinoceros-40hp-amb-control-hidaulic-retroexcavadora-autopropulsada\/#breadcrumb\",\"itemListElement\":[{\"@type\":\"ListItem\",\"position\":1,\"name\":\"Portada\",\"item\":\"https:\/\/tallershidrasol.com\/ca\/tallers-hidrasol-manteniments-industrials-hidraulica-soldadura\/\"},{\"@type\":\"ListItem\",\"position\":2,\"name\":\"Botiga online\",\"item\":\"https:\/\/tallershidrasol.com\/ca\/botiga-online\/\"},{\"@type\":\"ListItem\",\"position\":3,\"name\":\"Miniexcavadora Autopropulsada Rhinoceros 40HP Amb Control Hid\u00e0ulic &#8211; Retroexcavadora Autopropulsada\"}]},{\"@type\":\"WebSite\",\"@id\":\"https:\/\/tallershidrasol.com\/ca\/#website\",\"url\":\"https:\/\/tallershidrasol.com\/ca\/\",\"name\":\"Tallers Hidrasol\",\"description\":\"Manteniments Industrials - Hidr\u00e0ulica - Soldadura\",\"potentialAction\":[{\"@type\":\"SearchAction\",\"target\":{\"@type\":\"EntryPoint\",\"urlTemplate\":\"https:\/\/tallershidrasol.com\/ca\/?s={search_term_string}\"},\"query-input\":{\"@type\":\"PropertyValueSpecification\",\"valueRequired\":true,\"valueName\":\"search_term_string\"}}],\"inLanguage\":\"ca\"}]}<\/script>\n<!-- \/ Yoast SEO plugin. -->","yoast_head_json":{"title":"Miniexcavadora Autopropulsada Rhinoceros 40HP Amb Control Hid\u00e0ulic - Retroexcavadora Autopropulsada - Tallers Hidrasol","robots":{"index":"index","follow":"follow","max-snippet":"max-snippet:-1","max-image-preview":"max-image-preview:large","max-video-preview":"max-video-preview:-1"},"canonical":"https:\/\/tallershidrasol.com\/ca\/producte\/miniexcavadora-autopropulsada-rhinoceros-40hp-amb-control-hidaulic-retroexcavadora-autopropulsada\/","og_locale":"ca_ES","og_type":"article","og_title":"Miniexcavadora Autopropulsada Rhinoceros 40HP Amb Control Hid\u00e0ulic - Retroexcavadora Autopropulsada - Tallers Hidrasol","og_description":"Excavadora 40HP amb joystick, gir 360\u00b0 i cadenes hidr\u00e0uliques: pot\u00e8ncia i control sense l\u00edmits","og_url":"https:\/\/tallershidrasol.com\/ca\/producte\/miniexcavadora-autopropulsada-rhinoceros-40hp-amb-control-hidaulic-retroexcavadora-autopropulsada\/","og_site_name":"Tallers Hidrasol","article_modified_time":"2025-08-26T12:37:52+00:00","og_image":[{"width":900,"height":900,"url":"https:\/\/tallershidrasol.com\/wp-content\/uploads\/2025\/07\/rhnoceros_400.jpg","type":"image\/jpeg"}],"twitter_card":"summary_large_image","twitter_misc":{"Temps estimat de lectura":"1 minut"},"schema":{"@context":"https:\/\/schema.org","@graph":[{"@type":"WebPage","@id":"https:\/\/tallershidrasol.com\/ca\/producte\/miniexcavadora-autopropulsada-rhinoceros-40hp-amb-control-hidaulic-retroexcavadora-autopropulsada\/","url":"https:\/\/tallershidrasol.com\/ca\/producte\/miniexcavadora-autopropulsada-rhinoceros-40hp-amb-control-hidaulic-retroexcavadora-autopropulsada\/","name":"Miniexcavadora Autopropulsada Rhinoceros 40HP Amb Control Hid\u00e0ulic - Retroexcavadora Autopropulsada - Tallers Hidrasol","isPartOf":{"@id":"https:\/\/tallershidrasol.com\/ca\/#website"},"primaryImageOfPage":{"@id":"https:\/\/tallershidrasol.com\/ca\/producte\/miniexcavadora-autopropulsada-rhinoceros-40hp-amb-control-hidaulic-retroexcavadora-autopropulsada\/#primaryimage"},"image":{"@id":"https:\/\/tallershidrasol.com\/ca\/producte\/miniexcavadora-autopropulsada-rhinoceros-40hp-amb-control-hidaulic-retroexcavadora-autopropulsada\/#primaryimage"},"thumbnailUrl":"https:\/\/tallershidrasol.com\/wp-content\/uploads\/2025\/07\/rhnoceros_400.jpg","datePublished":"2025-07-28T09:59:55+00:00","dateModified":"2025-08-26T12:37:52+00:00","breadcrumb":{"@id":"https:\/\/tallershidrasol.com\/ca\/producte\/miniexcavadora-autopropulsada-rhinoceros-40hp-amb-control-hidaulic-retroexcavadora-autopropulsada\/#breadcrumb"},"inLanguage":"ca","potentialAction":[{"@type":"ReadAction","target":["https:\/\/tallershidrasol.com\/ca\/producte\/miniexcavadora-autopropulsada-rhinoceros-40hp-amb-control-hidaulic-retroexcavadora-autopropulsada\/"]}]},{"@type":"ImageObject","inLanguage":"ca","@id":"https:\/\/tallershidrasol.com\/ca\/producte\/miniexcavadora-autopropulsada-rhinoceros-40hp-amb-control-hidaulic-retroexcavadora-autopropulsada\/#primaryimage","url":"https:\/\/tallershidrasol.com\/wp-content\/uploads\/2025\/07\/rhnoceros_400.jpg","contentUrl":"https:\/\/tallershidrasol.com\/wp-content\/uploads\/2025\/07\/rhnoceros_400.jpg","width":900,"height":900},{"@type":"BreadcrumbList","@id":"https:\/\/tallershidrasol.com\/ca\/producte\/miniexcavadora-autopropulsada-rhinoceros-40hp-amb-control-hidaulic-retroexcavadora-autopropulsada\/#breadcrumb","itemListElement":[{"@type":"ListItem","position":1,"name":"Portada","item":"https:\/\/tallershidrasol.com\/ca\/tallers-hidrasol-manteniments-industrials-hidraulica-soldadura\/"},{"@type":"ListItem","position":2,"name":"Botiga online","item":"https:\/\/tallershidrasol.com\/ca\/botiga-online\/"},{"@type":"ListItem","position":3,"name":"Miniexcavadora Autopropulsada Rhinoceros 40HP Amb Control Hid\u00e0ulic &#8211; Retroexcavadora Autopropulsada"}]},{"@type":"WebSite","@id":"https:\/\/tallershidrasol.com\/ca\/#website","url":"https:\/\/tallershidrasol.com\/ca\/","name":"Tallers Hidrasol","description":"Manteniments Industrials - Hidr\u00e0ulica - Soldadura","potentialAction":[{"@type":"SearchAction","target":{"@type":"EntryPoint","urlTemplate":"https:\/\/tallershidrasol.com\/ca\/?s={search_term_string}"},"query-input":{"@type":"PropertyValueSpecification","valueRequired":true,"valueName":"search_term_string"}}],"inLanguage":"ca"}]}},"_links":{"self":[{"href":"https:\/\/tallershidrasol.com\/ca\/wp-json\/wp\/v2\/product\/2376","targetHints":{"allow":["GET"]}}],"collection":[{"href":"https:\/\/tallershidrasol.com\/ca\/wp-json\/wp\/v2\/product"}],"about":[{"href":"https:\/\/tallershidrasol.com\/ca\/wp-json\/wp\/v2\/types\/product"}],"replies":[{"embeddable":true,"href":"https:\/\/tallershidrasol.com\/ca\/wp-json\/wp\/v2\/comments?post=2376"}],"wp:featuredmedia":[{"embeddable":true,"href":"https:\/\/tallershidrasol.com\/ca\/wp-json\/wp\/v2\/media\/1217"}],"wp:attachment":[{"href":"https:\/\/tallershidrasol.com\/ca\/wp-json\/wp\/v2\/media?parent=2376"}],"wp:term":[{"taxonomy":"product_brand","embeddable":true,"href":"https:\/\/tallershidrasol.com\/ca\/wp-json\/wp\/v2\/product_brand?post=2376"},{"taxonomy":"product_cat","embeddable":true,"href":"https:\/\/tallershidrasol.com\/ca\/wp-json\/wp\/v2\/product_cat?post=2376"},{"taxonomy":"product_tag","embeddable":true,"href":"https:\/\/tallershidrasol.com\/ca\/wp-json\/wp\/v2\/product_tag?post=2376"}],"curies":[{"name":"wp","href":"https:\/\/api.w.org\/{rel}","templated":true}]}}