{"id":2378,"date":"2025-07-28T11:59:48","date_gmt":"2025-07-28T09:59:48","guid":{"rendered":"https:\/\/tallershidrasol.com\/producte\/miniexcavadora-autopropulsada-rhinoceros-25hp-amb-control-hidaulic-retroexcavadora-autopropulsada\/"},"modified":"2025-08-26T14:38:29","modified_gmt":"2025-08-26T12:38:29","slug":"miniexcavadora-autopropulsada-rhinoceros-25hp-amb-control-hidaulic-retroexcavadora-autopropulsada","status":"publish","type":"product","link":"https:\/\/tallershidrasol.com\/ca\/producte\/miniexcavadora-autopropulsada-rhinoceros-25hp-amb-control-hidaulic-retroexcavadora-autopropulsada\/","title":{"rendered":"Miniexcavadora Autopropulsada Rhinoceros 25HP Amb Control Hid\u00e0ulic &#8211; Retroexcavadora Autopropulsada"},"content":{"rendered":"<h2>M\u00e0xima pot\u00e8ncia i control per a treballs professionals<\/h2>\n<p data-start=\"334\" data-end=\"804\">La Miniexcavadora Autopropulsada Rhinoceros 25HP amb control hidr\u00e0ulic est\u00e0 dissenyada per oferir un rendiment superior en tot tipus de feines exigents. El seu potent motor de 25 HP garanteix for\u00e7a constant fins i tot en les tasques m\u00e9s dures. Equipada de s\u00e8rie amb <strong data-start=\"620\" data-end=\"633\">gir 360\u00ba<\/strong>, <strong data-start=\"635\" data-end=\"682\">cadenes amb ample regulable hidr\u00e0ulicament<\/strong> i <strong data-start=\"685\" data-end=\"738\">control de maniobres mitjan\u00e7ant joystick hidr\u00e0ulic<\/strong>, proporciona una experi\u00e8ncia de maneig precisa, estable i fluida.  <\/p>\n<p data-start=\"806\" data-end=\"920\">Ideal per a professionals que busquen una excavadora potent, manejable i fiable per a obres, finques o manteniment.<\/p>\n<p data-start=\"806\" data-end=\"920\"><strong>Domina qualsevol terreny amb facilitat, precisi\u00f3 i confort de feina.<\/strong><\/p>\n<h4 data-start=\"806\" data-end=\"920\"><strong>AVENTATGES <\/strong><\/h4>\n<ul>\n<li data-start=\"806\" data-end=\"920\"><strong>Pes:<\/strong> 1700 Kg<\/li>\n<li data-start=\"806\" data-end=\"920\"><strong>Motor:<\/strong> D1105 18.7 kw<\/li>\n<li data-start=\"806\" data-end=\"920\"><strong>Ample total:<\/strong> 800\/950 mm<\/li>\n<li data-start=\"806\" data-end=\"920\"><strong>Velocitat d&#8217;oscil\u00b7laci\u00f3:<\/strong> 12 rpm<\/li>\n<li data-start=\"806\" data-end=\"920\">Bastidor inferior telesc\u00f2pic, pot retrocedir fins a 990 mm quan es transporta, a la feina pot arribar a 1240 mm<\/li>\n<\/ul>\n<p data-start=\"806\" data-end=\"920\">(*) Ungla hidr\u00e0ulica opcional, no inclosa en el preu. REF: ACEXCAV190HZ-013<br \/>\n(*) Enganxall r\u00e0pid hidr\u00e0ulic opcional, no incl\u00f2s en el preu. <\/p>\n<h4>DIMENSIONS<\/h4>\n<ul>\n<li>A. M\u00e0xima profunditat d&#8217;excavaci\u00f3 2150 mm<br \/>\nB. M\u00e0xima profunditat d&#8217;excavaci\u00f3 vertical 1375 mm<br \/>\nC. Al\u00e7ada m\u00e0xima d&#8217;excavaci\u00f3 2610 mm<br \/>\nD. Al\u00e7ada m\u00e0xima de desc\u00e0rrega 1850 mm<br \/>\nE. R\u00e0dio d&#8217;excavaci\u00f3 a terra 2850 mm<br \/>\nF. R\u00e0dio de gir m\u00ednim 1330 mm<br \/>\nG. M\u00e0xima al\u00e7ada d&#8217;elevaci\u00f3 del suport 345 mm<br \/>\nH. M\u00e0xima profunditat d&#8217;excavaci\u00f3 del suport 255 mm<\/li>\n<\/ul>\n","protected":false},"excerpt":{"rendered":"<p>Excavadora 25HP amb joystick, gir total i cadenes hidr\u00e0uliques: for\u00e7a i precisi\u00f3 al m\u00e9s alt nivell.<\/p>\n","protected":false},"featured_media":1216,"comment_status":"open","ping_status":"closed","template":"","meta":[],"product_brand":[772,768],"product_cat":[420,506],"product_tag":[],"class_list":{"0":"post-2378","1":"product","2":"type-product","3":"status-publish","4":"has-post-thumbnail","6":"product_brand-rhinoceros-ca","7":"product_brand-zeppelin-ca","8":"product_cat-maquinaria-agricola-ca","9":"product_cat-retroexcavadora-ca","11":"first","12":"instock","13":"featured","14":"taxable","15":"shipping-taxable","16":"purchasable","17":"product-type-simple"},"yoast_head":"<!-- This site is optimized with the Yoast SEO plugin v25.6 - https:\/\/yoast.com\/wordpress\/plugins\/seo\/ -->\n<title>Miniexcavadora Autopropulsada Rhinoceros 25HP Amb Control Hid\u00e0ulic - Retroexcavadora Autopropulsada - Tallers Hidrasol<\/title>\n<meta name=\"robots\" content=\"index, follow, max-snippet:-1, max-image-preview:large, max-video-preview:-1\" \/>\n<link rel=\"canonical\" href=\"https:\/\/tallershidrasol.com\/ca\/producte\/miniexcavadora-autopropulsada-rhinoceros-25hp-amb-control-hidaulic-retroexcavadora-autopropulsada\/\" \/>\n<meta property=\"og:locale\" content=\"ca_ES\" \/>\n<meta property=\"og:type\" content=\"article\" \/>\n<meta property=\"og:title\" content=\"Miniexcavadora Autopropulsada Rhinoceros 25HP Amb Control Hid\u00e0ulic - Retroexcavadora Autopropulsada - Tallers Hidrasol\" \/>\n<meta property=\"og:description\" content=\"Excavadora 25HP amb joystick, gir total i cadenes hidr\u00e0uliques: for\u00e7a i precisi\u00f3 al m\u00e9s alt nivell.\" \/>\n<meta property=\"og:url\" content=\"https:\/\/tallershidrasol.com\/ca\/producte\/miniexcavadora-autopropulsada-rhinoceros-25hp-amb-control-hidaulic-retroexcavadora-autopropulsada\/\" \/>\n<meta property=\"og:site_name\" content=\"Tallers Hidrasol\" \/>\n<meta property=\"article:modified_time\" content=\"2025-08-26T12:38:29+00:00\" \/>\n<meta property=\"og:image\" content=\"https:\/\/tallershidrasol.com\/wp-content\/uploads\/2025\/07\/ESEXCAV190HZ_1-1024x941-1.jpg\" \/>\n\t<meta property=\"og:image:width\" content=\"1024\" \/>\n\t<meta property=\"og:image:height\" content=\"941\" \/>\n\t<meta property=\"og:image:type\" content=\"image\/jpeg\" \/>\n<meta name=\"twitter:card\" content=\"summary_large_image\" \/>\n<meta name=\"twitter:label1\" content=\"Temps estimat de lectura\" \/>\n\t<meta name=\"twitter:data1\" content=\"1 minut\" \/>\n<script type=\"application\/ld+json\" class=\"yoast-schema-graph\">{\"@context\":\"https:\/\/schema.org\",\"@graph\":[{\"@type\":\"WebPage\",\"@id\":\"https:\/\/tallershidrasol.com\/ca\/producte\/miniexcavadora-autopropulsada-rhinoceros-25hp-amb-control-hidaulic-retroexcavadora-autopropulsada\/\",\"url\":\"https:\/\/tallershidrasol.com\/ca\/producte\/miniexcavadora-autopropulsada-rhinoceros-25hp-amb-control-hidaulic-retroexcavadora-autopropulsada\/\",\"name\":\"Miniexcavadora Autopropulsada Rhinoceros 25HP Amb Control Hid\u00e0ulic - Retroexcavadora Autopropulsada - Tallers Hidrasol\",\"isPartOf\":{\"@id\":\"https:\/\/tallershidrasol.com\/ca\/#website\"},\"primaryImageOfPage\":{\"@id\":\"https:\/\/tallershidrasol.com\/ca\/producte\/miniexcavadora-autopropulsada-rhinoceros-25hp-amb-control-hidaulic-retroexcavadora-autopropulsada\/#primaryimage\"},\"image\":{\"@id\":\"https:\/\/tallershidrasol.com\/ca\/producte\/miniexcavadora-autopropulsada-rhinoceros-25hp-amb-control-hidaulic-retroexcavadora-autopropulsada\/#primaryimage\"},\"thumbnailUrl\":\"https:\/\/tallershidrasol.com\/wp-content\/uploads\/2025\/07\/ESEXCAV190HZ_1-1024x941-1.jpg\",\"datePublished\":\"2025-07-28T09:59:48+00:00\",\"dateModified\":\"2025-08-26T12:38:29+00:00\",\"breadcrumb\":{\"@id\":\"https:\/\/tallershidrasol.com\/ca\/producte\/miniexcavadora-autopropulsada-rhinoceros-25hp-amb-control-hidaulic-retroexcavadora-autopropulsada\/#breadcrumb\"},\"inLanguage\":\"ca\",\"potentialAction\":[{\"@type\":\"ReadAction\",\"target\":[\"https:\/\/tallershidrasol.com\/ca\/producte\/miniexcavadora-autopropulsada-rhinoceros-25hp-amb-control-hidaulic-retroexcavadora-autopropulsada\/\"]}]},{\"@type\":\"ImageObject\",\"inLanguage\":\"ca\",\"@id\":\"https:\/\/tallershidrasol.com\/ca\/producte\/miniexcavadora-autopropulsada-rhinoceros-25hp-amb-control-hidaulic-retroexcavadora-autopropulsada\/#primaryimage\",\"url\":\"https:\/\/tallershidrasol.com\/wp-content\/uploads\/2025\/07\/ESEXCAV190HZ_1-1024x941-1.jpg\",\"contentUrl\":\"https:\/\/tallershidrasol.com\/wp-content\/uploads\/2025\/07\/ESEXCAV190HZ_1-1024x941-1.jpg\",\"width\":1024,\"height\":941},{\"@type\":\"BreadcrumbList\",\"@id\":\"https:\/\/tallershidrasol.com\/ca\/producte\/miniexcavadora-autopropulsada-rhinoceros-25hp-amb-control-hidaulic-retroexcavadora-autopropulsada\/#breadcrumb\",\"itemListElement\":[{\"@type\":\"ListItem\",\"position\":1,\"name\":\"Portada\",\"item\":\"https:\/\/tallershidrasol.com\/ca\/tallers-hidrasol-manteniments-industrials-hidraulica-soldadura\/\"},{\"@type\":\"ListItem\",\"position\":2,\"name\":\"Botiga online\",\"item\":\"https:\/\/tallershidrasol.com\/ca\/botiga-online\/\"},{\"@type\":\"ListItem\",\"position\":3,\"name\":\"Miniexcavadora Autopropulsada Rhinoceros 25HP Amb Control Hid\u00e0ulic &#8211; Retroexcavadora Autopropulsada\"}]},{\"@type\":\"WebSite\",\"@id\":\"https:\/\/tallershidrasol.com\/ca\/#website\",\"url\":\"https:\/\/tallershidrasol.com\/ca\/\",\"name\":\"Tallers Hidrasol\",\"description\":\"Manteniments Industrials - Hidr\u00e0ulica - Soldadura\",\"potentialAction\":[{\"@type\":\"SearchAction\",\"target\":{\"@type\":\"EntryPoint\",\"urlTemplate\":\"https:\/\/tallershidrasol.com\/ca\/?s={search_term_string}\"},\"query-input\":{\"@type\":\"PropertyValueSpecification\",\"valueRequired\":true,\"valueName\":\"search_term_string\"}}],\"inLanguage\":\"ca\"}]}<\/script>\n<!-- \/ Yoast SEO plugin. -->","yoast_head_json":{"title":"Miniexcavadora Autopropulsada Rhinoceros 25HP Amb Control Hid\u00e0ulic - Retroexcavadora Autopropulsada - Tallers Hidrasol","robots":{"index":"index","follow":"follow","max-snippet":"max-snippet:-1","max-image-preview":"max-image-preview:large","max-video-preview":"max-video-preview:-1"},"canonical":"https:\/\/tallershidrasol.com\/ca\/producte\/miniexcavadora-autopropulsada-rhinoceros-25hp-amb-control-hidaulic-retroexcavadora-autopropulsada\/","og_locale":"ca_ES","og_type":"article","og_title":"Miniexcavadora Autopropulsada Rhinoceros 25HP Amb Control Hid\u00e0ulic - Retroexcavadora Autopropulsada - Tallers Hidrasol","og_description":"Excavadora 25HP amb joystick, gir total i cadenes hidr\u00e0uliques: for\u00e7a i precisi\u00f3 al m\u00e9s alt nivell.","og_url":"https:\/\/tallershidrasol.com\/ca\/producte\/miniexcavadora-autopropulsada-rhinoceros-25hp-amb-control-hidaulic-retroexcavadora-autopropulsada\/","og_site_name":"Tallers Hidrasol","article_modified_time":"2025-08-26T12:38:29+00:00","og_image":[{"width":1024,"height":941,"url":"https:\/\/tallershidrasol.com\/wp-content\/uploads\/2025\/07\/ESEXCAV190HZ_1-1024x941-1.jpg","type":"image\/jpeg"}],"twitter_card":"summary_large_image","twitter_misc":{"Temps estimat de lectura":"1 minut"},"schema":{"@context":"https:\/\/schema.org","@graph":[{"@type":"WebPage","@id":"https:\/\/tallershidrasol.com\/ca\/producte\/miniexcavadora-autopropulsada-rhinoceros-25hp-amb-control-hidaulic-retroexcavadora-autopropulsada\/","url":"https:\/\/tallershidrasol.com\/ca\/producte\/miniexcavadora-autopropulsada-rhinoceros-25hp-amb-control-hidaulic-retroexcavadora-autopropulsada\/","name":"Miniexcavadora Autopropulsada Rhinoceros 25HP Amb Control Hid\u00e0ulic - Retroexcavadora Autopropulsada - Tallers Hidrasol","isPartOf":{"@id":"https:\/\/tallershidrasol.com\/ca\/#website"},"primaryImageOfPage":{"@id":"https:\/\/tallershidrasol.com\/ca\/producte\/miniexcavadora-autopropulsada-rhinoceros-25hp-amb-control-hidaulic-retroexcavadora-autopropulsada\/#primaryimage"},"image":{"@id":"https:\/\/tallershidrasol.com\/ca\/producte\/miniexcavadora-autopropulsada-rhinoceros-25hp-amb-control-hidaulic-retroexcavadora-autopropulsada\/#primaryimage"},"thumbnailUrl":"https:\/\/tallershidrasol.com\/wp-content\/uploads\/2025\/07\/ESEXCAV190HZ_1-1024x941-1.jpg","datePublished":"2025-07-28T09:59:48+00:00","dateModified":"2025-08-26T12:38:29+00:00","breadcrumb":{"@id":"https:\/\/tallershidrasol.com\/ca\/producte\/miniexcavadora-autopropulsada-rhinoceros-25hp-amb-control-hidaulic-retroexcavadora-autopropulsada\/#breadcrumb"},"inLanguage":"ca","potentialAction":[{"@type":"ReadAction","target":["https:\/\/tallershidrasol.com\/ca\/producte\/miniexcavadora-autopropulsada-rhinoceros-25hp-amb-control-hidaulic-retroexcavadora-autopropulsada\/"]}]},{"@type":"ImageObject","inLanguage":"ca","@id":"https:\/\/tallershidrasol.com\/ca\/producte\/miniexcavadora-autopropulsada-rhinoceros-25hp-amb-control-hidaulic-retroexcavadora-autopropulsada\/#primaryimage","url":"https:\/\/tallershidrasol.com\/wp-content\/uploads\/2025\/07\/ESEXCAV190HZ_1-1024x941-1.jpg","contentUrl":"https:\/\/tallershidrasol.com\/wp-content\/uploads\/2025\/07\/ESEXCAV190HZ_1-1024x941-1.jpg","width":1024,"height":941},{"@type":"BreadcrumbList","@id":"https:\/\/tallershidrasol.com\/ca\/producte\/miniexcavadora-autopropulsada-rhinoceros-25hp-amb-control-hidaulic-retroexcavadora-autopropulsada\/#breadcrumb","itemListElement":[{"@type":"ListItem","position":1,"name":"Portada","item":"https:\/\/tallershidrasol.com\/ca\/tallers-hidrasol-manteniments-industrials-hidraulica-soldadura\/"},{"@type":"ListItem","position":2,"name":"Botiga online","item":"https:\/\/tallershidrasol.com\/ca\/botiga-online\/"},{"@type":"ListItem","position":3,"name":"Miniexcavadora Autopropulsada Rhinoceros 25HP Amb Control Hid\u00e0ulic &#8211; Retroexcavadora Autopropulsada"}]},{"@type":"WebSite","@id":"https:\/\/tallershidrasol.com\/ca\/#website","url":"https:\/\/tallershidrasol.com\/ca\/","name":"Tallers Hidrasol","description":"Manteniments Industrials - Hidr\u00e0ulica - Soldadura","potentialAction":[{"@type":"SearchAction","target":{"@type":"EntryPoint","urlTemplate":"https:\/\/tallershidrasol.com\/ca\/?s={search_term_string}"},"query-input":{"@type":"PropertyValueSpecification","valueRequired":true,"valueName":"search_term_string"}}],"inLanguage":"ca"}]}},"_links":{"self":[{"href":"https:\/\/tallershidrasol.com\/ca\/wp-json\/wp\/v2\/product\/2378","targetHints":{"allow":["GET"]}}],"collection":[{"href":"https:\/\/tallershidrasol.com\/ca\/wp-json\/wp\/v2\/product"}],"about":[{"href":"https:\/\/tallershidrasol.com\/ca\/wp-json\/wp\/v2\/types\/product"}],"replies":[{"embeddable":true,"href":"https:\/\/tallershidrasol.com\/ca\/wp-json\/wp\/v2\/comments?post=2378"}],"wp:featuredmedia":[{"embeddable":true,"href":"https:\/\/tallershidrasol.com\/ca\/wp-json\/wp\/v2\/media\/1216"}],"wp:attachment":[{"href":"https:\/\/tallershidrasol.com\/ca\/wp-json\/wp\/v2\/media?parent=2378"}],"wp:term":[{"taxonomy":"product_brand","embeddable":true,"href":"https:\/\/tallershidrasol.com\/ca\/wp-json\/wp\/v2\/product_brand?post=2378"},{"taxonomy":"product_cat","embeddable":true,"href":"https:\/\/tallershidrasol.com\/ca\/wp-json\/wp\/v2\/product_cat?post=2378"},{"taxonomy":"product_tag","embeddable":true,"href":"https:\/\/tallershidrasol.com\/ca\/wp-json\/wp\/v2\/product_tag?post=2378"}],"curies":[{"name":"wp","href":"https:\/\/api.w.org\/{rel}","templated":true}]}}