{"id":2379,"date":"2025-07-28T11:59:41","date_gmt":"2025-07-28T09:59:41","guid":{"rendered":"https:\/\/tallershidrasol.com\/producte\/miniexcavadora-autopropulsada-rhinoceros-20hp-amb-control-hidaulic-retroexcavadora-autopropulsada\/"},"modified":"2025-08-26T14:41:22","modified_gmt":"2025-08-26T12:41:22","slug":"miniexcavadora-autopropulsada-rhinoceros-20hp-amb-control-hidaulic-retroexcavadora-autopropulsada","status":"publish","type":"product","link":"https:\/\/tallershidrasol.com\/ca\/producte\/miniexcavadora-autopropulsada-rhinoceros-20hp-amb-control-hidaulic-retroexcavadora-autopropulsada\/","title":{"rendered":"Miniexcavadora Autopropulsada Rhinoceros 20HP Amb Control Hid\u00e0ulic &#8211; Retroexcavadora Autopropulsada"},"content":{"rendered":"<h2>Rendiment professional i maniobrabilitat precisa en tota mena de terreny<\/h2>\n<p data-start=\"400\" data-end=\"870\">La Miniexcavadora Autopropulsada Rhinoceros 20HP amb control hidr\u00e0ulic combina pot\u00e8ncia i tecnologia per oferir una experi\u00e8ncia de treball c\u00f2moda, precisa i efica\u00e7 Gr\u00e0cies al seu <strong data-start=\"600\" data-end=\"613\">gir 360\u00ba<\/strong>, pots operar amb llibertat total sense necessitat de moure la base constantment. El seu <strong data-start=\"698\" data-end=\"728\">bastidor inferior mec\u00e0nic<\/strong> proporciona una estructura resistent i estable, mentre que el <strong data-start=\"794\" data-end=\"817\">joystick hidr\u00e0ulic <\/strong>permet un maneig \u00e0gil i controlat en tot moment.  <\/p>\n<p data-start=\"872\" data-end=\"990\">\u00c9s l&#8217;elecci\u00f3 ideal per a feines professionals que requereixen efici\u00e8ncia, control i robustesa en una m\u00e0quina compacta.<\/p>\n<p data-start=\"872\" data-end=\"990\"><strong>Controla cada moviment amb precisi\u00f3 gr\u00e0cies al joystick hidr\u00e0ulic i el gir total.<\/strong><\/p>\n<h4 data-start=\"872\" data-end=\"990\"><strong>AVENTATGES <\/strong><\/h4>\n<ul>\n<li data-start=\"872\" data-end=\"990\"><strong>Pes:<\/strong> 1550 Kg<\/li>\n<li data-start=\"872\" data-end=\"990\"><strong>Motor:<\/strong> KUBOTA D722. 3 CILINDROS <\/li>\n<li data-start=\"872\" data-end=\"990\"><strong>DISTANCIA ENTRE EIXOS:<\/strong> 1130 mm<\/li>\n<li data-start=\"872\" data-end=\"990\"><strong>OSCILACI\u00d3 DE LA PLUMA:<\/strong> 510 MM<\/li>\n<\/ul>\n<p data-start=\"872\" data-end=\"990\">(*) Ungla hidr\u00e0ulica opcional, no inclosa en el preu. REF: ACEXCAV190HZ-013 <strong><br \/>\n<\/strong>(*) Enganxall r\u00e0pid hidr\u00e0ulic opcional, no incl\u00f2s en el preu.<\/p>\n<h4>DIMENSIONS<\/h4>\n<ul>\n<li>A. M\u00e0xima profunditat d&#8217;excavaci\u00f3 2204 mm<\/li>\n<li>B. M\u00e0xima profunditat d&#8217;excavaci\u00f3 vertical 1789 mm<\/li>\n<li>C. Al\u00e7ada m\u00e0xima d&#8217;excavaci\u00f3 3224 mm<\/li>\n<li>D. Al\u00e7ada m\u00e0xima de desc\u00e0rrega 2263 mm<\/li>\n<li>E. R\u00e0dio d&#8217;excavaci\u00f3 a terra 3616 mm<\/li>\n<li>F. R\u00e0dio de gir m\u00ednim 1591 mm<\/li>\n<li>G. M\u00e0xima al\u00e7ada d&#8217;elevaci\u00f3 del suport 197 mm<\/li>\n<li>H. M\u00e0xima profunditat d&#8217;excavaci\u00f3 del suport 202 mm<\/li>\n<\/ul>\n","protected":false},"excerpt":{"rendered":"<p>Excavadora 20HP amb gir 360\u00b0, joystick hidr\u00e0ulic i bastidor mec\u00e0nic: for\u00e7a i control en un.<\/p>\n","protected":false},"featured_media":1215,"comment_status":"open","ping_status":"closed","template":"","meta":[],"product_brand":[772,768],"product_cat":[420,506],"product_tag":[],"class_list":{"0":"post-2379","1":"product","2":"type-product","3":"status-publish","4":"has-post-thumbnail","6":"product_brand-rhinoceros-ca","7":"product_brand-zeppelin-ca","8":"product_cat-maquinaria-agricola-ca","9":"product_cat-retroexcavadora-ca","11":"first","12":"instock","13":"featured","14":"taxable","15":"shipping-taxable","16":"purchasable","17":"product-type-simple"},"yoast_head":"<!-- This site is optimized with the Yoast SEO plugin v25.6 - https:\/\/yoast.com\/wordpress\/plugins\/seo\/ -->\n<title>Miniexcavadora Autopropulsada Rhinoceros 20HP Amb Control Hid\u00e0ulic - Retroexcavadora Autopropulsada - Tallers Hidrasol<\/title>\n<meta name=\"robots\" content=\"index, follow, max-snippet:-1, max-image-preview:large, max-video-preview:-1\" \/>\n<link rel=\"canonical\" href=\"https:\/\/tallershidrasol.com\/ca\/producte\/miniexcavadora-autopropulsada-rhinoceros-20hp-amb-control-hidaulic-retroexcavadora-autopropulsada\/\" \/>\n<meta property=\"og:locale\" content=\"ca_ES\" \/>\n<meta property=\"og:type\" content=\"article\" \/>\n<meta property=\"og:title\" content=\"Miniexcavadora Autopropulsada Rhinoceros 20HP Amb Control Hid\u00e0ulic - Retroexcavadora Autopropulsada - Tallers Hidrasol\" \/>\n<meta property=\"og:description\" content=\"Excavadora 20HP amb gir 360\u00b0, joystick hidr\u00e0ulic i bastidor mec\u00e0nic: for\u00e7a i control en un.\" \/>\n<meta property=\"og:url\" content=\"https:\/\/tallershidrasol.com\/ca\/producte\/miniexcavadora-autopropulsada-rhinoceros-20hp-amb-control-hidaulic-retroexcavadora-autopropulsada\/\" \/>\n<meta property=\"og:site_name\" content=\"Tallers Hidrasol\" \/>\n<meta property=\"article:modified_time\" content=\"2025-08-26T12:41:22+00:00\" \/>\n<meta property=\"og:image\" content=\"https:\/\/tallershidrasol.com\/wp-content\/uploads\/2025\/07\/ESEXCAV170HZ_1-981x1024-1.jpg\" \/>\n\t<meta property=\"og:image:width\" content=\"981\" \/>\n\t<meta property=\"og:image:height\" content=\"1024\" \/>\n\t<meta property=\"og:image:type\" content=\"image\/jpeg\" \/>\n<meta name=\"twitter:card\" content=\"summary_large_image\" \/>\n<meta name=\"twitter:label1\" content=\"Temps estimat de lectura\" \/>\n\t<meta name=\"twitter:data1\" content=\"1 minut\" \/>\n<script type=\"application\/ld+json\" class=\"yoast-schema-graph\">{\"@context\":\"https:\/\/schema.org\",\"@graph\":[{\"@type\":\"WebPage\",\"@id\":\"https:\/\/tallershidrasol.com\/ca\/producte\/miniexcavadora-autopropulsada-rhinoceros-20hp-amb-control-hidaulic-retroexcavadora-autopropulsada\/\",\"url\":\"https:\/\/tallershidrasol.com\/ca\/producte\/miniexcavadora-autopropulsada-rhinoceros-20hp-amb-control-hidaulic-retroexcavadora-autopropulsada\/\",\"name\":\"Miniexcavadora Autopropulsada Rhinoceros 20HP Amb Control Hid\u00e0ulic - Retroexcavadora Autopropulsada - Tallers Hidrasol\",\"isPartOf\":{\"@id\":\"https:\/\/tallershidrasol.com\/ca\/#website\"},\"primaryImageOfPage\":{\"@id\":\"https:\/\/tallershidrasol.com\/ca\/producte\/miniexcavadora-autopropulsada-rhinoceros-20hp-amb-control-hidaulic-retroexcavadora-autopropulsada\/#primaryimage\"},\"image\":{\"@id\":\"https:\/\/tallershidrasol.com\/ca\/producte\/miniexcavadora-autopropulsada-rhinoceros-20hp-amb-control-hidaulic-retroexcavadora-autopropulsada\/#primaryimage\"},\"thumbnailUrl\":\"https:\/\/tallershidrasol.com\/wp-content\/uploads\/2025\/07\/ESEXCAV170HZ_1-981x1024-1.jpg\",\"datePublished\":\"2025-07-28T09:59:41+00:00\",\"dateModified\":\"2025-08-26T12:41:22+00:00\",\"breadcrumb\":{\"@id\":\"https:\/\/tallershidrasol.com\/ca\/producte\/miniexcavadora-autopropulsada-rhinoceros-20hp-amb-control-hidaulic-retroexcavadora-autopropulsada\/#breadcrumb\"},\"inLanguage\":\"ca\",\"potentialAction\":[{\"@type\":\"ReadAction\",\"target\":[\"https:\/\/tallershidrasol.com\/ca\/producte\/miniexcavadora-autopropulsada-rhinoceros-20hp-amb-control-hidaulic-retroexcavadora-autopropulsada\/\"]}]},{\"@type\":\"ImageObject\",\"inLanguage\":\"ca\",\"@id\":\"https:\/\/tallershidrasol.com\/ca\/producte\/miniexcavadora-autopropulsada-rhinoceros-20hp-amb-control-hidaulic-retroexcavadora-autopropulsada\/#primaryimage\",\"url\":\"https:\/\/tallershidrasol.com\/wp-content\/uploads\/2025\/07\/ESEXCAV170HZ_1-981x1024-1.jpg\",\"contentUrl\":\"https:\/\/tallershidrasol.com\/wp-content\/uploads\/2025\/07\/ESEXCAV170HZ_1-981x1024-1.jpg\",\"width\":981,\"height\":1024},{\"@type\":\"BreadcrumbList\",\"@id\":\"https:\/\/tallershidrasol.com\/ca\/producte\/miniexcavadora-autopropulsada-rhinoceros-20hp-amb-control-hidaulic-retroexcavadora-autopropulsada\/#breadcrumb\",\"itemListElement\":[{\"@type\":\"ListItem\",\"position\":1,\"name\":\"Portada\",\"item\":\"https:\/\/tallershidrasol.com\/ca\/tallers-hidrasol-manteniments-industrials-hidraulica-soldadura\/\"},{\"@type\":\"ListItem\",\"position\":2,\"name\":\"Botiga online\",\"item\":\"https:\/\/tallershidrasol.com\/ca\/botiga-online\/\"},{\"@type\":\"ListItem\",\"position\":3,\"name\":\"Miniexcavadora Autopropulsada Rhinoceros 20HP Amb Control Hid\u00e0ulic &#8211; Retroexcavadora Autopropulsada\"}]},{\"@type\":\"WebSite\",\"@id\":\"https:\/\/tallershidrasol.com\/ca\/#website\",\"url\":\"https:\/\/tallershidrasol.com\/ca\/\",\"name\":\"Tallers Hidrasol\",\"description\":\"Manteniments Industrials - Hidr\u00e0ulica - Soldadura\",\"potentialAction\":[{\"@type\":\"SearchAction\",\"target\":{\"@type\":\"EntryPoint\",\"urlTemplate\":\"https:\/\/tallershidrasol.com\/ca\/?s={search_term_string}\"},\"query-input\":{\"@type\":\"PropertyValueSpecification\",\"valueRequired\":true,\"valueName\":\"search_term_string\"}}],\"inLanguage\":\"ca\"}]}<\/script>\n<!-- \/ Yoast SEO plugin. -->","yoast_head_json":{"title":"Miniexcavadora Autopropulsada Rhinoceros 20HP Amb Control Hid\u00e0ulic - Retroexcavadora Autopropulsada - Tallers Hidrasol","robots":{"index":"index","follow":"follow","max-snippet":"max-snippet:-1","max-image-preview":"max-image-preview:large","max-video-preview":"max-video-preview:-1"},"canonical":"https:\/\/tallershidrasol.com\/ca\/producte\/miniexcavadora-autopropulsada-rhinoceros-20hp-amb-control-hidaulic-retroexcavadora-autopropulsada\/","og_locale":"ca_ES","og_type":"article","og_title":"Miniexcavadora Autopropulsada Rhinoceros 20HP Amb Control Hid\u00e0ulic - Retroexcavadora Autopropulsada - Tallers Hidrasol","og_description":"Excavadora 20HP amb gir 360\u00b0, joystick hidr\u00e0ulic i bastidor mec\u00e0nic: for\u00e7a i control en un.","og_url":"https:\/\/tallershidrasol.com\/ca\/producte\/miniexcavadora-autopropulsada-rhinoceros-20hp-amb-control-hidaulic-retroexcavadora-autopropulsada\/","og_site_name":"Tallers Hidrasol","article_modified_time":"2025-08-26T12:41:22+00:00","og_image":[{"width":981,"height":1024,"url":"https:\/\/tallershidrasol.com\/wp-content\/uploads\/2025\/07\/ESEXCAV170HZ_1-981x1024-1.jpg","type":"image\/jpeg"}],"twitter_card":"summary_large_image","twitter_misc":{"Temps estimat de lectura":"1 minut"},"schema":{"@context":"https:\/\/schema.org","@graph":[{"@type":"WebPage","@id":"https:\/\/tallershidrasol.com\/ca\/producte\/miniexcavadora-autopropulsada-rhinoceros-20hp-amb-control-hidaulic-retroexcavadora-autopropulsada\/","url":"https:\/\/tallershidrasol.com\/ca\/producte\/miniexcavadora-autopropulsada-rhinoceros-20hp-amb-control-hidaulic-retroexcavadora-autopropulsada\/","name":"Miniexcavadora Autopropulsada Rhinoceros 20HP Amb Control Hid\u00e0ulic - Retroexcavadora Autopropulsada - Tallers Hidrasol","isPartOf":{"@id":"https:\/\/tallershidrasol.com\/ca\/#website"},"primaryImageOfPage":{"@id":"https:\/\/tallershidrasol.com\/ca\/producte\/miniexcavadora-autopropulsada-rhinoceros-20hp-amb-control-hidaulic-retroexcavadora-autopropulsada\/#primaryimage"},"image":{"@id":"https:\/\/tallershidrasol.com\/ca\/producte\/miniexcavadora-autopropulsada-rhinoceros-20hp-amb-control-hidaulic-retroexcavadora-autopropulsada\/#primaryimage"},"thumbnailUrl":"https:\/\/tallershidrasol.com\/wp-content\/uploads\/2025\/07\/ESEXCAV170HZ_1-981x1024-1.jpg","datePublished":"2025-07-28T09:59:41+00:00","dateModified":"2025-08-26T12:41:22+00:00","breadcrumb":{"@id":"https:\/\/tallershidrasol.com\/ca\/producte\/miniexcavadora-autopropulsada-rhinoceros-20hp-amb-control-hidaulic-retroexcavadora-autopropulsada\/#breadcrumb"},"inLanguage":"ca","potentialAction":[{"@type":"ReadAction","target":["https:\/\/tallershidrasol.com\/ca\/producte\/miniexcavadora-autopropulsada-rhinoceros-20hp-amb-control-hidaulic-retroexcavadora-autopropulsada\/"]}]},{"@type":"ImageObject","inLanguage":"ca","@id":"https:\/\/tallershidrasol.com\/ca\/producte\/miniexcavadora-autopropulsada-rhinoceros-20hp-amb-control-hidaulic-retroexcavadora-autopropulsada\/#primaryimage","url":"https:\/\/tallershidrasol.com\/wp-content\/uploads\/2025\/07\/ESEXCAV170HZ_1-981x1024-1.jpg","contentUrl":"https:\/\/tallershidrasol.com\/wp-content\/uploads\/2025\/07\/ESEXCAV170HZ_1-981x1024-1.jpg","width":981,"height":1024},{"@type":"BreadcrumbList","@id":"https:\/\/tallershidrasol.com\/ca\/producte\/miniexcavadora-autopropulsada-rhinoceros-20hp-amb-control-hidaulic-retroexcavadora-autopropulsada\/#breadcrumb","itemListElement":[{"@type":"ListItem","position":1,"name":"Portada","item":"https:\/\/tallershidrasol.com\/ca\/tallers-hidrasol-manteniments-industrials-hidraulica-soldadura\/"},{"@type":"ListItem","position":2,"name":"Botiga online","item":"https:\/\/tallershidrasol.com\/ca\/botiga-online\/"},{"@type":"ListItem","position":3,"name":"Miniexcavadora Autopropulsada Rhinoceros 20HP Amb Control Hid\u00e0ulic &#8211; Retroexcavadora Autopropulsada"}]},{"@type":"WebSite","@id":"https:\/\/tallershidrasol.com\/ca\/#website","url":"https:\/\/tallershidrasol.com\/ca\/","name":"Tallers Hidrasol","description":"Manteniments Industrials - Hidr\u00e0ulica - Soldadura","potentialAction":[{"@type":"SearchAction","target":{"@type":"EntryPoint","urlTemplate":"https:\/\/tallershidrasol.com\/ca\/?s={search_term_string}"},"query-input":{"@type":"PropertyValueSpecification","valueRequired":true,"valueName":"search_term_string"}}],"inLanguage":"ca"}]}},"_links":{"self":[{"href":"https:\/\/tallershidrasol.com\/ca\/wp-json\/wp\/v2\/product\/2379","targetHints":{"allow":["GET"]}}],"collection":[{"href":"https:\/\/tallershidrasol.com\/ca\/wp-json\/wp\/v2\/product"}],"about":[{"href":"https:\/\/tallershidrasol.com\/ca\/wp-json\/wp\/v2\/types\/product"}],"replies":[{"embeddable":true,"href":"https:\/\/tallershidrasol.com\/ca\/wp-json\/wp\/v2\/comments?post=2379"}],"wp:featuredmedia":[{"embeddable":true,"href":"https:\/\/tallershidrasol.com\/ca\/wp-json\/wp\/v2\/media\/1215"}],"wp:attachment":[{"href":"https:\/\/tallershidrasol.com\/ca\/wp-json\/wp\/v2\/media?parent=2379"}],"wp:term":[{"taxonomy":"product_brand","embeddable":true,"href":"https:\/\/tallershidrasol.com\/ca\/wp-json\/wp\/v2\/product_brand?post=2379"},{"taxonomy":"product_cat","embeddable":true,"href":"https:\/\/tallershidrasol.com\/ca\/wp-json\/wp\/v2\/product_cat?post=2379"},{"taxonomy":"product_tag","embeddable":true,"href":"https:\/\/tallershidrasol.com\/ca\/wp-json\/wp\/v2\/product_tag?post=2379"}],"curies":[{"name":"wp","href":"https:\/\/api.w.org\/{rel}","templated":true}]}}