{"id":2380,"date":"2025-07-28T11:59:25","date_gmt":"2025-07-28T09:59:25","guid":{"rendered":"https:\/\/tallershidrasol.com\/producte\/miniexcavadora-hidraulica-autopropulsada-retroexcavadora-autopropulsada\/"},"modified":"2025-08-26T14:42:04","modified_gmt":"2025-08-26T12:42:04","slug":"miniexcavadora-hidraulica-autopropulsada-retroexcavadora-autopropulsada","status":"publish","type":"product","link":"https:\/\/tallershidrasol.com\/ca\/producte\/miniexcavadora-hidraulica-autopropulsada-retroexcavadora-autopropulsada\/","title":{"rendered":"Miniexcavadora hidr\u00e0ulica autopropulsada &#8211; Retroexcavadora Autopropulsada"},"content":{"rendered":"<h2 data-start=\"182\" data-end=\"260\">Precisi\u00f3 hidr\u00e0ulica i pot\u00e8ncia professional a qualsevol terreny<\/h2>\n<p data-start=\"308\" data-end=\"723\">La Miniexcavadora Autopropulsada Rhinoceros 20HP amb control hidr\u00e0ulic ofereix un alt rendiment en treballs exigents, combinant for\u00e7a, precisi\u00f3 i maniobrabilitat. Equipada amb <strong data-start=\"510\" data-end=\"523\">gir 360\u00ba<\/strong>, <strong data-start=\"525\" data-end=\"582\">carros de cadenes amb ample regulable hidr\u00e0ulicament <\/strong>i <strong data-start=\"585\" data-end=\"608\">joystick hidr\u00e0ulic<\/strong>, permet treballar amb total flu\u00efdesa, estabilitat i comoditat fins i tot en espais redu\u00efts o terrenys irregulars. <\/p>\n<p data-start=\"725\" data-end=\"839\">Ideal per a professionals que busquen una m\u00e0quina compacta per\u00f2 robusta, amb resposta immediata i maneig intu\u00eftiu.<\/p>\n<p data-start=\"725\" data-end=\"839\"><strong>L&#8217;eina perfecta per als que exigeixen resultats professionals.<\/strong><\/p>\n<h4 data-start=\"262\" data-end=\"615\"><strong>AVENTATGES<\/strong><\/h4>\n<ul>\n<li data-start=\"262\" data-end=\"615\"><strong>Pes:<\/strong> 1080 Kg<\/li>\n<li data-start=\"262\" data-end=\"615\"><strong>Motor:<\/strong> KUBOTA D722, 3 CILINDROS. 20HP. REFRIGERACI\u00d3N POR AGUA.  <\/li>\n<li data-start=\"262\" data-end=\"615\"><strong>Ample total:<\/strong> 800\/950 mm<\/li>\n<li data-start=\"262\" data-end=\"615\"><strong>Velocitat d&#8217;oscil\u00b7laci\u00f3:<\/strong> 12 rpm<\/li>\n<li data-start=\"262\" data-end=\"615\"><strong>Max. Altura d&#8217;excavaci\u00f3: <\/strong> 2620 mm<\/li>\n<li data-start=\"262\" data-end=\"615\"><strong>Max. profunditat d&#8217;excavaci\u00f3: <\/strong> 1580 mm<\/li>\n<li data-start=\"262\" data-end=\"615\"><strong>Velocitat m\u00e0xima:<\/strong> 1.5 km\/h<\/li>\n<\/ul>\n<p data-start=\"262\" data-end=\"615\">(*) Ungla hidr\u00e0ulica opcional, no inclosa en el preu. REF: ACEXCAV190HZ-013 <\/p>\n<h4>DIMENSIONS<\/h4>\n<ul>\n<li>A. R\u00e0dio m\u00e0x. d&#8217;excavaci\u00f3 al terra 3040 mm<br \/>\nB. R\u00e0dio d&#8217;excavaci\u00f3 m\u00e0x. 3135 mm<br \/>\nC. Profunditat m\u00e0x. d&#8217;excavaci\u00f3 1580 mm<br \/>\nD. Al\u00e7ada m\u00e0x. d&#8217;excavaci\u00f3 2620 mm<br \/>\nE. Al\u00e7ada m\u00e0x. de desc\u00e0rrega 2000 mm<br \/>\nF. Profunditat m\u00e0x. d&#8217;excavaci\u00f3 vertical 1340 mm<br \/>\nG. R\u00e0dio de gir min. 1510 mm<br \/>\nH. Al\u00e7ada m\u00e0x. d&#8217;elevaci\u00f3 del suport 140 mm<br \/>\nI. Profunditat m\u00e0x. del suport 200 mm<\/li>\n<\/ul>\n","protected":false},"excerpt":{"rendered":"<p>Excavadora professional amb joystick, gir 360\u00b0 i amplada de cadenes regulable hidr\u00e0ulicament.<\/p>\n","protected":false},"featured_media":1214,"comment_status":"open","ping_status":"closed","template":"","meta":[],"product_brand":[772,768],"product_cat":[420,506],"product_tag":[],"class_list":{"0":"post-2380","1":"product","2":"type-product","3":"status-publish","4":"has-post-thumbnail","6":"product_brand-rhinoceros-ca","7":"product_brand-zeppelin-ca","8":"product_cat-maquinaria-agricola-ca","9":"product_cat-retroexcavadora-ca","11":"first","12":"instock","13":"featured","14":"taxable","15":"shipping-taxable","16":"purchasable","17":"product-type-simple"},"yoast_head":"<!-- This site is optimized with the Yoast SEO plugin v25.6 - https:\/\/yoast.com\/wordpress\/plugins\/seo\/ -->\n<title>Miniexcavadora hidr\u00e0ulica autopropulsada - Retroexcavadora Autopropulsada - Tallers Hidrasol<\/title>\n<meta name=\"robots\" content=\"index, follow, max-snippet:-1, max-image-preview:large, max-video-preview:-1\" \/>\n<link rel=\"canonical\" href=\"https:\/\/tallershidrasol.com\/ca\/producte\/miniexcavadora-hidraulica-autopropulsada-retroexcavadora-autopropulsada\/\" \/>\n<meta property=\"og:locale\" content=\"ca_ES\" \/>\n<meta property=\"og:type\" content=\"article\" \/>\n<meta property=\"og:title\" content=\"Miniexcavadora hidr\u00e0ulica autopropulsada - Retroexcavadora Autopropulsada - Tallers Hidrasol\" \/>\n<meta property=\"og:description\" content=\"Excavadora professional amb joystick, gir 360\u00b0 i amplada de cadenes regulable hidr\u00e0ulicament.\" \/>\n<meta property=\"og:url\" content=\"https:\/\/tallershidrasol.com\/ca\/producte\/miniexcavadora-hidraulica-autopropulsada-retroexcavadora-autopropulsada\/\" \/>\n<meta property=\"og:site_name\" content=\"Tallers Hidrasol\" \/>\n<meta property=\"article:modified_time\" content=\"2025-08-26T12:42:04+00:00\" \/>\n<meta property=\"og:image\" content=\"https:\/\/tallershidrasol.com\/wp-content\/uploads\/2025\/07\/ESEXCAV129SMZ_1-891x1024-1.jpg\" \/>\n\t<meta property=\"og:image:width\" content=\"891\" \/>\n\t<meta property=\"og:image:height\" content=\"1024\" \/>\n\t<meta property=\"og:image:type\" content=\"image\/jpeg\" \/>\n<meta name=\"twitter:card\" content=\"summary_large_image\" \/>\n<meta name=\"twitter:label1\" content=\"Temps estimat de lectura\" \/>\n\t<meta name=\"twitter:data1\" content=\"1 minut\" \/>\n<script type=\"application\/ld+json\" class=\"yoast-schema-graph\">{\"@context\":\"https:\/\/schema.org\",\"@graph\":[{\"@type\":\"WebPage\",\"@id\":\"https:\/\/tallershidrasol.com\/ca\/producte\/miniexcavadora-hidraulica-autopropulsada-retroexcavadora-autopropulsada\/\",\"url\":\"https:\/\/tallershidrasol.com\/ca\/producte\/miniexcavadora-hidraulica-autopropulsada-retroexcavadora-autopropulsada\/\",\"name\":\"Miniexcavadora hidr\u00e0ulica autopropulsada - Retroexcavadora Autopropulsada - Tallers Hidrasol\",\"isPartOf\":{\"@id\":\"https:\/\/tallershidrasol.com\/ca\/#website\"},\"primaryImageOfPage\":{\"@id\":\"https:\/\/tallershidrasol.com\/ca\/producte\/miniexcavadora-hidraulica-autopropulsada-retroexcavadora-autopropulsada\/#primaryimage\"},\"image\":{\"@id\":\"https:\/\/tallershidrasol.com\/ca\/producte\/miniexcavadora-hidraulica-autopropulsada-retroexcavadora-autopropulsada\/#primaryimage\"},\"thumbnailUrl\":\"https:\/\/tallershidrasol.com\/wp-content\/uploads\/2025\/07\/ESEXCAV129SMZ_1-891x1024-1.jpg\",\"datePublished\":\"2025-07-28T09:59:25+00:00\",\"dateModified\":\"2025-08-26T12:42:04+00:00\",\"breadcrumb\":{\"@id\":\"https:\/\/tallershidrasol.com\/ca\/producte\/miniexcavadora-hidraulica-autopropulsada-retroexcavadora-autopropulsada\/#breadcrumb\"},\"inLanguage\":\"ca\",\"potentialAction\":[{\"@type\":\"ReadAction\",\"target\":[\"https:\/\/tallershidrasol.com\/ca\/producte\/miniexcavadora-hidraulica-autopropulsada-retroexcavadora-autopropulsada\/\"]}]},{\"@type\":\"ImageObject\",\"inLanguage\":\"ca\",\"@id\":\"https:\/\/tallershidrasol.com\/ca\/producte\/miniexcavadora-hidraulica-autopropulsada-retroexcavadora-autopropulsada\/#primaryimage\",\"url\":\"https:\/\/tallershidrasol.com\/wp-content\/uploads\/2025\/07\/ESEXCAV129SMZ_1-891x1024-1.jpg\",\"contentUrl\":\"https:\/\/tallershidrasol.com\/wp-content\/uploads\/2025\/07\/ESEXCAV129SMZ_1-891x1024-1.jpg\",\"width\":891,\"height\":1024},{\"@type\":\"BreadcrumbList\",\"@id\":\"https:\/\/tallershidrasol.com\/ca\/producte\/miniexcavadora-hidraulica-autopropulsada-retroexcavadora-autopropulsada\/#breadcrumb\",\"itemListElement\":[{\"@type\":\"ListItem\",\"position\":1,\"name\":\"Portada\",\"item\":\"https:\/\/tallershidrasol.com\/ca\/tallers-hidrasol-manteniments-industrials-hidraulica-soldadura\/\"},{\"@type\":\"ListItem\",\"position\":2,\"name\":\"Botiga online\",\"item\":\"https:\/\/tallershidrasol.com\/ca\/botiga-online\/\"},{\"@type\":\"ListItem\",\"position\":3,\"name\":\"Miniexcavadora hidr\u00e0ulica autopropulsada &#8211; Retroexcavadora Autopropulsada\"}]},{\"@type\":\"WebSite\",\"@id\":\"https:\/\/tallershidrasol.com\/ca\/#website\",\"url\":\"https:\/\/tallershidrasol.com\/ca\/\",\"name\":\"Tallers Hidrasol\",\"description\":\"Manteniments Industrials - Hidr\u00e0ulica - Soldadura\",\"potentialAction\":[{\"@type\":\"SearchAction\",\"target\":{\"@type\":\"EntryPoint\",\"urlTemplate\":\"https:\/\/tallershidrasol.com\/ca\/?s={search_term_string}\"},\"query-input\":{\"@type\":\"PropertyValueSpecification\",\"valueRequired\":true,\"valueName\":\"search_term_string\"}}],\"inLanguage\":\"ca\"}]}<\/script>\n<!-- \/ Yoast SEO plugin. -->","yoast_head_json":{"title":"Miniexcavadora hidr\u00e0ulica autopropulsada - Retroexcavadora Autopropulsada - Tallers Hidrasol","robots":{"index":"index","follow":"follow","max-snippet":"max-snippet:-1","max-image-preview":"max-image-preview:large","max-video-preview":"max-video-preview:-1"},"canonical":"https:\/\/tallershidrasol.com\/ca\/producte\/miniexcavadora-hidraulica-autopropulsada-retroexcavadora-autopropulsada\/","og_locale":"ca_ES","og_type":"article","og_title":"Miniexcavadora hidr\u00e0ulica autopropulsada - Retroexcavadora Autopropulsada - Tallers Hidrasol","og_description":"Excavadora professional amb joystick, gir 360\u00b0 i amplada de cadenes regulable hidr\u00e0ulicament.","og_url":"https:\/\/tallershidrasol.com\/ca\/producte\/miniexcavadora-hidraulica-autopropulsada-retroexcavadora-autopropulsada\/","og_site_name":"Tallers Hidrasol","article_modified_time":"2025-08-26T12:42:04+00:00","og_image":[{"width":891,"height":1024,"url":"https:\/\/tallershidrasol.com\/wp-content\/uploads\/2025\/07\/ESEXCAV129SMZ_1-891x1024-1.jpg","type":"image\/jpeg"}],"twitter_card":"summary_large_image","twitter_misc":{"Temps estimat de lectura":"1 minut"},"schema":{"@context":"https:\/\/schema.org","@graph":[{"@type":"WebPage","@id":"https:\/\/tallershidrasol.com\/ca\/producte\/miniexcavadora-hidraulica-autopropulsada-retroexcavadora-autopropulsada\/","url":"https:\/\/tallershidrasol.com\/ca\/producte\/miniexcavadora-hidraulica-autopropulsada-retroexcavadora-autopropulsada\/","name":"Miniexcavadora hidr\u00e0ulica autopropulsada - Retroexcavadora Autopropulsada - Tallers Hidrasol","isPartOf":{"@id":"https:\/\/tallershidrasol.com\/ca\/#website"},"primaryImageOfPage":{"@id":"https:\/\/tallershidrasol.com\/ca\/producte\/miniexcavadora-hidraulica-autopropulsada-retroexcavadora-autopropulsada\/#primaryimage"},"image":{"@id":"https:\/\/tallershidrasol.com\/ca\/producte\/miniexcavadora-hidraulica-autopropulsada-retroexcavadora-autopropulsada\/#primaryimage"},"thumbnailUrl":"https:\/\/tallershidrasol.com\/wp-content\/uploads\/2025\/07\/ESEXCAV129SMZ_1-891x1024-1.jpg","datePublished":"2025-07-28T09:59:25+00:00","dateModified":"2025-08-26T12:42:04+00:00","breadcrumb":{"@id":"https:\/\/tallershidrasol.com\/ca\/producte\/miniexcavadora-hidraulica-autopropulsada-retroexcavadora-autopropulsada\/#breadcrumb"},"inLanguage":"ca","potentialAction":[{"@type":"ReadAction","target":["https:\/\/tallershidrasol.com\/ca\/producte\/miniexcavadora-hidraulica-autopropulsada-retroexcavadora-autopropulsada\/"]}]},{"@type":"ImageObject","inLanguage":"ca","@id":"https:\/\/tallershidrasol.com\/ca\/producte\/miniexcavadora-hidraulica-autopropulsada-retroexcavadora-autopropulsada\/#primaryimage","url":"https:\/\/tallershidrasol.com\/wp-content\/uploads\/2025\/07\/ESEXCAV129SMZ_1-891x1024-1.jpg","contentUrl":"https:\/\/tallershidrasol.com\/wp-content\/uploads\/2025\/07\/ESEXCAV129SMZ_1-891x1024-1.jpg","width":891,"height":1024},{"@type":"BreadcrumbList","@id":"https:\/\/tallershidrasol.com\/ca\/producte\/miniexcavadora-hidraulica-autopropulsada-retroexcavadora-autopropulsada\/#breadcrumb","itemListElement":[{"@type":"ListItem","position":1,"name":"Portada","item":"https:\/\/tallershidrasol.com\/ca\/tallers-hidrasol-manteniments-industrials-hidraulica-soldadura\/"},{"@type":"ListItem","position":2,"name":"Botiga online","item":"https:\/\/tallershidrasol.com\/ca\/botiga-online\/"},{"@type":"ListItem","position":3,"name":"Miniexcavadora hidr\u00e0ulica autopropulsada &#8211; Retroexcavadora Autopropulsada"}]},{"@type":"WebSite","@id":"https:\/\/tallershidrasol.com\/ca\/#website","url":"https:\/\/tallershidrasol.com\/ca\/","name":"Tallers Hidrasol","description":"Manteniments Industrials - Hidr\u00e0ulica - Soldadura","potentialAction":[{"@type":"SearchAction","target":{"@type":"EntryPoint","urlTemplate":"https:\/\/tallershidrasol.com\/ca\/?s={search_term_string}"},"query-input":{"@type":"PropertyValueSpecification","valueRequired":true,"valueName":"search_term_string"}}],"inLanguage":"ca"}]}},"_links":{"self":[{"href":"https:\/\/tallershidrasol.com\/ca\/wp-json\/wp\/v2\/product\/2380","targetHints":{"allow":["GET"]}}],"collection":[{"href":"https:\/\/tallershidrasol.com\/ca\/wp-json\/wp\/v2\/product"}],"about":[{"href":"https:\/\/tallershidrasol.com\/ca\/wp-json\/wp\/v2\/types\/product"}],"replies":[{"embeddable":true,"href":"https:\/\/tallershidrasol.com\/ca\/wp-json\/wp\/v2\/comments?post=2380"}],"wp:featuredmedia":[{"embeddable":true,"href":"https:\/\/tallershidrasol.com\/ca\/wp-json\/wp\/v2\/media\/1214"}],"wp:attachment":[{"href":"https:\/\/tallershidrasol.com\/ca\/wp-json\/wp\/v2\/media?parent=2380"}],"wp:term":[{"taxonomy":"product_brand","embeddable":true,"href":"https:\/\/tallershidrasol.com\/ca\/wp-json\/wp\/v2\/product_brand?post=2380"},{"taxonomy":"product_cat","embeddable":true,"href":"https:\/\/tallershidrasol.com\/ca\/wp-json\/wp\/v2\/product_cat?post=2380"},{"taxonomy":"product_tag","embeddable":true,"href":"https:\/\/tallershidrasol.com\/ca\/wp-json\/wp\/v2\/product_tag?post=2380"}],"curies":[{"name":"wp","href":"https:\/\/api.w.org\/{rel}","templated":true}]}}