{"id":2381,"date":"2025-07-28T11:59:16","date_gmt":"2025-07-28T09:59:16","guid":{"rendered":"https:\/\/tallershidrasol.com\/producte\/miniexcavadora-autopropulsada-rhinoceros-12hp-retroexcavadora-autopropulsada\/"},"modified":"2025-08-26T14:43:30","modified_gmt":"2025-08-26T12:43:30","slug":"miniexcavadora-autopropulsada-rhinoceros-12hp-retroexcavadora-autopropulsada","status":"publish","type":"product","link":"https:\/\/tallershidrasol.com\/ca\/producte\/miniexcavadora-autopropulsada-rhinoceros-12hp-retroexcavadora-autopropulsada\/","title":{"rendered":"Miniexcavadora Autopropulsada Rhinoceros 12HP &#8211; Retroexcavadora Autopropulsada"},"content":{"rendered":"<h2>Agilitat professional per a treballs de precisi\u00f3<\/h2>\n<p data-start=\"201\" data-end=\"484\">La Miniexcavadora autopropulsada Rhinoceros 12HP est\u00e0 dissenyada per a usuaris exigents que necessiten una m\u00e0quina vers\u00e0til, robusta i f\u00e0cil de maniobrar. Ideal per a treballs d&#8217;excavaci\u00f3 a espais redu\u00efts, ofereix un equilibri perfecte entre pot\u00e8ncia i control. <\/p>\n<p data-start=\"486\" data-end=\"912\"><strong data-start=\"486\" data-end=\"515\">Equipament pro de s\u00e8rie:<\/strong> inclou <strong data-start=\"525\" data-end=\"541\">gir de 360\u00b0<\/strong>, que permet treballar des de qualsevol angle sense necessitat de reposicionar la m\u00e0quina constantment. A m\u00e9s, compta amb <strong data-start=\"663\" data-end=\"719\">carros de cadenes d&#8217;ample regulable hidr\u00e0ulicament<\/strong>, cosa que garanteix m\u00e9s estabilitat i adaptabilitat en diferents tipus de terreny. El disseny compacte la converteix en l&#8217;eina ideal tant per a treballs particulars com professionals.  <\/p>\n<p data-start=\"486\" data-end=\"912\"><strong>Una miniexcavadora professional, compacta i llesta per rendir en qualsevol entorn.<\/strong><\/p>\n<h4><strong>AVENTATGES<\/strong><\/h4>\n<ul>\n<li><strong>Pes:<\/strong> 1000 Kg<\/li>\n<li><strong>Motor:<\/strong> koop 8,6 Kw 11,7 hp diesel<\/li>\n<li><strong>Ample total:<\/strong> 800\/954 mm<\/li>\n<li><strong>Velocitat d&#8217;oscil\u00b7laci\u00f3:<\/strong> 12 rpm<\/li>\n<li><strong>Max. Altura d&#8217;excavaci\u00f3: <\/strong> 2646 mm<\/li>\n<li><strong>Max. profunditat d&#8217;excavaci\u00f3: <\/strong> 1568 mm<\/li>\n<li><strong>Velocitat m\u00e0xima:<\/strong> 1.5 km\/h<\/li>\n<li><strong>ARRENCADA EL\u00c8CTRICA<\/strong><\/li>\n<\/ul>\n<p>(*) Ungla hidr\u00e0ulica opcional, no inclosa en el preu. REF: ACEXCAV190HZ-013 <\/p>\n<h4>DIMENSIONS<\/h4>\n<ul>\n<li>A. R\u00e0dio m\u00e0x. d&#8217;excavaci\u00f3 al terra 3039 mm<\/li>\n<li>B. R\u00e0dio d&#8217;excavaci\u00f3 m\u00e0x. 3136 mm<\/li>\n<li>C. Profunditat m\u00e0x. d&#8217;excavaci\u00f3 1568 mm<\/li>\n<li>D. Al\u00e7ada m\u00e0x. d&#8217;excavaci\u00f3 2646 mm<\/li>\n<li>E. Al\u00e7ada m\u00e0x. de desc\u00e0rrega 1876 mm<\/li>\n<li>F. Profunditat m\u00e0x. d&#8217;excavaci\u00f3 vertical 1377 mm<\/li>\n<li>G. R\u00e0dio de gir min. 1510 mm<\/li>\n<li>H. Al\u00e7ada m\u00e0x. d&#8217;elevaci\u00f3 del suport 141 mm<\/li>\n<li>I. Profunditat m\u00e0x. del suport 200 mm<\/li>\n<\/ul>\n<p>&nbsp;<\/p>\n","protected":false},"excerpt":{"rendered":"<p>Excavadora vers\u00e0til amb gir 360\u00b0 i ample variable: m\u00e0xima maniobrabilitat a qualsevol terreny.<\/p>\n","protected":false},"featured_media":1209,"comment_status":"open","ping_status":"closed","template":"","meta":[],"product_brand":[772,768],"product_cat":[420,506],"product_tag":[],"class_list":{"0":"post-2381","1":"product","2":"type-product","3":"status-publish","4":"has-post-thumbnail","6":"product_brand-rhinoceros-ca","7":"product_brand-zeppelin-ca","8":"product_cat-maquinaria-agricola-ca","9":"product_cat-retroexcavadora-ca","11":"first","12":"instock","13":"featured","14":"taxable","15":"shipping-taxable","16":"purchasable","17":"product-type-simple"},"yoast_head":"<!-- This site is optimized with the Yoast SEO plugin v25.6 - https:\/\/yoast.com\/wordpress\/plugins\/seo\/ -->\n<title>Miniexcavadora Autopropulsada Rhinoceros 12HP - Retroexcavadora Autopropulsada - Tallers Hidrasol<\/title>\n<meta name=\"robots\" content=\"index, follow, max-snippet:-1, max-image-preview:large, max-video-preview:-1\" \/>\n<link rel=\"canonical\" href=\"https:\/\/tallershidrasol.com\/ca\/producte\/miniexcavadora-autopropulsada-rhinoceros-12hp-retroexcavadora-autopropulsada\/\" \/>\n<meta property=\"og:locale\" content=\"ca_ES\" \/>\n<meta property=\"og:type\" content=\"article\" \/>\n<meta property=\"og:title\" content=\"Miniexcavadora Autopropulsada Rhinoceros 12HP - Retroexcavadora Autopropulsada - Tallers Hidrasol\" \/>\n<meta property=\"og:description\" content=\"Excavadora vers\u00e0til amb gir 360\u00b0 i ample variable: m\u00e0xima maniobrabilitat a qualsevol terreny.\" \/>\n<meta property=\"og:url\" content=\"https:\/\/tallershidrasol.com\/ca\/producte\/miniexcavadora-autopropulsada-rhinoceros-12hp-retroexcavadora-autopropulsada\/\" \/>\n<meta property=\"og:site_name\" content=\"Tallers Hidrasol\" \/>\n<meta property=\"article:modified_time\" content=\"2025-08-26T12:43:30+00:00\" \/>\n<meta property=\"og:image\" content=\"https:\/\/tallershidrasol.com\/wp-content\/uploads\/2025\/07\/ESEXCAV108MZ_1-1024x1017-1.jpg\" \/>\n\t<meta property=\"og:image:width\" content=\"1024\" \/>\n\t<meta property=\"og:image:height\" content=\"1017\" \/>\n\t<meta property=\"og:image:type\" content=\"image\/jpeg\" \/>\n<meta name=\"twitter:card\" content=\"summary_large_image\" \/>\n<meta name=\"twitter:label1\" content=\"Temps estimat de lectura\" \/>\n\t<meta name=\"twitter:data1\" content=\"1 minut\" \/>\n<script type=\"application\/ld+json\" class=\"yoast-schema-graph\">{\"@context\":\"https:\/\/schema.org\",\"@graph\":[{\"@type\":\"WebPage\",\"@id\":\"https:\/\/tallershidrasol.com\/ca\/producte\/miniexcavadora-autopropulsada-rhinoceros-12hp-retroexcavadora-autopropulsada\/\",\"url\":\"https:\/\/tallershidrasol.com\/ca\/producte\/miniexcavadora-autopropulsada-rhinoceros-12hp-retroexcavadora-autopropulsada\/\",\"name\":\"Miniexcavadora Autopropulsada Rhinoceros 12HP - Retroexcavadora Autopropulsada - Tallers Hidrasol\",\"isPartOf\":{\"@id\":\"https:\/\/tallershidrasol.com\/ca\/#website\"},\"primaryImageOfPage\":{\"@id\":\"https:\/\/tallershidrasol.com\/ca\/producte\/miniexcavadora-autopropulsada-rhinoceros-12hp-retroexcavadora-autopropulsada\/#primaryimage\"},\"image\":{\"@id\":\"https:\/\/tallershidrasol.com\/ca\/producte\/miniexcavadora-autopropulsada-rhinoceros-12hp-retroexcavadora-autopropulsada\/#primaryimage\"},\"thumbnailUrl\":\"https:\/\/tallershidrasol.com\/wp-content\/uploads\/2025\/07\/ESEXCAV108MZ_1-1024x1017-1.jpg\",\"datePublished\":\"2025-07-28T09:59:16+00:00\",\"dateModified\":\"2025-08-26T12:43:30+00:00\",\"breadcrumb\":{\"@id\":\"https:\/\/tallershidrasol.com\/ca\/producte\/miniexcavadora-autopropulsada-rhinoceros-12hp-retroexcavadora-autopropulsada\/#breadcrumb\"},\"inLanguage\":\"ca\",\"potentialAction\":[{\"@type\":\"ReadAction\",\"target\":[\"https:\/\/tallershidrasol.com\/ca\/producte\/miniexcavadora-autopropulsada-rhinoceros-12hp-retroexcavadora-autopropulsada\/\"]}]},{\"@type\":\"ImageObject\",\"inLanguage\":\"ca\",\"@id\":\"https:\/\/tallershidrasol.com\/ca\/producte\/miniexcavadora-autopropulsada-rhinoceros-12hp-retroexcavadora-autopropulsada\/#primaryimage\",\"url\":\"https:\/\/tallershidrasol.com\/wp-content\/uploads\/2025\/07\/ESEXCAV108MZ_1-1024x1017-1.jpg\",\"contentUrl\":\"https:\/\/tallershidrasol.com\/wp-content\/uploads\/2025\/07\/ESEXCAV108MZ_1-1024x1017-1.jpg\",\"width\":1024,\"height\":1017},{\"@type\":\"BreadcrumbList\",\"@id\":\"https:\/\/tallershidrasol.com\/ca\/producte\/miniexcavadora-autopropulsada-rhinoceros-12hp-retroexcavadora-autopropulsada\/#breadcrumb\",\"itemListElement\":[{\"@type\":\"ListItem\",\"position\":1,\"name\":\"Portada\",\"item\":\"https:\/\/tallershidrasol.com\/ca\/tallers-hidrasol-manteniments-industrials-hidraulica-soldadura\/\"},{\"@type\":\"ListItem\",\"position\":2,\"name\":\"Botiga online\",\"item\":\"https:\/\/tallershidrasol.com\/ca\/botiga-online\/\"},{\"@type\":\"ListItem\",\"position\":3,\"name\":\"Miniexcavadora Autopropulsada Rhinoceros 12HP &#8211; Retroexcavadora Autopropulsada\"}]},{\"@type\":\"WebSite\",\"@id\":\"https:\/\/tallershidrasol.com\/ca\/#website\",\"url\":\"https:\/\/tallershidrasol.com\/ca\/\",\"name\":\"Tallers Hidrasol\",\"description\":\"Manteniments Industrials - Hidr\u00e0ulica - Soldadura\",\"potentialAction\":[{\"@type\":\"SearchAction\",\"target\":{\"@type\":\"EntryPoint\",\"urlTemplate\":\"https:\/\/tallershidrasol.com\/ca\/?s={search_term_string}\"},\"query-input\":{\"@type\":\"PropertyValueSpecification\",\"valueRequired\":true,\"valueName\":\"search_term_string\"}}],\"inLanguage\":\"ca\"}]}<\/script>\n<!-- \/ Yoast SEO plugin. -->","yoast_head_json":{"title":"Miniexcavadora Autopropulsada Rhinoceros 12HP - Retroexcavadora Autopropulsada - Tallers Hidrasol","robots":{"index":"index","follow":"follow","max-snippet":"max-snippet:-1","max-image-preview":"max-image-preview:large","max-video-preview":"max-video-preview:-1"},"canonical":"https:\/\/tallershidrasol.com\/ca\/producte\/miniexcavadora-autopropulsada-rhinoceros-12hp-retroexcavadora-autopropulsada\/","og_locale":"ca_ES","og_type":"article","og_title":"Miniexcavadora Autopropulsada Rhinoceros 12HP - Retroexcavadora Autopropulsada - Tallers Hidrasol","og_description":"Excavadora vers\u00e0til amb gir 360\u00b0 i ample variable: m\u00e0xima maniobrabilitat a qualsevol terreny.","og_url":"https:\/\/tallershidrasol.com\/ca\/producte\/miniexcavadora-autopropulsada-rhinoceros-12hp-retroexcavadora-autopropulsada\/","og_site_name":"Tallers Hidrasol","article_modified_time":"2025-08-26T12:43:30+00:00","og_image":[{"width":1024,"height":1017,"url":"https:\/\/tallershidrasol.com\/wp-content\/uploads\/2025\/07\/ESEXCAV108MZ_1-1024x1017-1.jpg","type":"image\/jpeg"}],"twitter_card":"summary_large_image","twitter_misc":{"Temps estimat de lectura":"1 minut"},"schema":{"@context":"https:\/\/schema.org","@graph":[{"@type":"WebPage","@id":"https:\/\/tallershidrasol.com\/ca\/producte\/miniexcavadora-autopropulsada-rhinoceros-12hp-retroexcavadora-autopropulsada\/","url":"https:\/\/tallershidrasol.com\/ca\/producte\/miniexcavadora-autopropulsada-rhinoceros-12hp-retroexcavadora-autopropulsada\/","name":"Miniexcavadora Autopropulsada Rhinoceros 12HP - Retroexcavadora Autopropulsada - Tallers Hidrasol","isPartOf":{"@id":"https:\/\/tallershidrasol.com\/ca\/#website"},"primaryImageOfPage":{"@id":"https:\/\/tallershidrasol.com\/ca\/producte\/miniexcavadora-autopropulsada-rhinoceros-12hp-retroexcavadora-autopropulsada\/#primaryimage"},"image":{"@id":"https:\/\/tallershidrasol.com\/ca\/producte\/miniexcavadora-autopropulsada-rhinoceros-12hp-retroexcavadora-autopropulsada\/#primaryimage"},"thumbnailUrl":"https:\/\/tallershidrasol.com\/wp-content\/uploads\/2025\/07\/ESEXCAV108MZ_1-1024x1017-1.jpg","datePublished":"2025-07-28T09:59:16+00:00","dateModified":"2025-08-26T12:43:30+00:00","breadcrumb":{"@id":"https:\/\/tallershidrasol.com\/ca\/producte\/miniexcavadora-autopropulsada-rhinoceros-12hp-retroexcavadora-autopropulsada\/#breadcrumb"},"inLanguage":"ca","potentialAction":[{"@type":"ReadAction","target":["https:\/\/tallershidrasol.com\/ca\/producte\/miniexcavadora-autopropulsada-rhinoceros-12hp-retroexcavadora-autopropulsada\/"]}]},{"@type":"ImageObject","inLanguage":"ca","@id":"https:\/\/tallershidrasol.com\/ca\/producte\/miniexcavadora-autopropulsada-rhinoceros-12hp-retroexcavadora-autopropulsada\/#primaryimage","url":"https:\/\/tallershidrasol.com\/wp-content\/uploads\/2025\/07\/ESEXCAV108MZ_1-1024x1017-1.jpg","contentUrl":"https:\/\/tallershidrasol.com\/wp-content\/uploads\/2025\/07\/ESEXCAV108MZ_1-1024x1017-1.jpg","width":1024,"height":1017},{"@type":"BreadcrumbList","@id":"https:\/\/tallershidrasol.com\/ca\/producte\/miniexcavadora-autopropulsada-rhinoceros-12hp-retroexcavadora-autopropulsada\/#breadcrumb","itemListElement":[{"@type":"ListItem","position":1,"name":"Portada","item":"https:\/\/tallershidrasol.com\/ca\/tallers-hidrasol-manteniments-industrials-hidraulica-soldadura\/"},{"@type":"ListItem","position":2,"name":"Botiga online","item":"https:\/\/tallershidrasol.com\/ca\/botiga-online\/"},{"@type":"ListItem","position":3,"name":"Miniexcavadora Autopropulsada Rhinoceros 12HP &#8211; Retroexcavadora Autopropulsada"}]},{"@type":"WebSite","@id":"https:\/\/tallershidrasol.com\/ca\/#website","url":"https:\/\/tallershidrasol.com\/ca\/","name":"Tallers Hidrasol","description":"Manteniments Industrials - Hidr\u00e0ulica - Soldadura","potentialAction":[{"@type":"SearchAction","target":{"@type":"EntryPoint","urlTemplate":"https:\/\/tallershidrasol.com\/ca\/?s={search_term_string}"},"query-input":{"@type":"PropertyValueSpecification","valueRequired":true,"valueName":"search_term_string"}}],"inLanguage":"ca"}]}},"_links":{"self":[{"href":"https:\/\/tallershidrasol.com\/ca\/wp-json\/wp\/v2\/product\/2381","targetHints":{"allow":["GET"]}}],"collection":[{"href":"https:\/\/tallershidrasol.com\/ca\/wp-json\/wp\/v2\/product"}],"about":[{"href":"https:\/\/tallershidrasol.com\/ca\/wp-json\/wp\/v2\/types\/product"}],"replies":[{"embeddable":true,"href":"https:\/\/tallershidrasol.com\/ca\/wp-json\/wp\/v2\/comments?post=2381"}],"wp:featuredmedia":[{"embeddable":true,"href":"https:\/\/tallershidrasol.com\/ca\/wp-json\/wp\/v2\/media\/1209"}],"wp:attachment":[{"href":"https:\/\/tallershidrasol.com\/ca\/wp-json\/wp\/v2\/media?parent=2381"}],"wp:term":[{"taxonomy":"product_brand","embeddable":true,"href":"https:\/\/tallershidrasol.com\/ca\/wp-json\/wp\/v2\/product_brand?post=2381"},{"taxonomy":"product_cat","embeddable":true,"href":"https:\/\/tallershidrasol.com\/ca\/wp-json\/wp\/v2\/product_cat?post=2381"},{"taxonomy":"product_tag","embeddable":true,"href":"https:\/\/tallershidrasol.com\/ca\/wp-json\/wp\/v2\/product_tag?post=2381"}],"curies":[{"name":"wp","href":"https:\/\/api.w.org\/{rel}","templated":true}]}}