{"id":2382,"date":"2025-07-28T11:59:08","date_gmt":"2025-07-28T09:59:08","guid":{"rendered":"https:\/\/tallershidrasol.com\/producte\/miniexcavadora-autopropulsada-minirhino-retroexcavadora-autopropulsada\/"},"modified":"2025-08-26T14:44:30","modified_gmt":"2025-08-26T12:44:30","slug":"miniexcavadora-autopropulsada-minirhino-retroexcavadora-autopropulsada","status":"publish","type":"product","link":"https:\/\/tallershidrasol.com\/ca\/producte\/miniexcavadora-autopropulsada-minirhino-retroexcavadora-autopropulsada\/","title":{"rendered":"Miniexcavadora autopropulsada MiniRhino &#8211; Retroexcavadora Autopropulsada"},"content":{"rendered":"<h2>Pot\u00e8ncia i control per als teus projectes m\u00e9s exigents<\/h2>\n<p data-start=\"376\" data-end=\"723\">La Miniexcavadora autopropulsada MiniRhino de 13\/05 HP \u00e9s una eina indispensable per als que busquen rendiment, precisi\u00f3 i facilitat d&#8217;\u00fas en treballs d&#8217;excavaci\u00f3. La seva estructura compacta i disseny ergon\u00f2mic la converteixen en la soluci\u00f3 ideal per a tasques a jardins, horts, obres petites o zones de dif\u00edcil acc\u00e9s. <\/p>\n<p data-start=\"725\" data-end=\"993\">Gr\u00e0cies al sistema autopropulsat i motor d&#8217;alt rendiment, permet treballar amb flu\u00efdesa i sense esfor\u00e7 excessiu, fins i tot en terrenys exigents. La seva mida redu\u00efda no compromet la seva for\u00e7a, permetent una excel\u00b7lent maniobrabilitat sense perdre capacitat de treball. <\/p>\n<p data-start=\"725\" data-end=\"993\"><strong>Si busques una miniexcavadora fiable, potent i f\u00e0cil de maniobrar, la MiniRhino \u00e9s una elecci\u00f3 perfecta.<\/strong><\/p>\n<h4 data-start=\"725\" data-end=\"993\"><strong>Especificacions T\u00e8cniques<\/strong><\/h4>\n<ul>\n<li><strong>Pes:<\/strong> 562 Kg<\/li>\n<li data-start=\"725\" data-end=\"993\"><strong>Motor:<\/strong> 360 cc de gasolina<\/li>\n<li data-start=\"725\" data-end=\"993\"><strong>Capacitat del cass\u00f3:<\/strong> 0.011 m3 Ample del cass\u00f3: 290 mm<strong><br \/>\n<\/strong><\/li>\n<li data-start=\"725\" data-end=\"993\"><strong>Velocitat m\u00e0xima:<\/strong> 1.7 km\/h<strong><br \/>\n<\/strong><\/li>\n<li data-start=\"725\" data-end=\"993\"><strong>Velocitat de gir:<\/strong> 9.3 rpm<\/li>\n<li data-start=\"725\" data-end=\"993\"><strong>Inclinaci\u00f3:<\/strong> 15\u00ba<\/li>\n<li data-start=\"725\" data-end=\"993\"><strong>Capacitat de la bomba:<\/strong> 2\u00d79 L\/m<\/li>\n<li data-start=\"725\" data-end=\"993\"><strong>Reserva hidr\u00e0ulica:<\/strong> 12 L<\/li>\n<\/ul>\n<h4 data-start=\"1020\" data-end=\"1052\">Complements<\/h4>\n<ul>\n<li><strong>Arc de seguretat <\/strong><\/li>\n<li><strong>ungla mec\u00e0nica <\/strong><\/li>\n<li><strong>pin\u00e7a <\/strong><\/li>\n<li><strong>cass\u00f3 anivellador<\/strong><\/li>\n<li><strong>rasclet <\/strong><\/li>\n<li><strong>carregadora frontal.<\/strong><\/li>\n<\/ul>\n<h4 data-start=\"1020\" data-end=\"1052\"><strong data-start=\"1025\" data-end=\"1050\">Informaci\u00f3 adicional:<\/strong><\/h4>\n<ul>\n<li><strong>Alt: <\/strong>1585 mm<\/li>\n<li><strong>Ample: <\/strong>698 mm<\/li>\n<li><strong>Llarg:<\/strong> 2210 mm<\/li>\n<\/ul>\n","protected":false},"excerpt":{"rendered":"<p>Miniexcavadora eficient i compacta, ideal per a treballs precisos en espais redu\u00efts.<\/p>\n","protected":false},"featured_media":1207,"comment_status":"open","ping_status":"closed","template":"","meta":[],"product_brand":[772,768],"product_cat":[420,506],"product_tag":[],"class_list":{"0":"post-2382","1":"product","2":"type-product","3":"status-publish","4":"has-post-thumbnail","6":"product_brand-rhinoceros-ca","7":"product_brand-zeppelin-ca","8":"product_cat-maquinaria-agricola-ca","9":"product_cat-retroexcavadora-ca","11":"first","12":"instock","13":"featured","14":"taxable","15":"shipping-taxable","16":"purchasable","17":"product-type-simple"},"yoast_head":"<!-- This site is optimized with the Yoast SEO plugin v25.6 - https:\/\/yoast.com\/wordpress\/plugins\/seo\/ -->\n<title>Miniexcavadora autopropulsada MiniRhino - Retroexcavadora Autopropulsada - Tallers Hidrasol<\/title>\n<meta name=\"robots\" content=\"index, follow, max-snippet:-1, max-image-preview:large, max-video-preview:-1\" \/>\n<link rel=\"canonical\" href=\"https:\/\/tallershidrasol.com\/ca\/producte\/miniexcavadora-autopropulsada-minirhino-retroexcavadora-autopropulsada\/\" \/>\n<meta property=\"og:locale\" content=\"ca_ES\" \/>\n<meta property=\"og:type\" content=\"article\" \/>\n<meta property=\"og:title\" content=\"Miniexcavadora autopropulsada MiniRhino - Retroexcavadora Autopropulsada - Tallers Hidrasol\" \/>\n<meta property=\"og:description\" content=\"Miniexcavadora eficient i compacta, ideal per a treballs precisos en espais redu\u00efts.\" \/>\n<meta property=\"og:url\" content=\"https:\/\/tallershidrasol.com\/ca\/producte\/miniexcavadora-autopropulsada-minirhino-retroexcavadora-autopropulsada\/\" \/>\n<meta property=\"og:site_name\" content=\"Tallers Hidrasol\" \/>\n<meta property=\"article:modified_time\" content=\"2025-08-26T12:44:30+00:00\" \/>\n<meta property=\"og:image\" content=\"https:\/\/tallershidrasol.com\/wp-content\/uploads\/2025\/07\/mini-rhino-1024x711-1.jpg\" \/>\n\t<meta property=\"og:image:width\" content=\"1024\" \/>\n\t<meta property=\"og:image:height\" content=\"711\" \/>\n\t<meta property=\"og:image:type\" content=\"image\/jpeg\" \/>\n<meta name=\"twitter:card\" content=\"summary_large_image\" \/>\n<meta name=\"twitter:label1\" content=\"Temps estimat de lectura\" \/>\n\t<meta name=\"twitter:data1\" content=\"1 minut\" \/>\n<script type=\"application\/ld+json\" class=\"yoast-schema-graph\">{\"@context\":\"https:\/\/schema.org\",\"@graph\":[{\"@type\":\"WebPage\",\"@id\":\"https:\/\/tallershidrasol.com\/ca\/producte\/miniexcavadora-autopropulsada-minirhino-retroexcavadora-autopropulsada\/\",\"url\":\"https:\/\/tallershidrasol.com\/ca\/producte\/miniexcavadora-autopropulsada-minirhino-retroexcavadora-autopropulsada\/\",\"name\":\"Miniexcavadora autopropulsada MiniRhino - Retroexcavadora Autopropulsada - Tallers Hidrasol\",\"isPartOf\":{\"@id\":\"https:\/\/tallershidrasol.com\/ca\/#website\"},\"primaryImageOfPage\":{\"@id\":\"https:\/\/tallershidrasol.com\/ca\/producte\/miniexcavadora-autopropulsada-minirhino-retroexcavadora-autopropulsada\/#primaryimage\"},\"image\":{\"@id\":\"https:\/\/tallershidrasol.com\/ca\/producte\/miniexcavadora-autopropulsada-minirhino-retroexcavadora-autopropulsada\/#primaryimage\"},\"thumbnailUrl\":\"https:\/\/tallershidrasol.com\/wp-content\/uploads\/2025\/07\/mini-rhino-1024x711-1.jpg\",\"datePublished\":\"2025-07-28T09:59:08+00:00\",\"dateModified\":\"2025-08-26T12:44:30+00:00\",\"breadcrumb\":{\"@id\":\"https:\/\/tallershidrasol.com\/ca\/producte\/miniexcavadora-autopropulsada-minirhino-retroexcavadora-autopropulsada\/#breadcrumb\"},\"inLanguage\":\"ca\",\"potentialAction\":[{\"@type\":\"ReadAction\",\"target\":[\"https:\/\/tallershidrasol.com\/ca\/producte\/miniexcavadora-autopropulsada-minirhino-retroexcavadora-autopropulsada\/\"]}]},{\"@type\":\"ImageObject\",\"inLanguage\":\"ca\",\"@id\":\"https:\/\/tallershidrasol.com\/ca\/producte\/miniexcavadora-autopropulsada-minirhino-retroexcavadora-autopropulsada\/#primaryimage\",\"url\":\"https:\/\/tallershidrasol.com\/wp-content\/uploads\/2025\/07\/mini-rhino-1024x711-1.jpg\",\"contentUrl\":\"https:\/\/tallershidrasol.com\/wp-content\/uploads\/2025\/07\/mini-rhino-1024x711-1.jpg\",\"width\":1024,\"height\":711},{\"@type\":\"BreadcrumbList\",\"@id\":\"https:\/\/tallershidrasol.com\/ca\/producte\/miniexcavadora-autopropulsada-minirhino-retroexcavadora-autopropulsada\/#breadcrumb\",\"itemListElement\":[{\"@type\":\"ListItem\",\"position\":1,\"name\":\"Portada\",\"item\":\"https:\/\/tallershidrasol.com\/ca\/tallers-hidrasol-manteniments-industrials-hidraulica-soldadura\/\"},{\"@type\":\"ListItem\",\"position\":2,\"name\":\"Botiga online\",\"item\":\"https:\/\/tallershidrasol.com\/ca\/botiga-online\/\"},{\"@type\":\"ListItem\",\"position\":3,\"name\":\"Miniexcavadora autopropulsada MiniRhino &#8211; Retroexcavadora Autopropulsada\"}]},{\"@type\":\"WebSite\",\"@id\":\"https:\/\/tallershidrasol.com\/ca\/#website\",\"url\":\"https:\/\/tallershidrasol.com\/ca\/\",\"name\":\"Tallers Hidrasol\",\"description\":\"Manteniments Industrials - Hidr\u00e0ulica - Soldadura\",\"potentialAction\":[{\"@type\":\"SearchAction\",\"target\":{\"@type\":\"EntryPoint\",\"urlTemplate\":\"https:\/\/tallershidrasol.com\/ca\/?s={search_term_string}\"},\"query-input\":{\"@type\":\"PropertyValueSpecification\",\"valueRequired\":true,\"valueName\":\"search_term_string\"}}],\"inLanguage\":\"ca\"}]}<\/script>\n<!-- \/ Yoast SEO plugin. -->","yoast_head_json":{"title":"Miniexcavadora autopropulsada MiniRhino - Retroexcavadora Autopropulsada - Tallers Hidrasol","robots":{"index":"index","follow":"follow","max-snippet":"max-snippet:-1","max-image-preview":"max-image-preview:large","max-video-preview":"max-video-preview:-1"},"canonical":"https:\/\/tallershidrasol.com\/ca\/producte\/miniexcavadora-autopropulsada-minirhino-retroexcavadora-autopropulsada\/","og_locale":"ca_ES","og_type":"article","og_title":"Miniexcavadora autopropulsada MiniRhino - Retroexcavadora Autopropulsada - Tallers Hidrasol","og_description":"Miniexcavadora eficient i compacta, ideal per a treballs precisos en espais redu\u00efts.","og_url":"https:\/\/tallershidrasol.com\/ca\/producte\/miniexcavadora-autopropulsada-minirhino-retroexcavadora-autopropulsada\/","og_site_name":"Tallers Hidrasol","article_modified_time":"2025-08-26T12:44:30+00:00","og_image":[{"width":1024,"height":711,"url":"https:\/\/tallershidrasol.com\/wp-content\/uploads\/2025\/07\/mini-rhino-1024x711-1.jpg","type":"image\/jpeg"}],"twitter_card":"summary_large_image","twitter_misc":{"Temps estimat de lectura":"1 minut"},"schema":{"@context":"https:\/\/schema.org","@graph":[{"@type":"WebPage","@id":"https:\/\/tallershidrasol.com\/ca\/producte\/miniexcavadora-autopropulsada-minirhino-retroexcavadora-autopropulsada\/","url":"https:\/\/tallershidrasol.com\/ca\/producte\/miniexcavadora-autopropulsada-minirhino-retroexcavadora-autopropulsada\/","name":"Miniexcavadora autopropulsada MiniRhino - Retroexcavadora Autopropulsada - Tallers Hidrasol","isPartOf":{"@id":"https:\/\/tallershidrasol.com\/ca\/#website"},"primaryImageOfPage":{"@id":"https:\/\/tallershidrasol.com\/ca\/producte\/miniexcavadora-autopropulsada-minirhino-retroexcavadora-autopropulsada\/#primaryimage"},"image":{"@id":"https:\/\/tallershidrasol.com\/ca\/producte\/miniexcavadora-autopropulsada-minirhino-retroexcavadora-autopropulsada\/#primaryimage"},"thumbnailUrl":"https:\/\/tallershidrasol.com\/wp-content\/uploads\/2025\/07\/mini-rhino-1024x711-1.jpg","datePublished":"2025-07-28T09:59:08+00:00","dateModified":"2025-08-26T12:44:30+00:00","breadcrumb":{"@id":"https:\/\/tallershidrasol.com\/ca\/producte\/miniexcavadora-autopropulsada-minirhino-retroexcavadora-autopropulsada\/#breadcrumb"},"inLanguage":"ca","potentialAction":[{"@type":"ReadAction","target":["https:\/\/tallershidrasol.com\/ca\/producte\/miniexcavadora-autopropulsada-minirhino-retroexcavadora-autopropulsada\/"]}]},{"@type":"ImageObject","inLanguage":"ca","@id":"https:\/\/tallershidrasol.com\/ca\/producte\/miniexcavadora-autopropulsada-minirhino-retroexcavadora-autopropulsada\/#primaryimage","url":"https:\/\/tallershidrasol.com\/wp-content\/uploads\/2025\/07\/mini-rhino-1024x711-1.jpg","contentUrl":"https:\/\/tallershidrasol.com\/wp-content\/uploads\/2025\/07\/mini-rhino-1024x711-1.jpg","width":1024,"height":711},{"@type":"BreadcrumbList","@id":"https:\/\/tallershidrasol.com\/ca\/producte\/miniexcavadora-autopropulsada-minirhino-retroexcavadora-autopropulsada\/#breadcrumb","itemListElement":[{"@type":"ListItem","position":1,"name":"Portada","item":"https:\/\/tallershidrasol.com\/ca\/tallers-hidrasol-manteniments-industrials-hidraulica-soldadura\/"},{"@type":"ListItem","position":2,"name":"Botiga online","item":"https:\/\/tallershidrasol.com\/ca\/botiga-online\/"},{"@type":"ListItem","position":3,"name":"Miniexcavadora autopropulsada MiniRhino &#8211; Retroexcavadora Autopropulsada"}]},{"@type":"WebSite","@id":"https:\/\/tallershidrasol.com\/ca\/#website","url":"https:\/\/tallershidrasol.com\/ca\/","name":"Tallers Hidrasol","description":"Manteniments Industrials - Hidr\u00e0ulica - Soldadura","potentialAction":[{"@type":"SearchAction","target":{"@type":"EntryPoint","urlTemplate":"https:\/\/tallershidrasol.com\/ca\/?s={search_term_string}"},"query-input":{"@type":"PropertyValueSpecification","valueRequired":true,"valueName":"search_term_string"}}],"inLanguage":"ca"}]}},"_links":{"self":[{"href":"https:\/\/tallershidrasol.com\/ca\/wp-json\/wp\/v2\/product\/2382","targetHints":{"allow":["GET"]}}],"collection":[{"href":"https:\/\/tallershidrasol.com\/ca\/wp-json\/wp\/v2\/product"}],"about":[{"href":"https:\/\/tallershidrasol.com\/ca\/wp-json\/wp\/v2\/types\/product"}],"replies":[{"embeddable":true,"href":"https:\/\/tallershidrasol.com\/ca\/wp-json\/wp\/v2\/comments?post=2382"}],"wp:featuredmedia":[{"embeddable":true,"href":"https:\/\/tallershidrasol.com\/ca\/wp-json\/wp\/v2\/media\/1207"}],"wp:attachment":[{"href":"https:\/\/tallershidrasol.com\/ca\/wp-json\/wp\/v2\/media?parent=2382"}],"wp:term":[{"taxonomy":"product_brand","embeddable":true,"href":"https:\/\/tallershidrasol.com\/ca\/wp-json\/wp\/v2\/product_brand?post=2382"},{"taxonomy":"product_cat","embeddable":true,"href":"https:\/\/tallershidrasol.com\/ca\/wp-json\/wp\/v2\/product_cat?post=2382"},{"taxonomy":"product_tag","embeddable":true,"href":"https:\/\/tallershidrasol.com\/ca\/wp-json\/wp\/v2\/product_tag?post=2382"}],"curies":[{"name":"wp","href":"https:\/\/api.w.org\/{rel}","templated":true}]}}