{"id":2384,"date":"2025-07-28T11:58:48","date_gmt":"2025-07-28T09:58:48","guid":{"rendered":"https:\/\/tallershidrasol.com\/producte\/miniexcavadora-rhinoceros-model-minipincher-retroexcavadora-autopropulsada\/"},"modified":"2025-08-26T14:49:10","modified_gmt":"2025-08-26T12:49:10","slug":"miniexcavadora-rhinoceros-model-minipincher-retroexcavadora-autopropulsada","status":"publish","type":"product","link":"https:\/\/tallershidrasol.com\/ca\/producte\/miniexcavadora-rhinoceros-model-minipincher-retroexcavadora-autopropulsada\/","title":{"rendered":"Miniexcavadora Rhinoceros Model Minipincher &#8211; Retroexcavadora Autopropulsada"},"content":{"rendered":"<h2>Versatilitat compacta per a treballs d&#8217;excavaci\u00f3 a espais redu\u00efts<\/h2>\n<p data-start=\"222\" data-end=\"593\">La <strong>miniexcavadora autopropulsada Rhinoceros MINIPINCHER <\/strong>est\u00e0 dissenyada per oferir efici\u00e8ncia i maniobrabilitat en treballs de construcci\u00f3, jardineria i manteniment en espais on altres m\u00e0quines no hi caben. Gr\u00e0cies al motor garanteix un <strong>rendiment fiable<\/strong> i continu amb baix manteniment.<\/p>\n<p data-start=\"595\" data-end=\"1019\">El <strong>disseny compacte<\/strong> permet accedir f\u00e0cilment a \u00e0rees estretes sense sacrificar pot\u00e8ncia ni estabilitat. Ideal per a usuaris particulars, professionals del paisatgisme i petites obres, incorpora un cass\u00f3 de 20cm que optimitza les tasques d&#8217;excavaci\u00f3 a terrenys tous i ferms. L&#8217;<strong>estructura refor\u00e7ada<\/strong> ofereix una gran resist\u00e8ncia a l&#8217;\u00fas intensiu, mentre que el seu excel\u00b7lent equilibri proporciona seguretat durant el treball.<\/p>\n<p><strong data-start=\"1430\" data-end=\"1536\">Si busques una excavadora compacta, eficient i fiable, el model Minipincher \u00e9s la teva millor opci\u00f3.<\/strong><\/p>\n<h4 data-start=\"1020\" data-end=\"1052\"><strong data-start=\"1025\" data-end=\"1050\">Avantatges principals:<\/strong><\/h4>\n<ul>\n<li><strong>HP: 13.5<\/strong><\/li>\n<li><strong>Motor BRIGS &amp; STRATTON gasolina amb arrancada el\u00e8ctrica.<\/strong><\/li>\n<li><strong>Estructura compacta i excel\u00b7lent estabilitat.<\/strong><\/li>\n<li><strong>Cass\u00f3 de 20 cm incl\u00f2s:<\/strong> Per a terrenys tous i ferms<\/li>\n<\/ul>\n<h4 data-start=\"1020\" data-end=\"1052\"><strong data-start=\"1025\" data-end=\"1050\">Informaci\u00f3 adicional:<\/strong><\/h4>\n<ul>\n<li><strong>Alt: <\/strong>2000 mm<\/li>\n<li><strong>Ample<\/strong>: 950 mm<\/li>\n<li><strong>Llarg:<\/strong> 1900 mm<\/li>\n<li><strong>Profunditat: <\/strong>1320 mm<\/li>\n<li><strong>Amplada: <\/strong>2370 mm<\/li>\n<li><strong>Al\u00e7ada Cass\u00f3: <\/strong>2360 mm<\/li>\n<li><strong>Angle bra\u00e7: <\/strong>360 \u00ba<\/li>\n<li><strong>KG:<\/strong> 590<\/li>\n<li><strong>HP:<\/strong> 13,5<\/li>\n<\/ul>\n","protected":false},"excerpt":{"rendered":"<p>Miniexcavadora potent i compacta, perfecta per a espais redu\u00efts i treballs precisos.<\/p>\n","protected":false},"featured_media":1196,"comment_status":"open","ping_status":"closed","template":"","meta":[],"product_brand":[772,768],"product_cat":[420,506],"product_tag":[],"class_list":{"0":"post-2384","1":"product","2":"type-product","3":"status-publish","4":"has-post-thumbnail","6":"product_brand-rhinoceros-ca","7":"product_brand-zeppelin-ca","8":"product_cat-maquinaria-agricola-ca","9":"product_cat-retroexcavadora-ca","11":"first","12":"instock","13":"featured","14":"taxable","15":"shipping-taxable","16":"purchasable","17":"product-type-simple"},"yoast_head":"<!-- This site is optimized with the Yoast SEO plugin v25.6 - https:\/\/yoast.com\/wordpress\/plugins\/seo\/ -->\n<title>Miniexcavadora Rhinoceros Model Minipincher - Retroexcavadora Autopropulsada - Tallers Hidrasol<\/title>\n<meta name=\"robots\" content=\"index, follow, max-snippet:-1, max-image-preview:large, max-video-preview:-1\" \/>\n<link rel=\"canonical\" href=\"https:\/\/tallershidrasol.com\/ca\/producte\/miniexcavadora-rhinoceros-model-minipincher-retroexcavadora-autopropulsada\/\" \/>\n<meta property=\"og:locale\" content=\"ca_ES\" \/>\n<meta property=\"og:type\" content=\"article\" \/>\n<meta property=\"og:title\" content=\"Miniexcavadora Rhinoceros Model Minipincher - Retroexcavadora Autopropulsada - Tallers Hidrasol\" \/>\n<meta property=\"og:description\" content=\"Miniexcavadora potent i compacta, perfecta per a espais redu\u00efts i treballs precisos.\" \/>\n<meta property=\"og:url\" content=\"https:\/\/tallershidrasol.com\/ca\/producte\/miniexcavadora-rhinoceros-model-minipincher-retroexcavadora-autopropulsada\/\" \/>\n<meta property=\"og:site_name\" content=\"Tallers Hidrasol\" \/>\n<meta property=\"article:modified_time\" content=\"2025-08-26T12:49:10+00:00\" \/>\n<meta property=\"og:image\" content=\"https:\/\/tallershidrasol.com\/wp-content\/uploads\/2025\/07\/mini-excavadora-hidraulica-135-hp2.jpg\" \/>\n\t<meta property=\"og:image:width\" content=\"1000\" \/>\n\t<meta property=\"og:image:height\" content=\"825\" \/>\n\t<meta property=\"og:image:type\" content=\"image\/jpeg\" \/>\n<meta name=\"twitter:card\" content=\"summary_large_image\" \/>\n<meta name=\"twitter:label1\" content=\"Temps estimat de lectura\" \/>\n\t<meta name=\"twitter:data1\" content=\"1 minut\" \/>\n<script type=\"application\/ld+json\" class=\"yoast-schema-graph\">{\"@context\":\"https:\/\/schema.org\",\"@graph\":[{\"@type\":\"WebPage\",\"@id\":\"https:\/\/tallershidrasol.com\/ca\/producte\/miniexcavadora-rhinoceros-model-minipincher-retroexcavadora-autopropulsada\/\",\"url\":\"https:\/\/tallershidrasol.com\/ca\/producte\/miniexcavadora-rhinoceros-model-minipincher-retroexcavadora-autopropulsada\/\",\"name\":\"Miniexcavadora Rhinoceros Model Minipincher - Retroexcavadora Autopropulsada - Tallers Hidrasol\",\"isPartOf\":{\"@id\":\"https:\/\/tallershidrasol.com\/ca\/#website\"},\"primaryImageOfPage\":{\"@id\":\"https:\/\/tallershidrasol.com\/ca\/producte\/miniexcavadora-rhinoceros-model-minipincher-retroexcavadora-autopropulsada\/#primaryimage\"},\"image\":{\"@id\":\"https:\/\/tallershidrasol.com\/ca\/producte\/miniexcavadora-rhinoceros-model-minipincher-retroexcavadora-autopropulsada\/#primaryimage\"},\"thumbnailUrl\":\"https:\/\/tallershidrasol.com\/wp-content\/uploads\/2025\/07\/mini-excavadora-hidraulica-135-hp2.jpg\",\"datePublished\":\"2025-07-28T09:58:48+00:00\",\"dateModified\":\"2025-08-26T12:49:10+00:00\",\"breadcrumb\":{\"@id\":\"https:\/\/tallershidrasol.com\/ca\/producte\/miniexcavadora-rhinoceros-model-minipincher-retroexcavadora-autopropulsada\/#breadcrumb\"},\"inLanguage\":\"ca\",\"potentialAction\":[{\"@type\":\"ReadAction\",\"target\":[\"https:\/\/tallershidrasol.com\/ca\/producte\/miniexcavadora-rhinoceros-model-minipincher-retroexcavadora-autopropulsada\/\"]}]},{\"@type\":\"ImageObject\",\"inLanguage\":\"ca\",\"@id\":\"https:\/\/tallershidrasol.com\/ca\/producte\/miniexcavadora-rhinoceros-model-minipincher-retroexcavadora-autopropulsada\/#primaryimage\",\"url\":\"https:\/\/tallershidrasol.com\/wp-content\/uploads\/2025\/07\/mini-excavadora-hidraulica-135-hp2.jpg\",\"contentUrl\":\"https:\/\/tallershidrasol.com\/wp-content\/uploads\/2025\/07\/mini-excavadora-hidraulica-135-hp2.jpg\",\"width\":1000,\"height\":825},{\"@type\":\"BreadcrumbList\",\"@id\":\"https:\/\/tallershidrasol.com\/ca\/producte\/miniexcavadora-rhinoceros-model-minipincher-retroexcavadora-autopropulsada\/#breadcrumb\",\"itemListElement\":[{\"@type\":\"ListItem\",\"position\":1,\"name\":\"Portada\",\"item\":\"https:\/\/tallershidrasol.com\/ca\/tallers-hidrasol-manteniments-industrials-hidraulica-soldadura\/\"},{\"@type\":\"ListItem\",\"position\":2,\"name\":\"Botiga online\",\"item\":\"https:\/\/tallershidrasol.com\/ca\/botiga-online\/\"},{\"@type\":\"ListItem\",\"position\":3,\"name\":\"Miniexcavadora Rhinoceros Model Minipincher &#8211; Retroexcavadora Autopropulsada\"}]},{\"@type\":\"WebSite\",\"@id\":\"https:\/\/tallershidrasol.com\/ca\/#website\",\"url\":\"https:\/\/tallershidrasol.com\/ca\/\",\"name\":\"Tallers Hidrasol\",\"description\":\"Manteniments Industrials - Hidr\u00e0ulica - Soldadura\",\"potentialAction\":[{\"@type\":\"SearchAction\",\"target\":{\"@type\":\"EntryPoint\",\"urlTemplate\":\"https:\/\/tallershidrasol.com\/ca\/?s={search_term_string}\"},\"query-input\":{\"@type\":\"PropertyValueSpecification\",\"valueRequired\":true,\"valueName\":\"search_term_string\"}}],\"inLanguage\":\"ca\"}]}<\/script>\n<!-- \/ Yoast SEO plugin. -->","yoast_head_json":{"title":"Miniexcavadora Rhinoceros Model Minipincher - Retroexcavadora Autopropulsada - Tallers Hidrasol","robots":{"index":"index","follow":"follow","max-snippet":"max-snippet:-1","max-image-preview":"max-image-preview:large","max-video-preview":"max-video-preview:-1"},"canonical":"https:\/\/tallershidrasol.com\/ca\/producte\/miniexcavadora-rhinoceros-model-minipincher-retroexcavadora-autopropulsada\/","og_locale":"ca_ES","og_type":"article","og_title":"Miniexcavadora Rhinoceros Model Minipincher - Retroexcavadora Autopropulsada - Tallers Hidrasol","og_description":"Miniexcavadora potent i compacta, perfecta per a espais redu\u00efts i treballs precisos.","og_url":"https:\/\/tallershidrasol.com\/ca\/producte\/miniexcavadora-rhinoceros-model-minipincher-retroexcavadora-autopropulsada\/","og_site_name":"Tallers Hidrasol","article_modified_time":"2025-08-26T12:49:10+00:00","og_image":[{"width":1000,"height":825,"url":"https:\/\/tallershidrasol.com\/wp-content\/uploads\/2025\/07\/mini-excavadora-hidraulica-135-hp2.jpg","type":"image\/jpeg"}],"twitter_card":"summary_large_image","twitter_misc":{"Temps estimat de lectura":"1 minut"},"schema":{"@context":"https:\/\/schema.org","@graph":[{"@type":"WebPage","@id":"https:\/\/tallershidrasol.com\/ca\/producte\/miniexcavadora-rhinoceros-model-minipincher-retroexcavadora-autopropulsada\/","url":"https:\/\/tallershidrasol.com\/ca\/producte\/miniexcavadora-rhinoceros-model-minipincher-retroexcavadora-autopropulsada\/","name":"Miniexcavadora Rhinoceros Model Minipincher - Retroexcavadora Autopropulsada - Tallers Hidrasol","isPartOf":{"@id":"https:\/\/tallershidrasol.com\/ca\/#website"},"primaryImageOfPage":{"@id":"https:\/\/tallershidrasol.com\/ca\/producte\/miniexcavadora-rhinoceros-model-minipincher-retroexcavadora-autopropulsada\/#primaryimage"},"image":{"@id":"https:\/\/tallershidrasol.com\/ca\/producte\/miniexcavadora-rhinoceros-model-minipincher-retroexcavadora-autopropulsada\/#primaryimage"},"thumbnailUrl":"https:\/\/tallershidrasol.com\/wp-content\/uploads\/2025\/07\/mini-excavadora-hidraulica-135-hp2.jpg","datePublished":"2025-07-28T09:58:48+00:00","dateModified":"2025-08-26T12:49:10+00:00","breadcrumb":{"@id":"https:\/\/tallershidrasol.com\/ca\/producte\/miniexcavadora-rhinoceros-model-minipincher-retroexcavadora-autopropulsada\/#breadcrumb"},"inLanguage":"ca","potentialAction":[{"@type":"ReadAction","target":["https:\/\/tallershidrasol.com\/ca\/producte\/miniexcavadora-rhinoceros-model-minipincher-retroexcavadora-autopropulsada\/"]}]},{"@type":"ImageObject","inLanguage":"ca","@id":"https:\/\/tallershidrasol.com\/ca\/producte\/miniexcavadora-rhinoceros-model-minipincher-retroexcavadora-autopropulsada\/#primaryimage","url":"https:\/\/tallershidrasol.com\/wp-content\/uploads\/2025\/07\/mini-excavadora-hidraulica-135-hp2.jpg","contentUrl":"https:\/\/tallershidrasol.com\/wp-content\/uploads\/2025\/07\/mini-excavadora-hidraulica-135-hp2.jpg","width":1000,"height":825},{"@type":"BreadcrumbList","@id":"https:\/\/tallershidrasol.com\/ca\/producte\/miniexcavadora-rhinoceros-model-minipincher-retroexcavadora-autopropulsada\/#breadcrumb","itemListElement":[{"@type":"ListItem","position":1,"name":"Portada","item":"https:\/\/tallershidrasol.com\/ca\/tallers-hidrasol-manteniments-industrials-hidraulica-soldadura\/"},{"@type":"ListItem","position":2,"name":"Botiga online","item":"https:\/\/tallershidrasol.com\/ca\/botiga-online\/"},{"@type":"ListItem","position":3,"name":"Miniexcavadora Rhinoceros Model Minipincher &#8211; Retroexcavadora Autopropulsada"}]},{"@type":"WebSite","@id":"https:\/\/tallershidrasol.com\/ca\/#website","url":"https:\/\/tallershidrasol.com\/ca\/","name":"Tallers Hidrasol","description":"Manteniments Industrials - Hidr\u00e0ulica - Soldadura","potentialAction":[{"@type":"SearchAction","target":{"@type":"EntryPoint","urlTemplate":"https:\/\/tallershidrasol.com\/ca\/?s={search_term_string}"},"query-input":{"@type":"PropertyValueSpecification","valueRequired":true,"valueName":"search_term_string"}}],"inLanguage":"ca"}]}},"_links":{"self":[{"href":"https:\/\/tallershidrasol.com\/ca\/wp-json\/wp\/v2\/product\/2384","targetHints":{"allow":["GET"]}}],"collection":[{"href":"https:\/\/tallershidrasol.com\/ca\/wp-json\/wp\/v2\/product"}],"about":[{"href":"https:\/\/tallershidrasol.com\/ca\/wp-json\/wp\/v2\/types\/product"}],"replies":[{"embeddable":true,"href":"https:\/\/tallershidrasol.com\/ca\/wp-json\/wp\/v2\/comments?post=2384"}],"wp:featuredmedia":[{"embeddable":true,"href":"https:\/\/tallershidrasol.com\/ca\/wp-json\/wp\/v2\/media\/1196"}],"wp:attachment":[{"href":"https:\/\/tallershidrasol.com\/ca\/wp-json\/wp\/v2\/media?parent=2384"}],"wp:term":[{"taxonomy":"product_brand","embeddable":true,"href":"https:\/\/tallershidrasol.com\/ca\/wp-json\/wp\/v2\/product_brand?post=2384"},{"taxonomy":"product_cat","embeddable":true,"href":"https:\/\/tallershidrasol.com\/ca\/wp-json\/wp\/v2\/product_cat?post=2384"},{"taxonomy":"product_tag","embeddable":true,"href":"https:\/\/tallershidrasol.com\/ca\/wp-json\/wp\/v2\/product_tag?post=2384"}],"curies":[{"name":"wp","href":"https:\/\/api.w.org\/{rel}","templated":true}]}}