{"id":2392,"date":"2025-07-24T14:08:12","date_gmt":"2025-07-24T12:08:12","guid":{"rendered":"https:\/\/tallershidrasol.com\/producte\/trituradora-atacama-presa-de-forca-per-a-tractor\/"},"modified":"2025-08-26T14:52:57","modified_gmt":"2025-08-26T12:52:57","slug":"trituradora-atacama-presa-de-forca-per-a-tractor","status":"publish","type":"product","link":"https:\/\/tallershidrasol.com\/ca\/producte\/trituradora-atacama-presa-de-forca-per-a-tractor\/","title":{"rendered":"Trituradora Atacama &#8211; Presa de for\u00e7a per a tractor"},"content":{"rendered":"<h2 data-start=\"167\" data-end=\"211\"><strong data-start=\"167\" data-end=\"209\">Resist\u00e8ncia i precisi\u00f3 a cada passada<\/strong><\/h2>\n<p data-start=\"213\" data-end=\"568\">La <strong data-start=\"216\" data-end=\"257\">Trituradora fixa de martells ATACAMA<\/strong> \u00e9s la soluci\u00f3 perfecta per a treballs hort\u00edcoles, manteniment d&#8217;hivernacles i neteja de terrenys amb herba i petites branques. Dissenyada especialment per a <strong data-start=\"418\" data-end=\"471\">tractors de petita pot\u00e8ncia (a partir de 10HP),<\/strong> combina<strong data-start=\"481\" data-end=\"534\"> resist\u00e8ncia, fiabilitat i un rendiment superior,<\/strong> fins i tot en espais redu\u00efts. <\/p>\n<p data-start=\"570\" data-end=\"871\">La seva estructura, fabricada amb <strong data-start=\"598\" data-end=\"635\">xapa d&#8217;acer de primera qualitat<\/strong>, plegada amb CNC i amb <strong data-start=\"658\" data-end=\"682\">soldadura robotitzada<\/strong>, assegura una m\u00e0quina s\u00f2lida i duradora. A m\u00e9s, les <strong data-start=\"735\" data-end=\"772\">fulles dobles d&#8217;acer forjat<\/strong> garanteixen un treball efica\u00e7, oferint un tall net i consistent en tota mena de terrenys. <\/p>\n<h4 data-start=\"873\" data-end=\"905\"><strong data-start=\"878\" data-end=\"903\">Avantatges principals:<\/strong><\/h4>\n<ul data-start=\"906\" data-end=\"1270\">\n<li data-start=\"906\" data-end=\"980\">\n<p data-start=\"908\" data-end=\"980\"><strong data-start=\"908\" data-end=\"939\">Fulles dobles refor\u00e7ades:<\/strong> alt rendiment i m\u00e9s durabilitat.<\/p>\n<\/li>\n<li data-start=\"981\" data-end=\"1060\">\n<p data-start=\"983\" data-end=\"1060\"><strong data-start=\"983\" data-end=\"1005\">Patins regulables:<\/strong> ajusta l&#8217;al\u00e7ada segons les necessitats del terreny.<\/p>\n<\/li>\n<li data-start=\"1061\" data-end=\"1128\">\n<p data-start=\"1063\" data-end=\"1128\"><strong data-start=\"1063\" data-end=\"1093\">Corretges de primera qualitat:<\/strong> transmissi\u00f3 eficient i fiable.<\/p>\n<\/li>\n<li data-start=\"1129\" data-end=\"1207\">\n<p data-start=\"1131\" data-end=\"1207\"><strong data-start=\"1131\" data-end=\"1169\">Grup de fosa amb roda lliure: <\/strong>seguretat i resist\u00e8ncia millorades.<\/p>\n<\/li>\n<li data-start=\"1208\" data-end=\"1270\">\n<p data-start=\"1210\" data-end=\"1270\"><strong data-start=\"1210\" data-end=\"1229\">Cardan incl\u00f2s:<\/strong> instal\u00b7laci\u00f3 r\u00e0pida i llesta per utilitzar.<\/p>\n<\/li>\n<\/ul>\n<p data-start=\"1272\" data-end=\"1402\"><strong data-start=\"1272\" data-end=\"1400\">La Trituradora Atacama \u00e9s la teva aliada ideal si busques pot\u00e8ncia, durabilitat i un acabat professional a les teves labors agr\u00edcoles.<\/strong><\/p>\n<h4 data-start=\"1020\" data-end=\"1052\"><strong data-start=\"1025\" data-end=\"1050\">Informaci\u00f3 adicional:<\/strong><\/h4>\n<ul>\n<li><strong>Ample<\/strong>: 920 mm<\/li>\n<li><strong>Al\u00e7ada<\/strong> 950mm<\/li>\n<li><strong>Corretges<\/strong>: 3<\/li>\n<li><strong>PTO<\/strong>: 540<\/li>\n<li><strong>Rotor<\/strong>: 108<\/li>\n<\/ul>\n<p data-start=\"1430\" data-end=\"1538\">\n","protected":false},"excerpt":{"rendered":"<p>Trituradora ideal per a herba, espais verds, hort i hivernacles<\/p>\n","protected":false},"featured_media":1151,"comment_status":"open","ping_status":"closed","template":"","meta":[],"product_brand":[770,768],"product_cat":[420,425],"product_tag":[],"class_list":{"0":"post-2392","1":"product","2":"type-product","3":"status-publish","4":"has-post-thumbnail","6":"product_brand-atacama-ca","7":"product_brand-zeppelin-ca","8":"product_cat-maquinaria-agricola-ca","9":"product_cat-trituradora-ca","11":"first","12":"instock","13":"featured","14":"taxable","15":"shipping-taxable","16":"purchasable","17":"product-type-variable"},"yoast_head":"<!-- This site is optimized with the Yoast SEO plugin v25.6 - https:\/\/yoast.com\/wordpress\/plugins\/seo\/ -->\n<title>Trituradora Atacama - Presa de for\u00e7a per a tractor - Tallers Hidrasol<\/title>\n<meta name=\"robots\" content=\"index, follow, max-snippet:-1, max-image-preview:large, max-video-preview:-1\" \/>\n<link rel=\"canonical\" href=\"https:\/\/tallershidrasol.com\/ca\/producte\/trituradora-atacama-presa-de-forca-per-a-tractor\/\" \/>\n<meta property=\"og:locale\" content=\"ca_ES\" \/>\n<meta property=\"og:type\" content=\"article\" \/>\n<meta property=\"og:title\" content=\"Trituradora Atacama - Presa de for\u00e7a per a tractor - Tallers Hidrasol\" \/>\n<meta property=\"og:description\" content=\"Trituradora ideal per a herba, espais verds, hort i hivernacles\" \/>\n<meta property=\"og:url\" content=\"https:\/\/tallershidrasol.com\/ca\/producte\/trituradora-atacama-presa-de-forca-per-a-tractor\/\" \/>\n<meta property=\"og:site_name\" content=\"Tallers Hidrasol\" \/>\n<meta property=\"article:modified_time\" content=\"2025-08-26T12:52:57+00:00\" \/>\n<meta property=\"og:image\" content=\"https:\/\/tallershidrasol.com\/wp-content\/uploads\/2025\/07\/atacama-mza-850-mm.jpg\" \/>\n\t<meta property=\"og:image:width\" content=\"1000\" \/>\n\t<meta property=\"og:image:height\" content=\"825\" \/>\n\t<meta property=\"og:image:type\" content=\"image\/jpeg\" \/>\n<meta name=\"twitter:card\" content=\"summary_large_image\" \/>\n<meta name=\"twitter:label1\" content=\"Temps estimat de lectura\" \/>\n\t<meta name=\"twitter:data1\" content=\"1 minut\" \/>\n<script type=\"application\/ld+json\" class=\"yoast-schema-graph\">{\"@context\":\"https:\/\/schema.org\",\"@graph\":[{\"@type\":\"WebPage\",\"@id\":\"https:\/\/tallershidrasol.com\/ca\/producte\/trituradora-atacama-presa-de-forca-per-a-tractor\/\",\"url\":\"https:\/\/tallershidrasol.com\/ca\/producte\/trituradora-atacama-presa-de-forca-per-a-tractor\/\",\"name\":\"Trituradora Atacama - Presa de for\u00e7a per a tractor - Tallers Hidrasol\",\"isPartOf\":{\"@id\":\"https:\/\/tallershidrasol.com\/ca\/#website\"},\"primaryImageOfPage\":{\"@id\":\"https:\/\/tallershidrasol.com\/ca\/producte\/trituradora-atacama-presa-de-forca-per-a-tractor\/#primaryimage\"},\"image\":{\"@id\":\"https:\/\/tallershidrasol.com\/ca\/producte\/trituradora-atacama-presa-de-forca-per-a-tractor\/#primaryimage\"},\"thumbnailUrl\":\"https:\/\/tallershidrasol.com\/wp-content\/uploads\/2025\/07\/atacama-mza-850-mm.jpg\",\"datePublished\":\"2025-07-24T12:08:12+00:00\",\"dateModified\":\"2025-08-26T12:52:57+00:00\",\"breadcrumb\":{\"@id\":\"https:\/\/tallershidrasol.com\/ca\/producte\/trituradora-atacama-presa-de-forca-per-a-tractor\/#breadcrumb\"},\"inLanguage\":\"ca\",\"potentialAction\":[{\"@type\":\"ReadAction\",\"target\":[\"https:\/\/tallershidrasol.com\/ca\/producte\/trituradora-atacama-presa-de-forca-per-a-tractor\/\"]}]},{\"@type\":\"ImageObject\",\"inLanguage\":\"ca\",\"@id\":\"https:\/\/tallershidrasol.com\/ca\/producte\/trituradora-atacama-presa-de-forca-per-a-tractor\/#primaryimage\",\"url\":\"https:\/\/tallershidrasol.com\/wp-content\/uploads\/2025\/07\/atacama-mza-850-mm.jpg\",\"contentUrl\":\"https:\/\/tallershidrasol.com\/wp-content\/uploads\/2025\/07\/atacama-mza-850-mm.jpg\",\"width\":1000,\"height\":825},{\"@type\":\"BreadcrumbList\",\"@id\":\"https:\/\/tallershidrasol.com\/ca\/producte\/trituradora-atacama-presa-de-forca-per-a-tractor\/#breadcrumb\",\"itemListElement\":[{\"@type\":\"ListItem\",\"position\":1,\"name\":\"Portada\",\"item\":\"https:\/\/tallershidrasol.com\/ca\/tallers-hidrasol-manteniments-industrials-hidraulica-soldadura\/\"},{\"@type\":\"ListItem\",\"position\":2,\"name\":\"Botiga online\",\"item\":\"https:\/\/tallershidrasol.com\/ca\/botiga-online\/\"},{\"@type\":\"ListItem\",\"position\":3,\"name\":\"Trituradora Atacama &#8211; Presa de for\u00e7a per a tractor\"}]},{\"@type\":\"WebSite\",\"@id\":\"https:\/\/tallershidrasol.com\/ca\/#website\",\"url\":\"https:\/\/tallershidrasol.com\/ca\/\",\"name\":\"Tallers Hidrasol\",\"description\":\"Manteniments Industrials - Hidr\u00e0ulica - Soldadura\",\"potentialAction\":[{\"@type\":\"SearchAction\",\"target\":{\"@type\":\"EntryPoint\",\"urlTemplate\":\"https:\/\/tallershidrasol.com\/ca\/?s={search_term_string}\"},\"query-input\":{\"@type\":\"PropertyValueSpecification\",\"valueRequired\":true,\"valueName\":\"search_term_string\"}}],\"inLanguage\":\"ca\"}]}<\/script>\n<!-- \/ Yoast SEO plugin. -->","yoast_head_json":{"title":"Trituradora Atacama - Presa de for\u00e7a per a tractor - Tallers Hidrasol","robots":{"index":"index","follow":"follow","max-snippet":"max-snippet:-1","max-image-preview":"max-image-preview:large","max-video-preview":"max-video-preview:-1"},"canonical":"https:\/\/tallershidrasol.com\/ca\/producte\/trituradora-atacama-presa-de-forca-per-a-tractor\/","og_locale":"ca_ES","og_type":"article","og_title":"Trituradora Atacama - Presa de for\u00e7a per a tractor - Tallers Hidrasol","og_description":"Trituradora ideal per a herba, espais verds, hort i hivernacles","og_url":"https:\/\/tallershidrasol.com\/ca\/producte\/trituradora-atacama-presa-de-forca-per-a-tractor\/","og_site_name":"Tallers Hidrasol","article_modified_time":"2025-08-26T12:52:57+00:00","og_image":[{"width":1000,"height":825,"url":"https:\/\/tallershidrasol.com\/wp-content\/uploads\/2025\/07\/atacama-mza-850-mm.jpg","type":"image\/jpeg"}],"twitter_card":"summary_large_image","twitter_misc":{"Temps estimat de lectura":"1 minut"},"schema":{"@context":"https:\/\/schema.org","@graph":[{"@type":"WebPage","@id":"https:\/\/tallershidrasol.com\/ca\/producte\/trituradora-atacama-presa-de-forca-per-a-tractor\/","url":"https:\/\/tallershidrasol.com\/ca\/producte\/trituradora-atacama-presa-de-forca-per-a-tractor\/","name":"Trituradora Atacama - Presa de for\u00e7a per a tractor - Tallers Hidrasol","isPartOf":{"@id":"https:\/\/tallershidrasol.com\/ca\/#website"},"primaryImageOfPage":{"@id":"https:\/\/tallershidrasol.com\/ca\/producte\/trituradora-atacama-presa-de-forca-per-a-tractor\/#primaryimage"},"image":{"@id":"https:\/\/tallershidrasol.com\/ca\/producte\/trituradora-atacama-presa-de-forca-per-a-tractor\/#primaryimage"},"thumbnailUrl":"https:\/\/tallershidrasol.com\/wp-content\/uploads\/2025\/07\/atacama-mza-850-mm.jpg","datePublished":"2025-07-24T12:08:12+00:00","dateModified":"2025-08-26T12:52:57+00:00","breadcrumb":{"@id":"https:\/\/tallershidrasol.com\/ca\/producte\/trituradora-atacama-presa-de-forca-per-a-tractor\/#breadcrumb"},"inLanguage":"ca","potentialAction":[{"@type":"ReadAction","target":["https:\/\/tallershidrasol.com\/ca\/producte\/trituradora-atacama-presa-de-forca-per-a-tractor\/"]}]},{"@type":"ImageObject","inLanguage":"ca","@id":"https:\/\/tallershidrasol.com\/ca\/producte\/trituradora-atacama-presa-de-forca-per-a-tractor\/#primaryimage","url":"https:\/\/tallershidrasol.com\/wp-content\/uploads\/2025\/07\/atacama-mza-850-mm.jpg","contentUrl":"https:\/\/tallershidrasol.com\/wp-content\/uploads\/2025\/07\/atacama-mza-850-mm.jpg","width":1000,"height":825},{"@type":"BreadcrumbList","@id":"https:\/\/tallershidrasol.com\/ca\/producte\/trituradora-atacama-presa-de-forca-per-a-tractor\/#breadcrumb","itemListElement":[{"@type":"ListItem","position":1,"name":"Portada","item":"https:\/\/tallershidrasol.com\/ca\/tallers-hidrasol-manteniments-industrials-hidraulica-soldadura\/"},{"@type":"ListItem","position":2,"name":"Botiga online","item":"https:\/\/tallershidrasol.com\/ca\/botiga-online\/"},{"@type":"ListItem","position":3,"name":"Trituradora Atacama &#8211; Presa de for\u00e7a per a tractor"}]},{"@type":"WebSite","@id":"https:\/\/tallershidrasol.com\/ca\/#website","url":"https:\/\/tallershidrasol.com\/ca\/","name":"Tallers Hidrasol","description":"Manteniments Industrials - Hidr\u00e0ulica - Soldadura","potentialAction":[{"@type":"SearchAction","target":{"@type":"EntryPoint","urlTemplate":"https:\/\/tallershidrasol.com\/ca\/?s={search_term_string}"},"query-input":{"@type":"PropertyValueSpecification","valueRequired":true,"valueName":"search_term_string"}}],"inLanguage":"ca"}]}},"_links":{"self":[{"href":"https:\/\/tallershidrasol.com\/ca\/wp-json\/wp\/v2\/product\/2392","targetHints":{"allow":["GET"]}}],"collection":[{"href":"https:\/\/tallershidrasol.com\/ca\/wp-json\/wp\/v2\/product"}],"about":[{"href":"https:\/\/tallershidrasol.com\/ca\/wp-json\/wp\/v2\/types\/product"}],"replies":[{"embeddable":true,"href":"https:\/\/tallershidrasol.com\/ca\/wp-json\/wp\/v2\/comments?post=2392"}],"wp:featuredmedia":[{"embeddable":true,"href":"https:\/\/tallershidrasol.com\/ca\/wp-json\/wp\/v2\/media\/1151"}],"wp:attachment":[{"href":"https:\/\/tallershidrasol.com\/ca\/wp-json\/wp\/v2\/media?parent=2392"}],"wp:term":[{"taxonomy":"product_brand","embeddable":true,"href":"https:\/\/tallershidrasol.com\/ca\/wp-json\/wp\/v2\/product_brand?post=2392"},{"taxonomy":"product_cat","embeddable":true,"href":"https:\/\/tallershidrasol.com\/ca\/wp-json\/wp\/v2\/product_cat?post=2392"},{"taxonomy":"product_tag","embeddable":true,"href":"https:\/\/tallershidrasol.com\/ca\/wp-json\/wp\/v2\/product_tag?post=2392"}],"curies":[{"name":"wp","href":"https:\/\/api.w.org\/{rel}","templated":true}]}}